{"id":3109,"date":"2017-02-22T14:23:51","date_gmt":"2017-02-22T12:23:51","guid":{"rendered":"http:\/\/extrahot-bordercollies.de\/?page_id=3109"},"modified":"2019-08-12T22:51:46","modified_gmt":"2019-08-12T20:51:46","slug":"paige-sport","status":"publish","type":"page","link":"https:\/\/extrahot-bordercollies.de\/?page_id=3109","title":{"rendered":"Paige Sport"},"content":{"rendered":"<p>[av_one_third first min_height=&#8220; vertical_alignment=&#8220; space=&#8220; custom_margin=&#8220; margin=&#8217;0px&#8216; padding=&#8217;0px&#8216; border=&#8220; border_color=&#8220; radius=&#8217;0px&#8216; background_color=&#8220; src=&#8220; background_position=&#8217;top left&#8216; background_repeat=&#8217;no-repeat&#8216; animation=&#8220; mobile_display=&#8220;]<\/p>\n<p>[av_textblock size=&#8220; font_color=&#8220; color=&#8220;]<br \/>\nDer Plan f\u00fcr 2019 war zu sehen, wie wir uns in C schlagen&#8230; und Paige konnte vollkommen \u00fcberzeugen!<br \/>\nIn nur 7 Pr\u00fcfungen hatten wir alle 4 Qualis beisammen und d\u00fcrfen ab Oktober in <strong>Championship C<\/strong> starten!<br \/>\n[\/av_textblock]<\/p>\n<p>[\/av_one_third][av_one_third min_height=&#8220; vertical_alignment=&#8220; space=&#8220; custom_margin=&#8220; margin=&#8217;0px&#8216; padding=&#8217;0px&#8216; border=&#8220; border_color=&#8220; radius=&#8217;0px&#8216; background_color=&#8220; src=&#8220; background_position=&#8217;top left&#8216; background_repeat=&#8217;no-repeat&#8216; animation=&#8220; mobile_display=&#8220;]<br \/>\n[av_image src=&#8217;http:\/\/extrahot-bordercollies.de\/wp-content\/uploads\/2017\/02\/20181223_12-01-05-2-300&#215;200.jpg&#8216; attachment=&#8217;3288&#8242; attachment_size=&#8217;medium&#8216; align=&#8217;center&#8216; styling=&#8220; hover=&#8220; link=&#8220; target=&#8220; caption=&#8220; font_size=&#8220; appearance=&#8220; overlay_opacity=&#8217;0.4&#8242; overlay_color=&#8217;#000000&#8242; overlay_text_color=&#8217;#ffffff&#8216; animation=&#8217;no-animation&#8216;][\/av_image]<br \/>\n[\/av_one_third]<\/p>\n<p>[av_one_third min_height=&#8220; vertical_alignment=&#8220; space=&#8220; custom_margin=&#8220; margin=&#8217;0px&#8216; padding=&#8217;0px&#8216; border=&#8220; border_color=&#8220; radius=&#8217;0px&#8216; background_color=&#8220; src=&#8220; background_position=&#8217;top left&#8216; background_repeat=&#8217;no-repeat&#8216; animation=&#8220; mobile_display=&#8220;]<br \/>\n[av_image src=&#8217;http:\/\/extrahot-bordercollies.de\/wp-content\/uploads\/2017\/02\/IMG_2205-300&#215;225.jpg&#8216; attachment=&#8217;3291&#8242; attachment_size=&#8217;medium&#8216; align=&#8217;center&#8216; styling=&#8220; hover=&#8220; link=&#8220; target=&#8220; caption=&#8220; font_size=&#8220; appearance=&#8220; overlay_opacity=&#8217;0.4&#8242; overlay_color=&#8217;#000000&#8242; overlay_text_color=&#8217;#ffffff&#8216; animation=&#8217;no-animation&#8216;][\/av_image]<br \/>\n[\/av_one_third]<\/p>\n<p>[av_one_full first min_height=&#8220; vertical_alignment=&#8220; space=&#8220; custom_margin=&#8220; margin=&#8217;0px&#8216; padding=&#8217;0px&#8216; border=&#8220; border_color=&#8220; radius=&#8217;0px&#8216; background_color=&#8220; src=&#8220; background_position=&#8217;top left&#8216; background_repeat=&#8217;no-repeat&#8216; animation=&#8220; mobile_display=&#8220;]<br \/>\n[av_textblock size=&#8220; font_color=&#8220; color=&#8220;]<br \/>\n<strong>Update April 2019<\/strong><\/p>\n<p>Wow! Ich k\u00f6nnte nicht gl\u00fccklicher sein wie sich Paige entwickelt hat. Sie ist ihrer Mama Spicy teilweise sehr \u00e4hnlich und doch manchmal ganz anders &#8211; daher habe ich wirklich ein wenig gebraucht um mich gut auf sie einzustellen.<\/p>\n<p>Seit August 2017 starten wir nun auf Shows und Paige&#8217;s Ergebnisse k\u00f6nnen sich sehen lassen. Sie zeigt sich unter Pr\u00fcfungsatmosph\u00e4re absolut cool und die Leistungen aus dem Training sind stets abrufbereit.<\/p>\n<p><strong>Novice:<\/strong><\/p>\n<p>20\/08\/17 Ditton Championship Show\u00a0<strong>1.Platz<\/strong><br \/>\n<strong><br \/>\n<\/strong>Hier der Richterbericht:<strong><br \/>\n<\/strong><\/p>\n<p><em>1st. DOMINIQUE GUENTHER with her fabulous youngster, EXTRA HOT BIRIBI B.C.<\/em><br \/>\n<em>Just turned 2 years old and showing such strength and knowledge \u2013 this young bitch has a very bright future in front of her. Had to run off for this position and, if anything, the run off was even better than the original round. Had a bit of a wiggly rear end to start off with but settled into her work to produce an awesome round. Just fabulous Dominique, I wish you every success with her.<\/em><\/p>\n<p>04\/11\/17 Holl\u00e4ndische Meisterschaften Obedience\u00a0<strong>1.Platz<\/strong><\/p>\n<p>Richterbericht:<\/p>\n<p><em>1st No 22 EXTRA HOT BIRIBI (Border Collie) with Dominique Gunther<\/em><br \/>\n<em>This team worked together in perfect harmony, unfussy and a pleasure to judge. Both exuded confidence in each other and should do well in the higher classes. Just beware of the occasional drifting. Congratulations on you win. Well done Dominique and Good Luck for the future.<\/em><\/p>\n<p><strong>Class A:\u00a0<\/strong><\/p>\n<p>22\/07\/18 North West Kent Open Show\u00a0<strong>1.Platz<\/strong><\/p>\n<p>03\/11\/18 Holl\u00e4ndische Meisterschaften Obedience\u00a0<strong>1.Platz<\/strong><\/p>\n<p>Richterbericht:<\/p>\n<div><em>1<sup>st<\/sup> Dominique G\u00fcnther with Extra Hot Biribi BC\u2013 Paige<\/em><\/div>\n<div><em><span class=\"fs10lh1-5 ff1\">An absolute outstanding round of heelwork from this pairing; this team really attacked the round Domini\u2019s handling left nothing to chance and they produced a stunning round. \u00a0Even the blip in scent couldn\u2019t keep them from the top spot. \u00a0Well Done and the very best of luck for the future.<\/span><\/em><\/div>\n<div><\/div>\n<div>\n<p><strong>Class B:<\/strong><\/p>\n<p>&nbsp;<\/p>\n<\/div>\n<div><\/div>\n<div><\/div>\n<div>\n<p>17\/06\/18 Essen Obedience Show\u00a0<strong>1.Platz<\/strong><\/p>\n<p>03\/11\/18 Holl\u00e4ndische Meisterschaften Obedience\u00a0<strong>1.Platz<br \/>\n<\/strong><\/p>\n<\/div>\n<div><\/div>\n<div><\/div>\n<div>Richterbericht:<\/div>\n<div><\/div>\n<div><em>1<sup>st<\/sup> Dominique G\u00fcnther with with Extra Hot Biribi BC Paige &#8211; Fresh from winning A this morning. \u00a0This team floated around the ring, teamwork at its very best. \u00a0It was a pleasure to award you first place \u2013 Certainly a team that should go far.<\/em><\/div>\n<div><\/div>\n<div><\/div>\n<div><\/div>\n<p>[\/av_textblock]<br \/>\n[\/av_one_full]<\/p>\n<p>[av_hr class=&#8217;default&#8216; height=&#8217;50&#8216; shadow=&#8217;no-shadow&#8216; position=&#8217;center&#8216; custom_border=&#8217;av-border-thin&#8216; custom_width=&#8217;50px&#8216; custom_border_color=&#8220; custom_margin_top=&#8217;30px&#8216; custom_margin_bottom=&#8217;30px&#8216; icon_select=&#8217;yes&#8216; custom_icon_color=&#8220; icon=&#8217;ue808&#8242;]<\/p>\n<p>[av_one_full first min_height=&#8220; vertical_alignment=&#8220; space=&#8220; custom_margin=&#8220; margin=&#8217;0px&#8216; padding=&#8217;0px&#8216; border=&#8220; border_color=&#8220; radius=&#8217;0px&#8216; background_color=&#8220; src=&#8220; background_position=&#8217;top left&#8216; background_repeat=&#8217;no-repeat&#8216; animation=&#8220; mobile_display=&#8220;]<br \/>\n[av_textblock size=&#8220; font_color=&#8220; color=&#8220;]<br \/>\nDas Training mit Paige macht riesig Spa\u00df! Sie ist butterweich zu trainieren und dabei trotzdem kritikbereit. Frust ertr\u00e4gt sie ihrem Alter entsprechend wirklich gut und sie l\u00e4sst sich super shapen, bleibt dabei immer ansprechbar ohne hochzudrehen. \u00a0Sie ist die absolute Teamspielerin und kann gut unter Ablenkung arbeiten.<\/p>\n<p>Ich habe mir bewusst viel Zeit gelassen um eine solide Basis zu schaffen. Einerseits weil sie viel Zeit f\u00fcr die k\u00f6rperliche Entwicklung gebraucht hat, andererseits reicht es mir vollkommen, wenn sie mit 2 Jahren bereit f\u00fcr die ersten Starts ist.<br \/>\nIch lege viel Wert auf Details bei ihrer Ausbildung, damit sie die \u00dcbungen wirklich verstehen kann und noch nie hat mir die Detailarbeit mit einem meiner Hunde soviel Spa\u00df gemacht. Paige saugt alles was man ihr zeigt auf wie ein Schwamm.<br \/>\nMomentan setze ich alle \u00dcbungen zusammen, arbeite an der Ausdauer bei der Fu\u00dfarbeit ohne dass sie h\u00fcpfig wird und bereite f\u00fcr den Ring vor.<\/p>\n<p>Geplant sind f\u00fcr das Fr\u00fchjahr erste Trainingsrunden und ich bin sehr gespannt, wie sie sich unter Pr\u00fcfungsatmosph\u00e4re zeigt!<br \/>\n[\/av_textblock]<br \/>\n[\/av_one_full]<\/p>\n<p>[av_one_half first min_height=&#8220; vertical_alignment=&#8220; space=&#8220; custom_margin=&#8220; margin=&#8217;0px&#8216; padding=&#8217;0px&#8216; border=&#8220; border_color=&#8220; radius=&#8217;0px&#8216; background_color=&#8220; src=&#8220; background_position=&#8217;top left&#8216; background_repeat=&#8217;no-repeat&#8216; animation=&#8220; mobile_display=&#8220;]<br \/>\n[av_image src=&#8217;http:\/\/extrahot-bordercollies.de\/wp-content\/uploads\/2017\/02\/20160227_122600-e1487765439219-249&#215;300.jpg&#8216; attachment=&#8217;3126&#8242; attachment_size=&#8217;medium&#8216; align=&#8217;center&#8216; styling=&#8220; hover=&#8220; link=&#8220; target=&#8220; caption=&#8220; font_size=&#8220; appearance=&#8220; overlay_opacity=&#8217;0.4&#8242; overlay_color=&#8217;#000000&#8242; overlay_text_color=&#8217;#ffffff&#8216; animation=&#8217;no-animation&#8216;][\/av_image]<br \/>\n[\/av_one_half]<\/p>\n<p>[av_one_half min_height=&#8220; vertical_alignment=&#8220; space=&#8220; custom_margin=&#8220; margin=&#8217;0px&#8216; padding=&#8217;0px&#8216; border=&#8220; border_color=&#8220; radius=&#8217;0px&#8216; background_color=&#8220; src=&#8220; background_position=&#8217;top left&#8216; background_repeat=&#8217;no-repeat&#8216; animation=&#8220; mobile_display=&#8220;]<br \/>\n[av_image src=&#8217;http:\/\/extrahot-bordercollies.de\/wp-content\/uploads\/2017\/02\/20160227_122923-300&#215;200.jpg&#8216; attachment=&#8217;3127&#8242; attachment_size=&#8217;medium&#8216; align=&#8217;center&#8216; styling=&#8220; hover=&#8220; link=&#8220; target=&#8220; caption=&#8220; font_size=&#8220; appearance=&#8220; overlay_opacity=&#8217;0.4&#8242; overlay_color=&#8217;#000000&#8242; overlay_text_color=&#8217;#ffffff&#8216; animation=&#8217;no-animation&#8216;][\/av_image]<br \/>\n[\/av_one_half]<\/p>\n","protected":false},"excerpt":{"rendered":"<p>[av_one_third first min_height=&#8220; vertical_alignment=&#8220; space=&#8220; custom_margin=&#8220; margin=&#8217;0px&#8216; padding=&#8217;0px&#8216; border=&#8220; border_color=&#8220; radius=&#8217;0px&#8216; background_color=&#8220; src=&#8220; background_position=&#8217;top left&#8216; background_repeat=&#8217;no-repeat&#8216; animation=&#8220; mobile_display=&#8220;] [av_textblock size=&#8220; font_color=&#8220; color=&#8220;] Der Plan f\u00fcr 2019 war zu sehen, wie wir uns in C schlagen&#8230; und Paige konnte vollkommen \u00fcberzeugen! In nur 7 Pr\u00fcfungen hatten wir alle 4 Qualis beisammen und d\u00fcrfen ab Oktober in [&hellip;]<\/p>\n","protected":false},"author":3,"featured_media":0,"parent":2953,"menu_order":2,"comment_status":"closed","ping_status":"closed","template":"","meta":{"footnotes":""},"class_list":["post-3109","page","type-page","status-publish","hentry"],"_links":{"self":[{"href":"https:\/\/extrahot-bordercollies.de\/index.php?rest_route=\/wp\/v2\/pages\/3109","targetHints":{"allow":["GET"]}}],"collection":[{"href":"https:\/\/extrahot-bordercollies.de\/index.php?rest_route=\/wp\/v2\/pages"}],"about":[{"href":"https:\/\/extrahot-bordercollies.de\/index.php?rest_route=\/wp\/v2\/types\/page"}],"author":[{"embeddable":true,"href":"https:\/\/extrahot-bordercollies.de\/index.php?rest_route=\/wp\/v2\/users\/3"}],"replies":[{"embeddable":true,"href":"https:\/\/extrahot-bordercollies.de\/index.php?rest_route=%2Fwp%2Fv2%2Fcomments&post=3109"}],"version-history":[{"count":7,"href":"https:\/\/extrahot-bordercollies.de\/index.php?rest_route=\/wp\/v2\/pages\/3109\/revisions"}],"predecessor-version":[{"id":3318,"href":"https:\/\/extrahot-bordercollies.de\/index.php?rest_route=\/wp\/v2\/pages\/3109\/revisions\/3318"}],"up":[{"embeddable":true,"href":"https:\/\/extrahot-bordercollies.de\/index.php?rest_route=\/wp\/v2\/pages\/2953"}],"wp:attachment":[{"href":"https:\/\/extrahot-bordercollies.de\/index.php?rest_route=%2Fwp%2Fv2%2Fmedia&parent=3109"}],"curies":[{"name":"wp","href":"https:\/\/api.w.org\/{rel}","templated":true}]}}