{"id":2953,"date":"2016-12-14T10:53:15","date_gmt":"2016-12-14T08:53:15","guid":{"rendered":"http:\/\/extrahot-bordercollies.de\/?page_id=2953"},"modified":"2019-04-21T15:38:07","modified_gmt":"2019-04-21T13:38:07","slug":"paige","status":"publish","type":"page","link":"https:\/\/extrahot-bordercollies.de\/?page_id=2953","title":{"rendered":"Paige"},"content":{"rendered":"<p>[av_one_third first min_height=&#8220; vertical_alignment=&#8220; space=&#8220; custom_margin=&#8220; margin=&#8217;0px&#8216; padding=&#8217;0px&#8216; border=&#8220; border_color=&#8220; radius=&#8217;0px&#8216; background_color=&#8220; src=&#8220; background_position=&#8217;top left&#8216; background_repeat=&#8217;no-repeat&#8216; animation=&#8220; mobile_display=&#8220;]<br \/>\n[av_image src=&#8217;http:\/\/extrahot-bordercollies.de\/wp-content\/uploads\/2016\/12\/20161029_123907-300&#215;200.jpg&#8216; attachment=&#8217;2968&#8242; attachment_size=&#8217;medium&#8216; align=&#8217;center&#8216; styling=&#8220; hover=&#8220; link=&#8220; target=&#8220; caption=&#8220; font_size=&#8220; appearance=&#8220; overlay_opacity=&#8217;0.4&#8242; overlay_color=&#8217;#000000&#8242; overlay_text_color=&#8217;#ffffff&#8216; animation=&#8217;no-animation&#8216;][\/av_image]<\/p>\n<p>[av_hr class=&#8217;default&#8216; height=&#8217;50&#8216; shadow=&#8217;no-shadow&#8216; position=&#8217;center&#8216; custom_border=&#8217;av-border-thin&#8216; custom_width=&#8217;50px&#8216; custom_border_color=&#8220; custom_margin_top=&#8217;30px&#8216; custom_margin_bottom=&#8217;30px&#8216; icon_select=&#8217;yes&#8216; custom_icon_color=&#8220; icon=&#8217;ue808&#8242;]<\/p>\n<p>[av_textblock size=&#8220; font_color=&#8220; color=&#8220;]<\/p>\n<p style=\"text-align: center;\"><em><strong>&#8222;Your imagination is your preview of life&#8217;s coming attractions.&#8220;\u00a0<\/strong><\/em><\/p>\n<p>[\/av_textblock]<\/p>\n<p>[av_hr class=&#8217;default&#8216; height=&#8217;50&#8216; shadow=&#8217;no-shadow&#8216; position=&#8217;center&#8216; custom_border=&#8217;av-border-thin&#8216; custom_width=&#8217;50px&#8216; custom_border_color=&#8220; custom_margin_top=&#8217;30px&#8216; custom_margin_bottom=&#8217;30px&#8216; icon_select=&#8217;yes&#8216; custom_icon_color=&#8220; icon=&#8217;ue808&#8242;]<\/p>\n<p>[av_image src=&#8217;http:\/\/extrahot-bordercollies.de\/wp-content\/uploads\/2016\/12\/20161024_101214-300&#215;200.jpg&#8216; attachment=&#8217;2956&#8242; attachment_size=&#8217;medium&#8216; align=&#8217;center&#8216; styling=&#8220; hover=&#8220; link=&#8220; target=&#8220; caption=&#8220; font_size=&#8220; appearance=&#8220; overlay_opacity=&#8217;0.4&#8242; overlay_color=&#8217;#000000&#8242; overlay_text_color=&#8217;#ffffff&#8216; animation=&#8217;no-animation&#8216;][\/av_image]<br \/>\n[\/av_one_third]<\/p>\n<p>[av_one_third min_height=&#8220; vertical_alignment=&#8220; space=&#8220; custom_margin=&#8220; margin=&#8217;0px&#8216; padding=&#8217;0px&#8216; border=&#8220; border_color=&#8220; radius=&#8217;0px&#8216; background_color=&#8220; src=&#8220; background_position=&#8217;top left&#8216; background_repeat=&#8217;no-repeat&#8216; animation=&#8220; mobile_display=&#8220;]<\/p>\n<p>[av_textblock size=&#8220; font_color=&#8220; color=&#8220;]<br \/>\n<strong>Extra Hot Biribi<\/strong><\/p>\n<p><strong>&#8218;Paige&#8216;<\/strong><\/p>\n<p><strong>* 27.07.2015<\/strong><\/p>\n<p>VDH\/ZBrH BOC 19213<\/p>\n<p>H\u00fcndin, schwarz-wei\u00df-tan<\/p>\n<p>HD A1<br \/>\nED 0\/0<br \/>\nOCD frei<\/p>\n<p>frei von erblichen Augenkrankheiten 09\/15<br \/>\nDNA CEA: \u00a0 \u00a0 \u00a0N\/N frei<br \/>\nDNA GG: \u00a0 \u00a0 \u00a0 \u00a0N\/N frei<br \/>\nDNA TNS: \u00a0 \u00a0 \u00a0N\/N frei<br \/>\nDNA IGS: \u00a0 \u00a0 \u00a0 N\/N frei<br \/>\nDNA NCL: \u00a0 \u00a0 \u00a0N\/N frei<br \/>\nDNA SN: \u00a0 \u00a0 \u00a0 \u00a0 N\/N frei<br \/>\nDNA MDR 1: \u00a0+\/+ normal<\/p>\n<p>vollzahniges Scherengebiss<\/p>\n<p>51,5 cm<br \/>\n[\/av_textblock]<\/p>\n<p>[\/av_one_third][av_one_third min_height=&#8220; vertical_alignment=&#8220; space=&#8220; custom_margin=&#8220; margin=&#8217;0px&#8216; padding=&#8217;0px&#8216; border=&#8220; border_color=&#8220; radius=&#8217;0px&#8216; background_color=&#8220; src=&#8220; background_position=&#8217;top left&#8216; background_repeat=&#8217;no-repeat&#8216; animation=&#8220; mobile_display=&#8220;]<br \/>\n[av_image src=&#8217;http:\/\/extrahot-bordercollies.de\/wp-content\/uploads\/2016\/12\/20161025_154416-300&#215;200.jpg&#8216; attachment=&#8217;2963&#8242; attachment_size=&#8217;medium&#8216; align=&#8217;center&#8216; styling=&#8220; hover=&#8220; link=&#8220; target=&#8220; caption=&#8220; font_size=&#8220; appearance=&#8220; overlay_opacity=&#8217;0.4&#8242; overlay_color=&#8217;#000000&#8242; overlay_text_color=&#8217;#ffffff&#8216; animation=&#8217;no-animation&#8216;][\/av_image]<\/p>\n<p>[av_hr class=&#8217;default&#8216; height=&#8217;50&#8216; shadow=&#8217;no-shadow&#8216; position=&#8217;center&#8216; custom_border=&#8217;av-border-thin&#8216; custom_width=&#8217;50px&#8216; custom_border_color=&#8220; custom_margin_top=&#8217;30px&#8216; custom_margin_bottom=&#8217;30px&#8216; icon_select=&#8217;yes&#8216; custom_icon_color=&#8220; icon=&#8217;ue808&#8242;]<\/p>\n<p>[av_button label=&#8217;Pedigree&#8216; link=&#8217;page,3078&#8242; link_target=&#8220; size=&#8217;small&#8216; position=&#8217;center&#8216; icon_select=&#8217;no&#8216; icon=&#8217;ue800&#8242; font=&#8217;entypo-fontello&#8216; color=&#8217;theme-color&#8216; custom_bg=&#8217;#444444&#8242; custom_font=&#8217;#ffffff&#8216;]<\/p>\n<p>[av_button label=&#8217;Sport&#8216; link=&#8217;page,3109&#8242; link_target=&#8220; size=&#8217;small&#8216; position=&#8217;center&#8216; icon_select=&#8217;no&#8216; icon=&#8217;ue800&#8242; font=&#8217;entypo-fontello&#8216; color=&#8217;theme-color&#8216; custom_bg=&#8217;#444444&#8242; custom_font=&#8217;#ffffff&#8216;]<\/p>\n<p>[av_hr class=&#8217;default&#8216; height=&#8217;50&#8216; shadow=&#8217;no-shadow&#8216; position=&#8217;center&#8216; custom_border=&#8217;av-border-thin&#8216; custom_width=&#8217;50px&#8216; custom_border_color=&#8220; custom_margin_top=&#8217;30px&#8216; custom_margin_bottom=&#8217;30px&#8216; icon_select=&#8217;yes&#8216; custom_icon_color=&#8220; icon=&#8217;ue808&#8242;]<\/p>\n<p>[av_image src=&#8217;http:\/\/extrahot-bordercollies.de\/wp-content\/uploads\/2016\/12\/20161029_124422-300&#215;200.jpg&#8216; attachment=&#8217;2970&#8242; attachment_size=&#8217;medium&#8216; align=&#8217;center&#8216; styling=&#8220; hover=&#8220; link=&#8220; target=&#8220; caption=&#8220; font_size=&#8220; appearance=&#8220; overlay_opacity=&#8217;0.4&#8242; overlay_color=&#8217;#000000&#8242; overlay_text_color=&#8217;#ffffff&#8216; animation=&#8217;no-animation&#8216;][\/av_image]<br \/>\n[\/av_one_third]<\/p>\n<p>[av_hr class=&#8217;default&#8216; height=&#8217;50&#8216; shadow=&#8217;no-shadow&#8216; position=&#8217;center&#8216; custom_border=&#8217;av-border-thin&#8216; custom_width=&#8217;50px&#8216; custom_border_color=&#8220; custom_margin_top=&#8217;30px&#8216; custom_margin_bottom=&#8217;30px&#8216; icon_select=&#8217;yes&#8216; custom_icon_color=&#8220; icon=&#8217;ue808&#8242;]<\/p>\n<p>[av_one_third first min_height=&#8220; vertical_alignment=&#8220; space=&#8220; custom_margin=&#8220; margin=&#8217;0px&#8216; padding=&#8217;0px&#8216; border=&#8220; border_color=&#8220; radius=&#8217;0px&#8216; background_color=&#8220; src=&#8220; background_position=&#8217;top left&#8216; background_repeat=&#8217;no-repeat&#8216; animation=&#8220; mobile_display=&#8220;]<br \/>\n[av_image src=&#8217;http:\/\/extrahot-bordercollies.de\/wp-content\/uploads\/2016\/12\/20150727_175716-300&#215;200.jpg&#8216; attachment=&#8217;3005&#8242; attachment_size=&#8217;medium&#8216; align=&#8217;center&#8216; styling=&#8220; hover=&#8220; link=&#8220; target=&#8220; caption=&#8220; font_size=&#8220; appearance=&#8220; overlay_opacity=&#8217;0.4&#8242; overlay_color=&#8217;#000000&#8242; overlay_text_color=&#8217;#ffffff&#8216; animation=&#8217;no-animation&#8216;][\/av_image]<br \/>\n[\/av_one_third]<\/p>\n<p>[av_one_third min_height=&#8220; vertical_alignment=&#8220; space=&#8220; custom_margin=&#8220; margin=&#8217;0px&#8216; padding=&#8217;0px&#8216; border=&#8220; border_color=&#8220; radius=&#8217;0px&#8216; background_color=&#8220; src=&#8220; background_position=&#8217;top left&#8216; background_repeat=&#8217;no-repeat&#8216; animation=&#8220; mobile_display=&#8220;]<br \/>\n[av_image src=&#8217;http:\/\/extrahot-bordercollies.de\/wp-content\/uploads\/2016\/12\/20150812_103453-300&#215;200.jpg&#8216; attachment=&#8217;3006&#8242; attachment_size=&#8217;medium&#8216; align=&#8217;center&#8216; styling=&#8220; hover=&#8220; link=&#8220; target=&#8220; caption=&#8220; font_size=&#8220; appearance=&#8220; overlay_opacity=&#8217;0.4&#8242; overlay_color=&#8217;#000000&#8242; overlay_text_color=&#8217;#ffffff&#8216; animation=&#8217;no-animation&#8216;][\/av_image]<br \/>\n[\/av_one_third]<\/p>\n<p>[av_one_third min_height=&#8220; vertical_alignment=&#8220; space=&#8220; custom_margin=&#8220; margin=&#8217;0px&#8216; padding=&#8217;0px&#8216; border=&#8220; border_color=&#8220; radius=&#8217;0px&#8216; background_color=&#8220; src=&#8220; background_position=&#8217;top left&#8216; background_repeat=&#8217;no-repeat&#8216; animation=&#8220; mobile_display=&#8220;]<br \/>\n[av_image src=&#8217;http:\/\/extrahot-bordercollies.de\/wp-content\/uploads\/2016\/12\/20150821_104543-300&#215;200.jpg&#8216; attachment=&#8217;3007&#8242; attachment_size=&#8217;medium&#8216; align=&#8217;center&#8216; styling=&#8220; hover=&#8220; link=&#8220; target=&#8220; caption=&#8220; font_size=&#8220; appearance=&#8220; overlay_opacity=&#8217;0.4&#8242; overlay_color=&#8217;#000000&#8242; overlay_text_color=&#8217;#ffffff&#8216; animation=&#8217;no-animation&#8216;][\/av_image]<br \/>\n[\/av_one_third]<\/p>\n<p>[av_one_full first min_height=&#8220; vertical_alignment=&#8220; space=&#8220; custom_margin=&#8220; margin=&#8217;0px&#8216; padding=&#8217;0px&#8216; border=&#8220; border_color=&#8220; radius=&#8217;0px&#8216; background_color=&#8220; src=&#8220; background_position=&#8217;top left&#8216; background_repeat=&#8217;no-repeat&#8216; animation=&#8220; mobile_display=&#8220;]<br \/>\n[av_textblock size=&#8220; font_color=&#8220; color=&#8220;]<br \/>\nPaige kam als einzige H\u00fcndin in Spicys zweitem Wurf auf die Welt. Sie stammt aus meiner absoluten Wunschverpaarung von Spicy und dem englischen R\u00fcden Reef \u00a0(Darleyfalls No Feer) und ich habe es keine Sekunde bereut, sie behalten zu haben.<\/p>\n<p>Sie verk\u00f6rpert in jeder Hinsicht, was ich mir von meiner Spicy-Tochter erhofft und gew\u00fcnscht habe und noch ein bisschen mehr. Sie schleicht sich jeden Tag ein St\u00fcckchen weiter in unsere Herzen mit ihrer unheimlich lustigen und manchmal etwas tollpatschigen Art.<\/p>\n<p>Paige kommt sehr nach ihrem Vater Reef, den ich gl\u00fccklicherweise schon ein paar Mal treffen durfte. Ein Hund, den ich sehr sehr sch\u00e4tze und der meinem Idealbild des Border Collies sehr nahe kommt.<\/p>\n<p>Paige war im Wurf die Unauff\u00e4lligste. Ein grundsolider Welpe ohne Schnickschnack, der nicht hervorstach, weder positiv noch negativ. Wenn ich die Wahl aus mehreren H\u00fcndinnen gehabt h\u00e4tte, w\u00e4re sie vielleicht nicht geblieben und doch ist sie genau diejenige, die hier noch gefehlt hat.<br \/>\n[\/av_textblock]<br \/>\n[\/av_one_full]<\/p>\n<p>[av_one_half first min_height=&#8220; vertical_alignment=&#8220; space=&#8220; custom_margin=&#8220; margin=&#8217;0px&#8216; padding=&#8217;0px&#8216; border=&#8220; border_color=&#8220; radius=&#8217;0px&#8216; background_color=&#8220; src=&#8220; background_position=&#8217;top left&#8216; background_repeat=&#8217;no-repeat&#8216; animation=&#8220; mobile_display=&#8220;]<br \/>\n[av_image src=&#8217;http:\/\/extrahot-bordercollies.de\/wp-content\/uploads\/2016\/12\/20170126_11-43-27-300&#215;200.jpg&#8216; attachment=&#8217;3062&#8242; attachment_size=&#8217;medium&#8216; align=&#8217;center&#8216; styling=&#8220; hover=&#8220; link=&#8220; target=&#8220; caption=&#8220; font_size=&#8220; appearance=&#8220; overlay_opacity=&#8217;0.4&#8242; overlay_color=&#8217;#000000&#8242; overlay_text_color=&#8217;#ffffff&#8216; animation=&#8217;no-animation&#8216;][\/av_image]<br \/>\n[\/av_one_half]<\/p>\n<p>[av_one_half min_height=&#8220; vertical_alignment=&#8220; space=&#8220; custom_margin=&#8220; margin=&#8217;0px&#8216; padding=&#8217;0px&#8216; border=&#8220; border_color=&#8220; radius=&#8217;0px&#8216; background_color=&#8220; src=&#8220; background_position=&#8217;top left&#8216; background_repeat=&#8217;no-repeat&#8216; animation=&#8220; mobile_display=&#8220;]<br \/>\n[av_image src=&#8217;http:\/\/extrahot-bordercollies.de\/wp-content\/uploads\/2016\/12\/20170126_11-42-59-300&#215;200.jpg&#8216; attachment=&#8217;3061&#8242; attachment_size=&#8217;medium&#8216; align=&#8217;center&#8216; styling=&#8220; hover=&#8220; link=&#8220; target=&#8220; caption=&#8220; font_size=&#8220; appearance=&#8220; overlay_opacity=&#8217;0.4&#8242; overlay_color=&#8217;#000000&#8242; overlay_text_color=&#8217;#ffffff&#8216; animation=&#8217;no-animation&#8216;][\/av_image]<br \/>\n[\/av_one_half]<\/p>\n<p>[av_hr class=&#8217;default&#8216; height=&#8217;50&#8216; shadow=&#8217;no-shadow&#8216; position=&#8217;center&#8216; custom_border=&#8217;av-border-thin&#8216; custom_width=&#8217;50px&#8216; custom_border_color=&#8220; custom_margin_top=&#8217;30px&#8216; custom_margin_bottom=&#8217;30px&#8216; icon_select=&#8217;yes&#8216; custom_icon_color=&#8220; icon=&#8217;ue808&#8242;]<\/p>\n<p>[av_textblock size=&#8220; font_color=&#8220; color=&#8220;]<br \/>\nPaige hat einen tollen\u00a0Sinn f\u00fcr Humor, ist f\u00fcr jeden Spa\u00df zu haben und das Zusammenleben mit ihr ist einfach unkompliziert. Sie ist eine wunderbar ehrliche, unbeschwerte Seele!<\/p>\n<p>In Quiz hat sie eine gute Freundin und Spielkameradin gefunden und auch sonst kommt Paige mit allen Rudelmitgliedern gut klar. Sie ist das Nesth\u00e4kchen, das merkt man deutlich und vielleicht genie\u00dft sie daher einfach noch etwas mehr Toleranz. Vielleicht ist es aber auch einfach ihre nette Art, die sie gut ankommen l\u00e4sst. Normalerweise kuscheln unsere Hunde nicht untereinander und Paige ist die Einzige, die sich einfach mit ins K\u00f6rbchen kuschelt wenn schon jemand drin liegt. Da denkt sie sich nichts bei und die Anderen gucken nur verdutzt.<\/p>\n<p>Paige ist genau die Art Hund, wie ich sie gerne mag. Sie ist nicht ger\u00e4uschempfindlich, voller Lebensfreude, sanftm\u00fctig ohne zu sensibel zu sein, bodenst\u00e4ndig und unkompliziert. Ein richtiger Kumpeltyp mit dem man gerne seine Zeit verbringt.<\/p>\n<p>Ich freue mich riesig auf alle Abenteuer, die die Zukunft f\u00fcr uns bereith\u00e4lt!<br \/>\n[\/av_textblock]<\/p>\n<p>[av_one_third first min_height=&#8220; vertical_alignment=&#8220; space=&#8220; custom_margin=&#8220; margin=&#8217;0px&#8216; padding=&#8217;0px&#8216; border=&#8220; border_color=&#8220; radius=&#8217;0px&#8216; background_color=&#8220; src=&#8220; background_position=&#8217;top left&#8216; background_repeat=&#8217;no-repeat&#8216; animation=&#8220; mobile_display=&#8220;]<br \/>\n[av_image src=&#8217;http:\/\/extrahot-bordercollies.de\/wp-content\/uploads\/2016\/12\/20170126_11-41-25-300&#215;200.jpg&#8216; attachment=&#8217;3060&#8242; attachment_size=&#8217;medium&#8216; align=&#8217;center&#8216; styling=&#8220; hover=&#8220; link=&#8220; target=&#8220; caption=&#8220; font_size=&#8220; appearance=&#8220; overlay_opacity=&#8217;0.4&#8242; overlay_color=&#8217;#000000&#8242; overlay_text_color=&#8217;#ffffff&#8216; animation=&#8217;no-animation&#8216;][\/av_image]<br \/>\n[\/av_one_third]<\/p>\n<p>[av_one_third min_height=&#8220; vertical_alignment=&#8220; space=&#8220; custom_margin=&#8220; margin=&#8217;0px&#8216; padding=&#8217;0px&#8216; border=&#8220; border_color=&#8220; radius=&#8217;0px&#8216; background_color=&#8220; src=&#8220; background_position=&#8217;top left&#8216; background_repeat=&#8217;no-repeat&#8216; animation=&#8220; mobile_display=&#8220;]<br \/>\n[av_image src=&#8217;http:\/\/extrahot-bordercollies.de\/wp-content\/uploads\/2016\/12\/20170126_13-04-14-300&#215;200.jpg&#8216; attachment=&#8217;3064&#8242; attachment_size=&#8217;medium&#8216; align=&#8217;center&#8216; styling=&#8220; hover=&#8220; link=&#8220; target=&#8220; caption=&#8220; font_size=&#8220; appearance=&#8220; overlay_opacity=&#8217;0.4&#8242; overlay_color=&#8217;#000000&#8242; overlay_text_color=&#8217;#ffffff&#8216; animation=&#8217;no-animation&#8216;][\/av_image]<br \/>\n[\/av_one_third]<\/p>\n<p>[av_one_third min_height=&#8220; vertical_alignment=&#8220; space=&#8220; custom_margin=&#8220; margin=&#8217;0px&#8216; padding=&#8217;0px&#8216; border=&#8220; border_color=&#8220; radius=&#8217;0px&#8216; background_color=&#8220; src=&#8220; background_position=&#8217;top left&#8216; background_repeat=&#8217;no-repeat&#8216; animation=&#8220; mobile_display=&#8220;]<br \/>\n[av_image src=&#8217;http:\/\/extrahot-bordercollies.de\/wp-content\/uploads\/2016\/12\/20170116_13-36-23-300&#215;200.jpg&#8216; attachment=&#8217;3059&#8242; attachment_size=&#8217;medium&#8216; align=&#8217;center&#8216; styling=&#8220; hover=&#8220; link=&#8220; target=&#8220; caption=&#8220; font_size=&#8220; appearance=&#8220; overlay_opacity=&#8217;0.4&#8242; overlay_color=&#8217;#000000&#8242; overlay_text_color=&#8217;#ffffff&#8216; animation=&#8217;no-animation&#8216;][\/av_image]<br \/>\n[\/av_one_third]<\/p>\n","protected":false},"excerpt":{"rendered":"<p>[av_one_third first min_height=&#8220; vertical_alignment=&#8220; space=&#8220; custom_margin=&#8220; margin=&#8217;0px&#8216; padding=&#8217;0px&#8216; border=&#8220; border_color=&#8220; radius=&#8217;0px&#8216; background_color=&#8220; src=&#8220; background_position=&#8217;top left&#8216; background_repeat=&#8217;no-repeat&#8216; animation=&#8220; mobile_display=&#8220;] [av_image src=&#8217;http:\/\/extrahot-bordercollies.de\/wp-content\/uploads\/2016\/12\/20161029_123907-300&#215;200.jpg&#8216; attachment=&#8217;2968&#8242; attachment_size=&#8217;medium&#8216; align=&#8217;center&#8216; styling=&#8220; hover=&#8220; link=&#8220; target=&#8220; caption=&#8220; font_size=&#8220; appearance=&#8220; overlay_opacity=&#8217;0.4&#8242; overlay_color=&#8217;#000000&#8242; overlay_text_color=&#8217;#ffffff&#8216; animation=&#8217;no-animation&#8216;][\/av_image] [av_hr class=&#8217;default&#8216; height=&#8217;50&#8216; shadow=&#8217;no-shadow&#8216; position=&#8217;center&#8216; custom_border=&#8217;av-border-thin&#8216; custom_width=&#8217;50px&#8216; custom_border_color=&#8220; custom_margin_top=&#8217;30px&#8216; custom_margin_bottom=&#8217;30px&#8216; icon_select=&#8217;yes&#8216; custom_icon_color=&#8220; icon=&#8217;ue808&#8242;] [av_textblock size=&#8220; font_color=&#8220; color=&#8220;] &#8222;Your imagination is your [&hellip;]<\/p>\n","protected":false},"author":2,"featured_media":0,"parent":1529,"menu_order":5,"comment_status":"closed","ping_status":"closed","template":"","meta":{"footnotes":""},"class_list":["post-2953","page","type-page","status-publish","hentry"],"_links":{"self":[{"href":"https:\/\/extrahot-bordercollies.de\/index.php?rest_route=\/wp\/v2\/pages\/2953","targetHints":{"allow":["GET"]}}],"collection":[{"href":"https:\/\/extrahot-bordercollies.de\/index.php?rest_route=\/wp\/v2\/pages"}],"about":[{"href":"https:\/\/extrahot-bordercollies.de\/index.php?rest_route=\/wp\/v2\/types\/page"}],"author":[{"embeddable":true,"href":"https:\/\/extrahot-bordercollies.de\/index.php?rest_route=\/wp\/v2\/users\/2"}],"replies":[{"embeddable":true,"href":"https:\/\/extrahot-bordercollies.de\/index.php?rest_route=%2Fwp%2Fv2%2Fcomments&post=2953"}],"version-history":[{"count":16,"href":"https:\/\/extrahot-bordercollies.de\/index.php?rest_route=\/wp\/v2\/pages\/2953\/revisions"}],"predecessor-version":[{"id":3285,"href":"https:\/\/extrahot-bordercollies.de\/index.php?rest_route=\/wp\/v2\/pages\/2953\/revisions\/3285"}],"up":[{"embeddable":true,"href":"https:\/\/extrahot-bordercollies.de\/index.php?rest_route=\/wp\/v2\/pages\/1529"}],"wp:attachment":[{"href":"https:\/\/extrahot-bordercollies.de\/index.php?rest_route=%2Fwp%2Fv2%2Fmedia&parent=2953"}],"curies":[{"name":"wp","href":"https:\/\/api.w.org\/{rel}","templated":true}]}}