{"id":2028,"date":"2013-05-09T22:00:26","date_gmt":"2013-05-09T20:00:26","guid":{"rendered":"http:\/\/extrahot-bordercollies.de\/?page_id=2028"},"modified":"2017-02-22T14:30:11","modified_gmt":"2017-02-22T12:30:11","slug":"zoom-sport","status":"publish","type":"page","link":"https:\/\/extrahot-bordercollies.de\/?page_id=2028","title":{"rendered":"Zoom Sport"},"content":{"rendered":"<p>[av_section color=&#8217;main_color&#8216; custom_bg=&#8220; src=&#8220; position=&#8217;top left&#8216; repeat=&#8217;no-repeat&#8216; attach=&#8217;scroll&#8216; padding=&#8217;default&#8216; shadow=&#8217;no-shadow&#8216;]<br \/>\n[av_textblock size=&#8220; font_color=&#8220; color=&#8220;]<br \/>\n<strong>Sport mit Zoom<\/strong><br \/>\n[\/av_textblock]<\/p>\n<p>[av_one_third first]<\/p>\n<p>[av_image src=&#8217;http:\/\/extrahot-bordercollies.de\/wp-content\/uploads\/2013\/05\/DSC_5281-300&#215;200.jpg&#8216; attachment=&#8217;2839&#8242; attachment_size=&#8217;medium&#8216; align=&#8217;center&#8216; animation=&#8217;no-animation&#8216; link=&#8220; target=&#8220; styling=&#8220; caption=&#8220; font_size=&#8220; appearance=&#8220;][\/av_image]<\/p>\n<p>[\/av_one_third][av_two_third]<\/p>\n<p>[av_textblock size=&#8220; font_color=&#8220; color=&#8220;]<br \/>\nWow! Wenn Talent einen anderen Namen hat, dann wohl Zoom. So ein toller, kleiner Hund! Sie vereint alles, was man sich\u00a0von einem Border Collie erhofft.<\/p>\n<p>Schon als Welpe zeigte sie sich wahnsinnig fokusiert, aufmerksam und hatte ein geniales Motivationslevel.<\/p>\n<p>Zoom ist perfekt f\u00fcrs Arbeiten gebaut, sie ist extrem leichtf\u00fc\u00dfig und wendig. Sie kann Stopps und Wendungen auf den Punkt ausf\u00fchren, ohne dass ihr das schwer fallen w\u00fcrde. Aus dem Stand springt sie problemlos in wahnsinnige H\u00f6hen.<br \/>\n[\/av_textblock]<\/p>\n<p>[\/av_two_third]<br \/>\n[\/av_section]<\/p>\n<p>[av_one_half first]<br \/>\n[av_textblock size=&#8220; font_color=&#8220; color=&#8220;]<br \/>\nZoomi braucht man nicht zu pushen, sie f\u00fchrt von ganz alleine alles schnell aus, was sie kann.<br \/>\nDas ist einfach toll, weil man in Ruhe an Details feilen kann.<\/p>\n<p>Im Agility ist Zoom einfach genial. Man merkt genau, dass ihr das total liegt. Sie verf\u00fcgt \u00fcber eine nat\u00fcrlich sch\u00f6ne und sehr effektive Sprungtechnik, das mussten wir nicht gezielt trainieren.<\/p>\n<p>Auch ihre Slalomtechnik ist faszinierend, sie scheint die Stangen nicht zu ber\u00fchren und webt mit einer Leichtigkeit durch den Slalom wie wenige Hunde.<\/p>\n<p>Im Fr\u00fchjahr 2015 ist Zoom in ihre erste Agilitysaison gestartet und wir sind gespannt, wie sie sich weiter entwickelt.<br \/>\n[\/av_textblock]<br \/>\n[\/av_one_half]<\/p>\n<p>[av_one_half min_height=&#8220; vertical_alignment=&#8220; space=&#8220; custom_margin=&#8220; margin=&#8217;0px&#8216; padding=&#8217;0px&#8216; border=&#8220; border_color=&#8220; radius=&#8217;0px&#8216; background_color=&#8220; src=&#8220; background_position=&#8217;top left&#8216; background_repeat=&#8217;no-repeat&#8216; animation=&#8220; mobile_display=&#8220;]<br \/>\n[av_image src=&#8217;http:\/\/extrahot-bordercollies.de\/wp-content\/uploads\/2015\/01\/DSC_3962-300&#215;200.jpg&#8216; attachment=&#8217;2598&#8242; attachment_size=&#8217;medium&#8216; align=&#8217;center&#8216; animation=&#8217;no-animation&#8216; link=&#8220; target=&#8220; styling=&#8220; caption=&#8220; font_size=&#8220; appearance=&#8220;][\/av_image]<br \/>\n[\/av_one_half]<\/p>\n<p>[av_one_half first]<br \/>\n[av_textblock size=&#8220; font_color=&#8220; color=&#8220;]<br \/>\nObedience trainiert Zoom seit dem Welpenalter. Alle technischen \u00dcbungen macht sie mit einer Hingabe, die einfach toll ist anzuschauen. Bei der Fu\u00dfarbeit liegt unser Fokus auf einem runden und rhythmischen Bewegungsbild. Zoom arbeitet mit sehr viel Nachdruck und das macht sie gerne etwas h\u00fcpfig.<\/p>\n<p>Sie kann wahnsinnig lange arbeiten und es liegt in unserer Verantwortung, das Training rechtzeitig zu beenden. Zoom w\u00fcrde endlos weitermachen.<\/p>\n<p>Mit 18 Monaten hat Zoom in England (Cambridge) die stark besetzte Pre-Beginner-Klasse gewonnen, Begleithundepr\u00fcfung legte sie mit 25 Monaten ab.<br \/>\n[\/av_textblock]<br \/>\n[\/av_one_half]<\/p>\n<p>[av_one_half min_height=&#8220; vertical_alignment=&#8220; space=&#8220; custom_margin=&#8220; margin=&#8217;0px&#8216; padding=&#8217;0px&#8216; border=&#8220; border_color=&#8220; radius=&#8217;0px&#8216; background_color=&#8220; src=&#8220; background_position=&#8217;top left&#8216; background_repeat=&#8217;no-repeat&#8216; animation=&#8220; mobile_display=&#8220;]<br \/>\n[av_image src=&#8217;http:\/\/extrahot-bordercollies.de\/wp-content\/uploads\/2013\/05\/DSC_4978-2-e1430907199697-255&#215;300.jpg&#8216; attachment=&#8217;2762&#8242; attachment_size=&#8217;medium&#8216; align=&#8217;center&#8216; animation=&#8217;no-animation&#8216; link=&#8220; target=&#8220; styling=&#8220; caption=&#8220; font_size=&#8220; appearance=&#8220;][\/av_image]<br \/>\n[\/av_one_half]<\/p>\n<p>[av_one_full first min_height=&#8220; vertical_alignment=&#8220; space=&#8220; custom_margin=&#8220; margin=&#8217;0px&#8216; padding=&#8217;0px&#8216; border=&#8220; border_color=&#8220; radius=&#8217;0px&#8216; background_color=&#8220; src=&#8220; background_position=&#8217;top left&#8216; background_repeat=&#8217;no-repeat&#8216; animation=&#8220; mobile_display=&#8220;]<\/p>\n<p>[av_textblock size=&#8220; font_color=&#8220; color=&#8220;]<br \/>\nUpdate Herbst 2016:<\/p>\n<p>Zoom ist Novice ex und hat bereits ein A gewonnen. F\u00fcr 2017 sind dann Starts in A und B geplant.<\/p>\n<p>Sobald sie nach der Babypause wieder fit ist, geht es auch wieder ins Agilitytraining.<br \/>\n[\/av_textblock]<\/p>\n<p>[\/av_one_full]<\/p>\n","protected":false},"excerpt":{"rendered":"<p>[av_section color=&#8217;main_color&#8216; custom_bg=&#8220; src=&#8220; position=&#8217;top left&#8216; repeat=&#8217;no-repeat&#8216; attach=&#8217;scroll&#8216; padding=&#8217;default&#8216; shadow=&#8217;no-shadow&#8216;] [av_textblock size=&#8220; font_color=&#8220; color=&#8220;] Sport mit Zoom [\/av_textblock] [av_one_third first] [av_image src=&#8217;http:\/\/extrahot-bordercollies.de\/wp-content\/uploads\/2013\/05\/DSC_5281-300&#215;200.jpg&#8216; attachment=&#8217;2839&#8242; attachment_size=&#8217;medium&#8216; align=&#8217;center&#8216; animation=&#8217;no-animation&#8216; link=&#8220; target=&#8220; styling=&#8220; caption=&#8220; font_size=&#8220; appearance=&#8220;][\/av_image] [\/av_one_third][av_two_third] [av_textblock size=&#8220; font_color=&#8220; color=&#8220;] Wow! Wenn Talent einen anderen Namen hat, dann wohl Zoom. So ein toller, kleiner Hund! Sie vereint alles, [&hellip;]<\/p>\n","protected":false},"author":2,"featured_media":0,"parent":1524,"menu_order":1,"comment_status":"open","ping_status":"closed","template":"","meta":{"footnotes":""},"class_list":["post-2028","page","type-page","status-publish","hentry"],"_links":{"self":[{"href":"https:\/\/extrahot-bordercollies.de\/index.php?rest_route=\/wp\/v2\/pages\/2028","targetHints":{"allow":["GET"]}}],"collection":[{"href":"https:\/\/extrahot-bordercollies.de\/index.php?rest_route=\/wp\/v2\/pages"}],"about":[{"href":"https:\/\/extrahot-bordercollies.de\/index.php?rest_route=\/wp\/v2\/types\/page"}],"author":[{"embeddable":true,"href":"https:\/\/extrahot-bordercollies.de\/index.php?rest_route=\/wp\/v2\/users\/2"}],"replies":[{"embeddable":true,"href":"https:\/\/extrahot-bordercollies.de\/index.php?rest_route=%2Fwp%2Fv2%2Fcomments&post=2028"}],"version-history":[{"count":9,"href":"https:\/\/extrahot-bordercollies.de\/index.php?rest_route=\/wp\/v2\/pages\/2028\/revisions"}],"predecessor-version":[{"id":3134,"href":"https:\/\/extrahot-bordercollies.de\/index.php?rest_route=\/wp\/v2\/pages\/2028\/revisions\/3134"}],"up":[{"embeddable":true,"href":"https:\/\/extrahot-bordercollies.de\/index.php?rest_route=\/wp\/v2\/pages\/1524"}],"wp:attachment":[{"href":"https:\/\/extrahot-bordercollies.de\/index.php?rest_route=%2Fwp%2Fv2%2Fmedia&parent=2028"}],"curies":[{"name":"wp","href":"https:\/\/api.w.org\/{rel}","templated":true}]}}