{"id":1964,"date":"2013-05-09T17:13:14","date_gmt":"2013-05-09T15:13:14","guid":{"rendered":"http:\/\/extrahot-bordercollies.de\/?page_id=1964"},"modified":"2017-02-22T14:38:49","modified_gmt":"2017-02-22T12:38:49","slug":"quiz-sport","status":"publish","type":"page","link":"https:\/\/extrahot-bordercollies.de\/?page_id=1964","title":{"rendered":"Quiz Sport"},"content":{"rendered":"<p>[av_section color=&#8217;main_color&#8216; custom_bg=&#8220; src=&#8220; position=&#8217;top left&#8216; repeat=&#8217;no-repeat&#8216; attach=&#8217;scroll&#8216; padding=&#8217;default&#8216; shadow=&#8217;no-shadow&#8216;]<\/p>\n<p>[av_one_full first]<\/p>\n<p>[av_textblock size=&#8220; font_color=&#8220; color=&#8220;]<br \/>\n<strong>Update 2017<\/strong><\/p>\n<p>Quizzy hat sich letztes Jahr sehr schwer getan, auf Pr\u00fcfungen die Stays zu absolvieren. Sie f\u00fchrte bei einigen Pr\u00fcfungen, aber immer hat es dann bei den Bleib\u00fcbungen gehakt.<br \/>\nDa sie leider sehr ger\u00e4uschempfindlich ist und bei Angst auch gerne mal die Flucht ergreift, wird das wohl einfach unsere Wackel\u00fcbung bleiben.<\/p>\n<p>Trotzdem haben wir vor dieses Jahr einige Shows zu starten und arbeiten weiter daran, dass sie selbstbewusst die Bleib\u00fcbungen machen kannst.<br \/>\n[\/av_textblock]<\/p>\n<p>[\/av_one_full][av_one_half first]<\/p>\n<p>[av_image src=&#8217;http:\/\/extrahot-bordercollies.de\/wp-content\/uploads\/2017\/02\/20160515_144826-300&#215;200.jpg&#8216; attachment=&#8217;3123&#8242; attachment_size=&#8217;medium&#8216; align=&#8217;center&#8216; styling=&#8220; hover=&#8220; link=&#8220; target=&#8220; caption=&#8220; font_size=&#8220; appearance=&#8220; overlay_opacity=&#8217;0.4&#8242; overlay_color=&#8217;#000000&#8242; overlay_text_color=&#8217;#ffffff&#8216; animation=&#8217;no-animation&#8216;][\/av_image]<\/p>\n<p>[\/av_one_half][av_one_half]<\/p>\n<p>[av_image src=&#8217;http:\/\/extrahot-bordercollies.de\/wp-content\/uploads\/2017\/02\/20160515_144028-300&#215;200.jpg&#8216; attachment=&#8217;3122&#8242; attachment_size=&#8217;medium&#8216; align=&#8217;center&#8216; styling=&#8220; hover=&#8220; link=&#8220; target=&#8220; caption=&#8220; font_size=&#8220; appearance=&#8220; overlay_opacity=&#8217;0.4&#8242; overlay_color=&#8217;#000000&#8242; overlay_text_color=&#8217;#ffffff&#8216; animation=&#8217;no-animation&#8216;][\/av_image]<\/p>\n<p>[\/av_one_half][av_one_full first]<\/p>\n<p>[av_textblock size=&#8220; font_color=&#8220; color=&#8220;]<br \/>\n<strong>Quiz beim Training mit 12 Monaten<\/strong><\/p>\n<p>Unser Hauptaugenmerk liegt derzeit auf Quizzy&#8217;s Balance am Bein. Am Anfang hat sie sich noch ziemlich schwer getan, aber es wird mit jedem Training besser. F\u00fcr mich ist es noch furchtbar ungewohnt und es ist so ein himmelweiter Unterschied zur Fu\u00dfarbeit mit Spicy, denn Quizzy ist so klein und leicht, ich sp\u00fcre sie kaum am Bein.<br \/>\nWas mich echt freut ist, dass sie trotz der hohen Fu\u00dfaktion fast gar nicht h\u00fcpfig ist.<br \/>\n[\/av_textblock]<\/p>\n<p>[av_video src=&#8217;http:\/\/youtu.be\/meokGerlJmE&#8216; format=&#8217;4-3&#8242; width=&#8217;16&#8216; height=&#8217;9&#8242;]<\/p>\n<p>[\/av_one_full][av_one_full first]<\/p>\n<p>[av_textblock size=&#8220; font_color=&#8220; color=&#8220;]<br \/>\n<strong>Training in Schwerte, 12 Monate alt.<\/strong><\/p>\n<p>Vielen Dank an Elias L\u00fctke f\u00fcr die wundersch\u00f6nen Fotos!<br \/>\n[\/av_textblock]<\/p>\n<p>[\/av_one_full][av_one_half first]<\/p>\n<p>[av_image src=&#8217;http:\/\/extrahot-bordercollies.de\/wp-content\/uploads\/2013\/05\/DSC_4037-3-300&#215;199.jpg&#8216; align=&#8217;center&#8216; animation=&#8217;no-animation&#8216; link=&#8220;]<\/p>\n<p>[\/av_one_half][av_one_half min_height=&#8220; vertical_alignment=&#8220; space=&#8220; custom_margin=&#8220; margin=&#8217;0px&#8216; padding=&#8217;0px&#8216; border=&#8220; border_color=&#8220; radius=&#8217;0px&#8216; background_color=&#8220; src=&#8220; background_position=&#8217;top left&#8216; background_repeat=&#8217;no-repeat&#8216; animation=&#8220; mobile_display=&#8220;]<\/p>\n<p>[av_image src=&#8217;http:\/\/extrahot-bordercollies.de\/wp-content\/uploads\/2013\/05\/DSC_4048-3-300&#215;199.jpg&#8216; align=&#8217;center&#8216; animation=&#8217;no-animation&#8216; link=&#8220;]<\/p>\n<p>[\/av_one_half][av_one_half first]<\/p>\n<p>[av_image src=&#8217;http:\/\/extrahot-bordercollies.de\/wp-content\/uploads\/2013\/05\/DSC_4059-3-300&#215;199.jpg&#8216; align=&#8217;center&#8216; animation=&#8217;no-animation&#8216; link=&#8220;]<\/p>\n<p>[\/av_one_half][av_one_half min_height=&#8220; vertical_alignment=&#8220; space=&#8220; custom_margin=&#8220; margin=&#8217;0px&#8216; padding=&#8217;0px&#8216; border=&#8220; border_color=&#8220; radius=&#8217;0px&#8216; background_color=&#8220; src=&#8220; background_position=&#8217;top left&#8216; background_repeat=&#8217;no-repeat&#8216; animation=&#8220; mobile_display=&#8220;]<\/p>\n<p>[av_image src=&#8217;http:\/\/extrahot-bordercollies.de\/wp-content\/uploads\/2013\/05\/DSC_4038-3-300&#215;185.jpg&#8216; align=&#8217;center&#8216; animation=&#8217;no-animation&#8216; link=&#8220;]<\/p>\n<p>[\/av_one_half][av_one_half first]<\/p>\n<p>[av_image src=&#8217;http:\/\/extrahot-bordercollies.de\/wp-content\/uploads\/2013\/05\/DSC_4032-3-300&#215;202.jpg&#8216; align=&#8217;center&#8216; animation=&#8217;no-animation&#8216; link=&#8220;]<\/p>\n<p>[\/av_one_half][av_one_half min_height=&#8220; vertical_alignment=&#8220; space=&#8220; custom_margin=&#8220; margin=&#8217;0px&#8216; padding=&#8217;0px&#8216; border=&#8220; border_color=&#8220; radius=&#8217;0px&#8216; background_color=&#8220; src=&#8220; background_position=&#8217;top left&#8216; background_repeat=&#8217;no-repeat&#8216; animation=&#8220; mobile_display=&#8220;]<\/p>\n<p>[av_image src=&#8217;http:\/\/extrahot-bordercollies.de\/wp-content\/uploads\/2013\/05\/DSC_4029-3-300&#215;202.jpg&#8216; align=&#8217;center&#8216; animation=&#8217;no-animation&#8216; link=&#8220;]<\/p>\n<p>[\/av_one_half][av_one_full first]<\/p>\n<p>[av_textblock size=&#8220; font_color=&#8220; color=&#8220;]<br \/>\n<strong>Training mit knapp 11 Monaten<\/strong><br \/>\n[\/av_textblock]<\/p>\n<p>[\/av_one_full][av_one_half first]<\/p>\n<p>[av_image src=&#8217;http:\/\/extrahot-bordercollies.de\/wp-content\/uploads\/2013\/05\/IMG_4185-300&#215;200.jpg&#8216; align=&#8217;center&#8216; animation=&#8217;no-animation&#8216; link=&#8220;]<\/p>\n<p>[\/av_one_half][av_one_half min_height=&#8220; vertical_alignment=&#8220; space=&#8220; custom_margin=&#8220; margin=&#8217;0px&#8216; padding=&#8217;0px&#8216; border=&#8220; border_color=&#8220; radius=&#8217;0px&#8216; background_color=&#8220; src=&#8220; background_position=&#8217;top left&#8216; background_repeat=&#8217;no-repeat&#8216; animation=&#8220; mobile_display=&#8220;]<\/p>\n<p>[av_image src=&#8217;http:\/\/extrahot-bordercollies.de\/wp-content\/uploads\/2013\/05\/IMG_4184-300&#215;200.jpg&#8216; align=&#8217;center&#8216; animation=&#8217;no-animation&#8216; link=&#8220;]<\/p>\n<p>[\/av_one_half][av_one_full first]<\/p>\n<p>[av_textblock size=&#8220; font_color=&#8220; color=&#8220;]<br \/>\n<strong>Quiz beim Seminar mit John Higgins, 10 Monate alt.<\/strong><br \/>\n[\/av_textblock]<\/p>\n<p>[\/av_one_full][av_one_third first]<\/p>\n<p>[av_image src=&#8217;http:\/\/extrahot-bordercollies.de\/wp-content\/uploads\/2013\/05\/1006178_10152893367060290_1223556361_n-300&#215;200.jpg&#8216; align=&#8217;center&#8216; animation=&#8217;no-animation&#8216; link=&#8220;]<\/p>\n<p>[\/av_one_third][av_one_third min_height=&#8220; vertical_alignment=&#8220; space=&#8220; custom_margin=&#8220; margin=&#8217;0px&#8216; padding=&#8217;0px&#8216; border=&#8220; border_color=&#8220; radius=&#8217;0px&#8216; background_color=&#8220; src=&#8220; background_position=&#8217;top left&#8216; background_repeat=&#8217;no-repeat&#8216; animation=&#8220; mobile_display=&#8220;]<\/p>\n<p>[av_image src=&#8217;http:\/\/extrahot-bordercollies.de\/wp-content\/uploads\/2013\/05\/IMG_4001-200&#215;300.jpg&#8216; align=&#8217;center&#8216; animation=&#8217;no-animation&#8216; link=&#8220;]<\/p>\n<p>[\/av_one_third][av_one_third min_height=&#8220; vertical_alignment=&#8220; space=&#8220; custom_margin=&#8220; margin=&#8217;0px&#8216; padding=&#8217;0px&#8216; border=&#8220; border_color=&#8220; radius=&#8217;0px&#8216; background_color=&#8220; src=&#8220; background_position=&#8217;top left&#8216; background_repeat=&#8217;no-repeat&#8216; animation=&#8220; mobile_display=&#8220;]<\/p>\n<p>[av_image src=&#8217;http:\/\/extrahot-bordercollies.de\/wp-content\/uploads\/2013\/05\/1000527_10152893370085290_408806256_n-300&#215;200.jpg&#8216; align=&#8217;center&#8216; animation=&#8217;no-animation&#8216; link=&#8220;]<\/p>\n<p>[\/av_one_third][av_one_full first]<\/p>\n<p>[av_textblock size=&#8220; font_color=&#8220; color=&#8220;]<br \/>\n<strong>Quiz mit 8,5 Monaten:<\/strong><br \/>\n[\/av_textblock]<\/p>\n<p>[av_video src=&#8217;http:\/\/youtu.be\/-Pp20MLqc4c&#8216; format=&#8217;16-9&#8242; width=&#8217;16&#8216; height=&#8217;9&#8242;]<\/p>\n<p>[\/av_one_full][\/av_section]<\/p>\n","protected":false},"excerpt":{"rendered":"<p>[av_section color=&#8217;main_color&#8216; custom_bg=&#8220; src=&#8220; position=&#8217;top left&#8216; repeat=&#8217;no-repeat&#8216; attach=&#8217;scroll&#8216; padding=&#8217;default&#8216; shadow=&#8217;no-shadow&#8216;] [av_one_full first] [av_textblock size=&#8220; font_color=&#8220; color=&#8220;] Update 2017 Quizzy hat sich letztes Jahr sehr schwer getan, auf Pr\u00fcfungen die Stays zu absolvieren. Sie f\u00fchrte bei einigen Pr\u00fcfungen, aber immer hat es dann bei den Bleib\u00fcbungen gehakt. Da sie leider sehr ger\u00e4uschempfindlich ist und bei Angst [&hellip;]<\/p>\n","protected":false},"author":2,"featured_media":0,"parent":1381,"menu_order":1,"comment_status":"open","ping_status":"closed","template":"","meta":{"footnotes":""},"class_list":["post-1964","page","type-page","status-publish","hentry"],"_links":{"self":[{"href":"https:\/\/extrahot-bordercollies.de\/index.php?rest_route=\/wp\/v2\/pages\/1964","targetHints":{"allow":["GET"]}}],"collection":[{"href":"https:\/\/extrahot-bordercollies.de\/index.php?rest_route=\/wp\/v2\/pages"}],"about":[{"href":"https:\/\/extrahot-bordercollies.de\/index.php?rest_route=\/wp\/v2\/types\/page"}],"author":[{"embeddable":true,"href":"https:\/\/extrahot-bordercollies.de\/index.php?rest_route=\/wp\/v2\/users\/2"}],"replies":[{"embeddable":true,"href":"https:\/\/extrahot-bordercollies.de\/index.php?rest_route=%2Fwp%2Fv2%2Fcomments&post=1964"}],"version-history":[{"count":20,"href":"https:\/\/extrahot-bordercollies.de\/index.php?rest_route=\/wp\/v2\/pages\/1964\/revisions"}],"predecessor-version":[{"id":3139,"href":"https:\/\/extrahot-bordercollies.de\/index.php?rest_route=\/wp\/v2\/pages\/1964\/revisions\/3139"}],"up":[{"embeddable":true,"href":"https:\/\/extrahot-bordercollies.de\/index.php?rest_route=\/wp\/v2\/pages\/1381"}],"wp:attachment":[{"href":"https:\/\/extrahot-bordercollies.de\/index.php?rest_route=%2Fwp%2Fv2%2Fmedia&parent=1964"}],"curies":[{"name":"wp","href":"https:\/\/api.w.org\/{rel}","templated":true}]}}