{"id":1942,"date":"2013-05-09T16:07:38","date_gmt":"2013-05-09T14:07:38","guid":{"rendered":"http:\/\/extrahot-bordercollies.de\/?page_id=1942"},"modified":"2018-09-02T20:59:21","modified_gmt":"2018-09-02T18:59:21","slug":"kontakt","status":"publish","type":"page","link":"https:\/\/extrahot-bordercollies.de\/?page_id=1942","title":{"rendered":"Kontakt"},"content":{"rendered":"<p>[av_section color=&#8217;main_color&#8216; custom_bg=&#8220; src=&#8220; position=&#8217;top left&#8216; repeat=&#8217;no-repeat&#8216; attach=&#8217;scroll&#8216; padding=&#8217;default&#8216; shadow=&#8217;no-shadow&#8216;]<\/p>\n<p>[av_one_full first]<\/p>\n<p>[av_textblock size=&#8220; font_color=&#8220; color=&#8220;]<\/p>\n<p>Wer sich f\u00fcr einen Welpen aus unserer Zucht interessiert, den bitten wir um fr\u00fchzeitige Kontaktaufnahme, da wir die zuk\u00fcnftigen Besitzer unserer Welpen m\u00f6glichst bald kennenlernen m\u00f6chten.<\/p>\n<p>Nat\u00fcrlich freuen wir uns aber auch \u00fcber jeden anderen Kontakt und beantworten gerne und offen Fragen zu unseren Hunden und der Zucht.<\/p>\n<p>[\/av_textblock]<\/p>\n<p>[av_textblock size=&#8220; font_color=&#8220; color=&#8220;]<br \/>\n<span class=\"frame-outer  size-medium wp-image-3279 aligncenter\"><span><span><span><span><a href=\"http:\/\/extrahot-bordercollies.de\/wp-content\/uploads\/2013\/05\/a.jpg\"><img loading=\"lazy\" decoding=\"async\" class=\"size-medium wp-image-3279 aligncenter\" src=\"http:\/\/extrahot-bordercollies.de\/wp-content\/uploads\/2013\/05\/a-300x200.jpg\" alt=\"\" width=\"300\" height=\"200\" \/><\/a><\/span><\/span><\/span><\/span><\/span><br \/>\n[\/av_textblock]<\/p>\n<p>[\/av_one_full][av_one_half first]<\/p>\n<p>[av_image src=&#8217;http:\/\/extrahot-bordercollies.de\/wp-content\/uploads\/2015\/01\/DSC_4037-495&#215;400.jpg&#8216; attachment=&#8217;2728&#8242; attachment_size=&#8217;portfolio&#8216; align=&#8217;center&#8216; animation=&#8217;no-animation&#8216; link=&#8220; target=&#8220; styling=&#8220; caption=&#8220; font_size=&#8220; appearance=&#8220;][\/av_image]<\/p>\n<p>[\/av_one_half][av_one_half min_height=&#8220; vertical_alignment=&#8220; space=&#8220; custom_margin=&#8220; margin=&#8217;0px&#8216; padding=&#8217;0px&#8216; border=&#8220; border_color=&#8220; radius=&#8217;0px&#8216; background_color=&#8220; src=&#8220; background_position=&#8217;top left&#8216; background_repeat=&#8217;no-repeat&#8216;]<\/p>\n<p>[av_image src=&#8217;http:\/\/extrahot-bordercollies.de\/wp-content\/uploads\/2015\/01\/DSC_3994-495&#215;400.jpg&#8216; attachment=&#8217;2727&#8242; attachment_size=&#8217;portfolio&#8216; align=&#8217;center&#8216; animation=&#8217;no-animation&#8216; link=&#8220; target=&#8220; styling=&#8220; caption=&#8220; font_size=&#8220; appearance=&#8220;][\/av_image]<\/p>\n<p>[\/av_one_half][av_one_full first]<\/p>\n<p>[\/av_one_full][av_one_third first]<\/p>\n<p>[av_image src=&#8217;http:\/\/extrahot-bordercollies.de\/wp-content\/uploads\/2013\/05\/Kontakt-200&#215;300.jpg&#8216; attachment=&#8217;2729&#8242; attachment_size=&#8217;medium&#8216; align=&#8217;center&#8216; animation=&#8217;no-animation&#8216; link=&#8220; target=&#8220; styling=&#8220; caption=&#8220; font_size=&#8220; appearance=&#8220;][\/av_image]<\/p>\n<p>[\/av_one_third][av_two_third min_height=&#8220; vertical_alignment=&#8220; space=&#8220; custom_margin=&#8220; margin=&#8217;0px&#8216; padding=&#8217;0px&#8216; border=&#8220; border_color=&#8220; radius=&#8217;0px&#8216; background_color=&#8220; src=&#8220; background_position=&#8217;top left&#8216; background_repeat=&#8217;no-repeat&#8216;]<\/p>\n<p>[av_image src=&#8217;http:\/\/extrahot-bordercollies.de\/wp-content\/uploads\/2014\/06\/2014-01-06_10-45-44-1.jpg&#8216; align=&#8217;center&#8216; animation=&#8217;no-animation&#8216; link=&#8220;]<\/p>\n<p>[\/av_two_third][\/av_section]<\/p>\n","protected":false},"excerpt":{"rendered":"<p>[av_section color=&#8217;main_color&#8216; custom_bg=&#8220; src=&#8220; position=&#8217;top left&#8216; repeat=&#8217;no-repeat&#8216; attach=&#8217;scroll&#8216; padding=&#8217;default&#8216; shadow=&#8217;no-shadow&#8216;] [av_one_full first] [av_textblock size=&#8220; font_color=&#8220; color=&#8220;] Wer sich f\u00fcr einen Welpen aus unserer Zucht interessiert, den bitten wir um fr\u00fchzeitige Kontaktaufnahme, da wir die zuk\u00fcnftigen Besitzer unserer Welpen m\u00f6glichst bald kennenlernen m\u00f6chten. Nat\u00fcrlich freuen wir uns aber auch \u00fcber jeden anderen Kontakt und beantworten gerne [&hellip;]<\/p>\n","protected":false},"author":2,"featured_media":0,"parent":0,"menu_order":7,"comment_status":"open","ping_status":"closed","template":"","meta":{"footnotes":""},"class_list":["post-1942","page","type-page","status-publish","hentry"],"_links":{"self":[{"href":"https:\/\/extrahot-bordercollies.de\/index.php?rest_route=\/wp\/v2\/pages\/1942","targetHints":{"allow":["GET"]}}],"collection":[{"href":"https:\/\/extrahot-bordercollies.de\/index.php?rest_route=\/wp\/v2\/pages"}],"about":[{"href":"https:\/\/extrahot-bordercollies.de\/index.php?rest_route=\/wp\/v2\/types\/page"}],"author":[{"embeddable":true,"href":"https:\/\/extrahot-bordercollies.de\/index.php?rest_route=\/wp\/v2\/users\/2"}],"replies":[{"embeddable":true,"href":"https:\/\/extrahot-bordercollies.de\/index.php?rest_route=%2Fwp%2Fv2%2Fcomments&post=1942"}],"version-history":[{"count":27,"href":"https:\/\/extrahot-bordercollies.de\/index.php?rest_route=\/wp\/v2\/pages\/1942\/revisions"}],"predecessor-version":[{"id":2914,"href":"https:\/\/extrahot-bordercollies.de\/index.php?rest_route=\/wp\/v2\/pages\/1942\/revisions\/2914"}],"wp:attachment":[{"href":"https:\/\/extrahot-bordercollies.de\/index.php?rest_route=%2Fwp%2Fv2%2Fmedia&parent=1942"}],"curies":[{"name":"wp","href":"https:\/\/api.w.org\/{rel}","templated":true}]}}