{"id":1851,"date":"2013-05-09T14:47:43","date_gmt":"2013-05-09T12:47:43","guid":{"rendered":"http:\/\/extrahot-bordercollies.de\/?page_id=1851"},"modified":"2015-06-01T07:49:30","modified_gmt":"2015-06-01T05:49:30","slug":"a-wurf","status":"publish","type":"page","link":"https:\/\/extrahot-bordercollies.de\/?page_id=1851","title":{"rendered":"A &#8211; Wurf"},"content":{"rendered":"<p>[av_section color=&#8217;main_color&#8216; custom_bg=&#8220; src=&#8220; position=&#8217;top left&#8216; repeat=&#8217;no-repeat&#8216; attach=&#8217;scroll&#8216; padding=&#8217;default&#8216; shadow=&#8217;no-shadow&#8216;]<\/p>\n<p>[av_one_full first]<\/p>\n<p>[av_textblock size=&#8220; font_color=&#8220; color=&#8220;]<\/p>\n<p style=\"text-align: center;\"><strong>A &#8211; Wurf<\/strong><\/p>\n<p style=\"text-align: center;\"><strong>* 04.02.2013<\/strong><\/p>\n<p style=\"text-align: center;\"><strong>de risan Extra Hot x Llangadog Gary<\/strong><\/p>\n<p>[\/av_textblock]<\/p>\n<p>[\/av_one_full][av_one_half first]<\/p>\n<p>[av_image src=&#8217;http:\/\/extrahot-bordercollies.de\/wp-content\/uploads\/2013\/05\/DSC_4349-300&#215;200.jpg&#8216; attachment=&#8217;2530&#8242; attachment_size=&#8217;medium&#8216; align=&#8217;center&#8216; animation=&#8217;no-animation&#8216; link=&#8220; target=&#8220; styling=&#8220; caption=&#8220; font_size=&#8220; appearance=&#8220;][\/av_image]<\/p>\n<p>[\/av_one_half][av_one_half]<\/p>\n<p>[av_image src=&#8217;http:\/\/extrahot-bordercollies.de\/wp-content\/uploads\/2013\/05\/llangadog-gary11-300&#215;204.jpg&#8216; attachment=&#8217;2559&#8242; attachment_size=&#8217;medium&#8216; align=&#8217;center&#8216; animation=&#8217;no-animation&#8216; link=&#8220; target=&#8220; styling=&#8220; caption=&#8220; font_size=&#8220; appearance=&#8220;][\/av_image]<\/p>\n<p>[\/av_one_half][av_one_full first]<\/p>\n<p>[av_textblock size=&#8220; font_color=&#8220; color=&#8220;]<br \/>\nAm 04.02.2013 brachte Spicy v\u00f6llig unkompliziert vier gesunde Welpen, zwei R\u00fcden und zwei H\u00fcndinnen, zur Welt.\u200b<br \/>\n\u200bSpicy war eine herausragende Mutter, die sich \u00fcber die komplette Zeit toll um ihre Welpen k\u00fcmmerte und sich sehr gerne mit ihnen besch\u00e4ftigte.<\/p>\n<p>Vater der Welpen ist Serge van der Zweeps herausragender, junger R\u00fcde Gary. Auf ihn fiel die Wahl, da ich f\u00fcr Spicy einen durchsetzungswilligen, mental starken R\u00fcden wollte, der nat\u00fcrlich au\u00dferdem alle notwendigen Gesundheitstests vorweisen kann. Zudem erg\u00e4nzt sich Gary vom Geb\u00e4ude optimal mit Spice.<br \/>\nGary hat ein ruhiges, ausgeglichenes Wesen, bei der Arbeit ist er keen, sehr talentiert und kann gut mit Druck umgehen.<br \/>\nGary ist Sieger des Swiss Open 2011 und 2012!<\/p>\n<p>Bislang \u00fcberzeugen die Welpen auf voller Linie! Sie sind alle vier total cool, ausgeglichen, aufmerksam und wahnsinnig menschenfreundlich.<br \/>\nIhr Beute- und Spieltrieb ist toll ausgepr\u00e4gt und sie lassen sich sehr einfach motivieren.<\/p>\n<p>Bis auf Haggis (Extra Hot Arrabiata, auch sehr scharf!) haben alle Welpen die Namen von Chili-Schoten bekommen und so hat dieser Wurf ein scharfes Motto!<\/p>\n<p>Die vier Spicelinge haben sich super entwickelt. Vom Temperament, Wesen und Geb\u00e4ude entsprechen sie sehr dem Typ Border Collie, den wir gerne m\u00f6gen. Im Sport und Training zeigen die Vier ein hohes Ma\u00df an Frustrationstoleranz, Motivation und Stil.<br \/>\n[\/av_textblock]<\/p>\n<p>[\/av_one_full][av_hr class=&#8217;default&#8216; height=&#8217;50&#8216; shadow=&#8217;no-shadow&#8216; position=&#8217;center&#8216;]<\/p>\n<p>[av_one_half first]<\/p>\n<p>[av_textblock size=&#8220; font_color=&#8220; color=&#8220;]<\/p>\n<h3><strong>Extra Hot Aconcagua &#8218;Julie&#8216;<\/strong><\/h3>\n<p>[\/av_textblock]<\/p>\n<p>[\/av_one_half][av_one_fourth]<\/p>\n<p>[\/av_one_fourth][av_one_fourth]<\/p>\n<p>[\/av_one_fourth][av_one_fourth first]<\/p>\n<p>[av_image src=&#8217;http:\/\/extrahot-bordercollies.de\/wp-content\/uploads\/2013\/05\/Julie1-e1368104365737.jpg&#8216; align=&#8217;center&#8216; animation=&#8217;no-animation&#8216; link=&#8220;]<\/p>\n<p>[av_image src=&#8217;http:\/\/extrahot-bordercollies.de\/wp-content\/uploads\/2013\/05\/1380736_580087135381911_1675480018_n-300&#215;200.jpg&#8216; align=&#8217;center&#8216; animation=&#8217;no-animation&#8216; link=&#8220;]<\/p>\n<p>[\/av_one_fourth][av_one_fourth]<\/p>\n<p>[av_textblock size=&#8220; font_color=&#8220; color=&#8220;]<br \/>\n<strong>Obedience<\/strong><\/p>\n<p>VDH\/ZBrH\/BOC 16544<\/p>\n<p>H\u00fcndin, schwarz-wei\u00df<\/p>\n<p>HD &#8211; A2<br \/>\nED frei lt. Tierarzt<br \/>\n\u200b<br \/>\ngeboren um 16.48 Uhr mit 384 g<\/p>\n<p>frei von jeglichen Augenkrankheiten am 28.03.13<br \/>\nDNA CEA normal<br \/>\nDNA TNS normal<\/p>\n<p>Besitzer: Susi Huber, Reisen<br \/>\nhttp:\/\/derisan.de<br \/>\n[\/av_textblock]<\/p>\n<p>[\/av_one_fourth][av_one_half]<\/p>\n<p>[av_gallery ids=&#8217;1860,1861,1862,1863,1864,1865,1866,1867,1868,1869,1870,1871,2354&#8242; style=&#8217;thumbnails&#8216; preview_size=&#8217;portfolio&#8216; thumb_size=&#8217;square&#8216; columns=&#8217;4&#8242; imagelink=&#8217;lightbox&#8216;]<\/p>\n<p>[\/av_one_half][av_hr class=&#8217;default&#8216; height=&#8217;50&#8216; shadow=&#8217;no-shadow&#8216; position=&#8217;center&#8216;]<\/p>\n<p>[av_one_half first]<\/p>\n<p>[av_textblock size=&#8220; font_color=&#8220; color=&#8220;]<\/p>\n<h3><strong>Extra Hot Arrabiata &#8218;Haggis&#8216;<\/strong><\/h3>\n<p>[\/av_textblock]<\/p>\n<p>[\/av_one_half][av_one_fourth]<\/p>\n<p>[\/av_one_fourth][av_one_fourth]<\/p>\n<p>[\/av_one_fourth][av_one_fourth first]<\/p>\n<p>[av_image src=&#8217;http:\/\/extrahot-bordercollies.de\/wp-content\/uploads\/2013\/05\/Haggis-e1368105048881.jpg&#8216; align=&#8217;center&#8216; animation=&#8217;no-animation&#8216; link=&#8220;]<br \/>\n[av_image src=&#8217;http:\/\/extrahot-bordercollies.de\/wp-content\/uploads\/2013\/05\/DSC_4120-2\u00b0-e1377101100203-270&#215;300.jpg&#8216; align=&#8217;center&#8216; animation=&#8217;no-animation&#8216; link=&#8220;]<\/p>\n<p>[av_image src=&#8217;http:\/\/extrahot-bordercollies.de\/wp-content\/uploads\/2013\/05\/10313714_816542008378136_3195578988323587561_n-300&#215;200.jpg&#8216; attachment=&#8217;2561&#8242; attachment_size=&#8217;medium&#8216; align=&#8217;center&#8216; animation=&#8217;no-animation&#8216; link=&#8220; target=&#8220; styling=&#8220; caption=&#8220; font_size=&#8220; appearance=&#8220;]<br \/>\n[\/av_image]<\/p>\n<p>[av_image src=&#8217;http:\/\/extrahot-bordercollies.de\/wp-content\/uploads\/2013\/05\/DSC_4120-2\u00b0-e1377101100203-270&#215;300.jpg&#8216; attachment=&#8217;2238&#8242; attachment_size=&#8217;medium&#8216; align=&#8217;center&#8216; animation=&#8217;no-animation&#8216; link=&#8220; target=&#8220; styling=&#8220; caption=&#8220; font_size=&#8220; appearance=&#8220;]<br \/>\n[av_image src=&#8217;http:\/\/extrahot-bordercollies.de\/wp-content\/uploads\/2013\/05\/DSC_4120-2\u00b0-e1377101100203-270&#215;300.jpg&#8216; align=&#8217;center&#8216; animation=&#8217;no-animation&#8216; link=&#8220;]<\/p>\n<p>[av_image src=&#8217;http:\/\/extrahot-bordercollies.de\/wp-content\/uploads\/2013\/05\/10313714_816542008378136_3195578988323587561_n-300&#215;200.jpg&#8216; attachment=&#8217;2561&#8242; attachment_size=&#8217;medium&#8216; align=&#8217;center&#8216; animation=&#8217;no-animation&#8216; link=&#8220; target=&#8220; styling=&#8220; caption=&#8220; font_size=&#8220; appearance=&#8220;]<br \/>\n[\/av_image]<\/p>\n<p>[av_image src=&#8217;http:\/\/extrahot-bordercollies.de\/wp-content\/uploads\/2013\/05\/IMG_5952_haggisportrait-300&#215;200.jpg&#8216; attachment=&#8217;2562&#8242; attachment_size=&#8217;medium&#8216; align=&#8217;center&#8216; animation=&#8217;no-animation&#8216; link=&#8220; target=&#8220; styling=&#8220; caption=&#8220; font_size=&#8220; appearance=&#8220;]<br \/>\n[av_image src=&#8217;http:\/\/extrahot-bordercollies.de\/wp-content\/uploads\/2013\/05\/DSC_4120-2\u00b0-e1377101100203-270&#215;300.jpg&#8216; align=&#8217;center&#8216; animation=&#8217;no-animation&#8216; link=&#8220;]<\/p>\n<p>[av_image src=&#8217;http:\/\/extrahot-bordercollies.de\/wp-content\/uploads\/2013\/05\/10313714_816542008378136_3195578988323587561_n-300&#215;200.jpg&#8216; attachment=&#8217;2561&#8242; attachment_size=&#8217;medium&#8216; align=&#8217;center&#8216; animation=&#8217;no-animation&#8216; link=&#8220; target=&#8220; styling=&#8220; caption=&#8220; font_size=&#8220; appearance=&#8220;]<br \/>\n[\/av_image]<\/p>\n<p>[\/av_one_fourth][av_one_fourth]<\/p>\n<p>[av_textblock size=&#8220; font_color=&#8220; color=&#8220;]<br \/>\n<strong>BH<\/strong><br \/>\n<strong>Agility 2<\/strong><br \/>\n<strong>Obedience<\/strong><\/p>\n<p>VDH\/ZBrH\/BOC 16543<br \/>\nR\u00fcde, tricolor<\/p>\n<p>geboren um 17.04 Uhr mit 336 g<\/p>\n<p>HD, ED, OCD &#8211; frei lt. Tierarzt<\/p>\n<p>frei von jeglichen Augenkrankheiten am 28.03.13<br \/>\nDNA CEA normal<br \/>\nDNA TNS normal<\/p>\n<p>Besitzer: Matthias Kirk<br \/>\nhttp:\/\/8beine3ohren.wordpress.com\/<br \/>\n[\/av_textblock]<\/p>\n<p>[\/av_one_fourth][av_one_half]<\/p>\n<p>[av_gallery ids=&#8217;1876,1877,1878,1879,1880,1881,1882,1883,1884,1885,1886,1887,2250,2249,2244,2243,2240,2239,2237,2236,2562,2563,2564,2565,2566,2567,2568,2569,2570,2571,2572,2573,2574,2575,2576,2577&#8242; style=&#8217;thumbnails&#8216; preview_size=&#8217;portfolio&#8216; crop_big_preview_thumbnail=&#8217;avia-gallery-big-crop-thumb&#8216; thumb_size=&#8217;square&#8216; columns=&#8217;6&#8242; imagelink=&#8217;lightbox&#8216; lazyload=&#8217;avia_lazyload&#8216;]<\/p>\n<p>[\/av_one_half][av_hr class=&#8217;default&#8216; height=&#8217;50&#8216; shadow=&#8217;no-shadow&#8216; position=&#8217;center&#8216;]<\/p>\n<p>[av_one_half first]<\/p>\n<p>[av_textblock size=&#8220; font_color=&#8220; color=&#8220;]<\/p>\n<h3><strong>Extra Hot Amachito &#8218;Chess&#8216;<\/strong><\/h3>\n<p>[\/av_textblock]<\/p>\n<p>[\/av_one_half][av_one_fourth]<\/p>\n<p>[\/av_one_fourth][av_one_fourth]<\/p>\n<p>[\/av_one_fourth][av_one_fourth first]<\/p>\n<p>[av_image src=&#8217;http:\/\/extrahot-bordercollies.de\/wp-content\/uploads\/2013\/05\/Chess_G13-e1368105450506.jpg&#8216; align=&#8217;center&#8216; animation=&#8217;no-animation&#8216; link=&#8220;]<br \/>\n[av_image src=&#8217;http:\/\/extrahot-bordercollies.de\/wp-content\/uploads\/2013\/05\/comp_IMG_0393-e1377101010132-255&#215;300.jpg&#8216; align=&#8217;center&#8216; animation=&#8217;no-animation&#8216; link=&#8220;]<\/p>\n<p>[av_image src=&#8217;http:\/\/extrahot-bordercollies.de\/wp-content\/uploads\/2013\/05\/DSC_1147-300&#215;200.jpg&#8216; attachment=&#8217;2583&#8242; attachment_size=&#8217;medium&#8216; align=&#8217;center&#8216; animation=&#8217;no-animation&#8216; link=&#8220; target=&#8220; styling=&#8220; caption=&#8220; font_size=&#8220; appearance=&#8220;]<br \/>\n[\/av_image]<\/p>\n<p>[av_image src=&#8217;http:\/\/extrahot-bordercollies.de\/wp-content\/uploads\/2013\/05\/comp_IMG_0393-e1377101010132-255&#215;300.jpg&#8216; attachment=&#8217;2259&#8242; attachment_size=&#8217;medium&#8216; align=&#8217;center&#8216; animation=&#8217;no-animation&#8216; link=&#8220; target=&#8220; styling=&#8220; caption=&#8220; font_size=&#8220; appearance=&#8220;]<br \/>\n[av_image src=&#8217;http:\/\/extrahot-bordercollies.de\/wp-content\/uploads\/2013\/05\/comp_IMG_0393-e1377101010132-255&#215;300.jpg&#8216; align=&#8217;center&#8216; animation=&#8217;no-animation&#8216; link=&#8220;]<\/p>\n<p>[av_image src=&#8217;http:\/\/extrahot-bordercollies.de\/wp-content\/uploads\/2013\/05\/DSC_1147-300&#215;200.jpg&#8216; attachment=&#8217;2583&#8242; attachment_size=&#8217;medium&#8216; align=&#8217;center&#8216; animation=&#8217;no-animation&#8216; link=&#8220; target=&#8220; styling=&#8220; caption=&#8220; font_size=&#8220; appearance=&#8220;]<br \/>\n[\/av_image]<\/p>\n<p>[av_image src=&#8217;http:\/\/extrahot-bordercollies.de\/wp-content\/uploads\/2013\/05\/DSC_1147-300&#215;200.jpg&#8216; attachment=&#8217;2583&#8242; attachment_size=&#8217;medium&#8216; align=&#8217;center&#8216; animation=&#8217;no-animation&#8216; link=&#8220; target=&#8220; styling=&#8220; caption=&#8220; font_size=&#8220; appearance=&#8220;]<br \/>\n[av_image src=&#8217;http:\/\/extrahot-bordercollies.de\/wp-content\/uploads\/2013\/05\/comp_IMG_0393-e1377101010132-255&#215;300.jpg&#8216; align=&#8217;center&#8216; animation=&#8217;no-animation&#8216; link=&#8220;]<\/p>\n<p>[av_image src=&#8217;http:\/\/extrahot-bordercollies.de\/wp-content\/uploads\/2013\/05\/DSC_1147-300&#215;200.jpg&#8216; attachment=&#8217;2583&#8242; attachment_size=&#8217;medium&#8216; align=&#8217;center&#8216; animation=&#8217;no-animation&#8216; link=&#8220; target=&#8220; styling=&#8220; caption=&#8220; font_size=&#8220; appearance=&#8220;]<br \/>\n[\/av_image]<\/p>\n<p>[\/av_one_fourth][av_one_fourth]<\/p>\n<p>[av_textblock size=&#8220; font_color=&#8220; color=&#8220;]<br \/>\n<strong>BH<\/strong><br \/>\n<strong>Agility<\/strong><\/p>\n<p>VDH\/ZBrH\/BOC 16542<br \/>\nR\u00fcde, schwarz-wei\u00df<\/p>\n<p>geboren um 17.51 Uhr mit 351 g<\/p>\n<p>frei von jeglichen Augenkrankheiten am 28.03.13<br \/>\nDNA CEA normal<br \/>\nDNA TNS normal<\/p>\n<p>Besitzer: Familie Mordek<br \/>\n[\/av_textblock]<\/p>\n<p>[\/av_one_fourth][av_one_half]<\/p>\n<p>[av_gallery ids=&#8217;1892,1894,1895,1896,1897,1898,1899,1900,1901,1903,1986,1985,1984,1983,2098,2099,2105,2104,2103,2101,2100,2255,2256,2257,2266,2260,2259,2358,2359,2360,2579,2584,2583,2582,2581,2580&#8242; style=&#8217;thumbnails&#8216; preview_size=&#8217;portfolio&#8216; crop_big_preview_thumbnail=&#8217;avia-gallery-big-crop-thumb&#8216; thumb_size=&#8217;square&#8216; columns=&#8217;6&#8242; imagelink=&#8217;lightbox&#8216; lazyload=&#8217;avia_lazyload&#8216;]<\/p>\n<p>[\/av_one_half][av_hr class=&#8217;default&#8216; height=&#8217;50&#8216; shadow=&#8217;no-shadow&#8216; position=&#8217;center&#8216;]<\/p>\n<p>[av_one_half first]<\/p>\n<p>[av_textblock size=&#8220; font_color=&#8220; color=&#8220;]<\/p>\n<h3><strong>Extra Hot Aribibi &#8218;Zoom&#8216;<\/strong><\/h3>\n<p>[\/av_textblock]<\/p>\n<p>[\/av_one_half][av_one_fourth]<\/p>\n<p>[\/av_one_fourth][av_one_fourth]<\/p>\n<p>[\/av_one_fourth][av_one_fourth first]<\/p>\n<p>[av_image src=&#8217;http:\/\/extrahot-bordercollies.de\/wp-content\/uploads\/2013\/05\/Zoom11-e1368105794444.jpg&#8216; align=&#8217;center&#8216; animation=&#8217;no-animation&#8216; link=&#8220;]<br \/>\n[av_image src=&#8217;http:\/\/extrahot-bordercollies.de\/wp-content\/uploads\/2013\/05\/comp_IMG_0390-e1377101063300-264&#215;300.jpg&#8216; align=&#8217;center&#8216; animation=&#8217;no-animation&#8216; link=&#8220;]<\/p>\n<p>[av_image src=&#8217;http:\/\/extrahot-bordercollies.de\/wp-content\/uploads\/2013\/05\/DSC_43451-300&#215;200.jpg&#8216; attachment=&#8217;2578&#8242; attachment_size=&#8217;medium&#8216; align=&#8217;center&#8216; animation=&#8217;no-animation&#8216; link=&#8220; target=&#8220; styling=&#8220; caption=&#8220; font_size=&#8220; appearance=&#8220;]<br \/>\n[\/av_image]<\/p>\n<p>[av_image src=&#8217;http:\/\/extrahot-bordercollies.de\/wp-content\/uploads\/2013\/05\/comp_IMG_0390-e1377101063300-264&#215;300.jpg&#8216; attachment=&#8217;2258&#8242; attachment_size=&#8217;medium&#8216; align=&#8217;center&#8216; animation=&#8217;no-animation&#8216; link=&#8220; target=&#8220; styling=&#8220; caption=&#8220; font_size=&#8220; appearance=&#8220;]<br \/>\n[av_image src=&#8217;http:\/\/extrahot-bordercollies.de\/wp-content\/uploads\/2013\/05\/comp_IMG_0390-e1377101063300-264&#215;300.jpg&#8216; align=&#8217;center&#8216; animation=&#8217;no-animation&#8216; link=&#8220;]<\/p>\n<p>[av_image src=&#8217;http:\/\/extrahot-bordercollies.de\/wp-content\/uploads\/2013\/05\/DSC_43451-300&#215;200.jpg&#8216; attachment=&#8217;2578&#8242; attachment_size=&#8217;medium&#8216; align=&#8217;center&#8216; animation=&#8217;no-animation&#8216; link=&#8220; target=&#8220; styling=&#8220; caption=&#8220; font_size=&#8220; appearance=&#8220;]<br \/>\n[\/av_image]<\/p>\n<p>[\/av_one_fourth][av_one_fourth]<\/p>\n<p>[av_textblock size=&#8220; font_color=&#8220; color=&#8220;]<br \/>\n<strong>BH<br \/>\n<\/strong><strong>Obedience<br \/>\n<\/strong><strong>Agility 1<\/strong><\/p>\n<p>VDH\/ZBrH\/BOC 16545<br \/>\nH\u00fcndin, schwarz-wei\u00df<\/p>\n<p>geboren um 19.20 Uhr mit 393 g<\/p>\n<p>HD &#8211; A1<br \/>\nED &#8211; 0\/0<\/p>\n<p>frei von jeglichen Augenkrankheiten am 28.03.13<br \/>\nDNA CEA normal<br \/>\nDNA TNS normal<\/p>\n<p>Besitzer: wir<\/p>\n<p>Zoom hat <a title=\"Zoom\" href=\"http:\/\/extrahot-bordercollies.de\/?page_id=1524\">hier<\/a> ihre eigene Seite!<br \/>\n[\/av_textblock]<\/p>\n<p>[\/av_one_fourth][av_one_half]<\/p>\n<p>[av_gallery ids=&#8217;1910,1911,1918,1908,1909,1915,1914,1916,1912,1917&#8242; style=&#8217;thumbnails&#8216; preview_size=&#8217;portfolio&#8216; thumb_size=&#8217;square&#8216; columns=&#8217;4&#8242; imagelink=&#8217;lightbox&#8216;]<\/p>\n<p>[\/av_one_half][\/av_section]<\/p>\n","protected":false},"excerpt":{"rendered":"<p>[av_section color=&#8217;main_color&#8216; custom_bg=&#8220; src=&#8220; position=&#8217;top left&#8216; repeat=&#8217;no-repeat&#8216; attach=&#8217;scroll&#8216; padding=&#8217;default&#8216; shadow=&#8217;no-shadow&#8216;] [av_one_full first] [av_textblock size=&#8220; font_color=&#8220; color=&#8220;] A &#8211; Wurf * 04.02.2013 de risan Extra Hot x Llangadog Gary [\/av_textblock] [\/av_one_full][av_one_half first] [av_image src=&#8217;http:\/\/extrahot-bordercollies.de\/wp-content\/uploads\/2013\/05\/DSC_4349-300&#215;200.jpg&#8216; attachment=&#8217;2530&#8242; attachment_size=&#8217;medium&#8216; align=&#8217;center&#8216; animation=&#8217;no-animation&#8216; link=&#8220; target=&#8220; styling=&#8220; caption=&#8220; font_size=&#8220; appearance=&#8220;][\/av_image] [\/av_one_half][av_one_half] [av_image src=&#8217;http:\/\/extrahot-bordercollies.de\/wp-content\/uploads\/2013\/05\/llangadog-gary11-300&#215;204.jpg&#8216; attachment=&#8217;2559&#8242; attachment_size=&#8217;medium&#8216; align=&#8217;center&#8216; animation=&#8217;no-animation&#8216; link=&#8220; target=&#8220; styling=&#8220; caption=&#8220; font_size=&#8220; [&hellip;]<\/p>\n","protected":false},"author":2,"featured_media":0,"parent":1838,"menu_order":1,"comment_status":"open","ping_status":"closed","template":"","meta":{"footnotes":""},"class_list":["post-1851","page","type-page","status-publish","hentry"],"_links":{"self":[{"href":"https:\/\/extrahot-bordercollies.de\/index.php?rest_route=\/wp\/v2\/pages\/1851","targetHints":{"allow":["GET"]}}],"collection":[{"href":"https:\/\/extrahot-bordercollies.de\/index.php?rest_route=\/wp\/v2\/pages"}],"about":[{"href":"https:\/\/extrahot-bordercollies.de\/index.php?rest_route=\/wp\/v2\/types\/page"}],"author":[{"embeddable":true,"href":"https:\/\/extrahot-bordercollies.de\/index.php?rest_route=\/wp\/v2\/users\/2"}],"replies":[{"embeddable":true,"href":"https:\/\/extrahot-bordercollies.de\/index.php?rest_route=%2Fwp%2Fv2%2Fcomments&post=1851"}],"version-history":[{"count":47,"href":"https:\/\/extrahot-bordercollies.de\/index.php?rest_route=\/wp\/v2\/pages\/1851\/revisions"}],"predecessor-version":[{"id":3042,"href":"https:\/\/extrahot-bordercollies.de\/index.php?rest_route=\/wp\/v2\/pages\/1851\/revisions\/3042"}],"up":[{"embeddable":true,"href":"https:\/\/extrahot-bordercollies.de\/index.php?rest_route=\/wp\/v2\/pages\/1838"}],"wp:attachment":[{"href":"https:\/\/extrahot-bordercollies.de\/index.php?rest_route=%2Fwp%2Fv2%2Fmedia&parent=1851"}],"curies":[{"name":"wp","href":"https:\/\/api.w.org\/{rel}","templated":true}]}}