{"id":1797,"date":"2013-05-09T13:30:53","date_gmt":"2013-05-09T11:30:53","guid":{"rendered":"http:\/\/extrahot-bordercollies.de\/?page_id=1797"},"modified":"2014-07-05T11:07:40","modified_gmt":"2014-07-05T09:07:40","slug":"zucht-3","status":"publish","type":"page","link":"https:\/\/extrahot-bordercollies.de\/?page_id=1797","title":{"rendered":"Zucht"},"content":{"rendered":"<p>[av_section color=&#8217;main_color&#8216; custom_bg=&#8220; src=&#8220; position=&#8217;top left&#8216; repeat=&#8217;no-repeat&#8216; attach=&#8217;scroll&#8216; padding=&#8217;default&#8216; shadow=&#8217;no-shadow&#8216;]<\/p>\n<p>[av_one_third first]<\/p>\n<p>[av_image src=&#8217;http:\/\/extrahot-bordercollies.de\/wp-content\/uploads\/2013\/05\/Zucht1.jpg&#8216; align=&#8217;center&#8216; animation=&#8217;no-animation&#8216; link=&#8220;]<\/p>\n<p>[\/av_one_third][av_two_third]<\/p>\n<p>[av_textblock]<br \/>\n<strong>\u00dcber die Extra Hots<\/strong><\/p>\n<p>Seit 2010 ist der Zwingername \u2018Extra Hot\u2019 international durch die FCI gesch\u00fctzt und steht seit unserem ersten Wurf im Jahr 2013 f\u00fcr arbeitsfreudige, hochmotivierte und fordernde Hunde, die gerne mit ihren Menschen zusammenarbeiten wollen. Einfach ganz besondere Border Collies!<br \/>\n\u200b<br \/>\nWir z\u00fcchten im Club f\u00fcr Britische H\u00fctehunde e.V. und unsere Welpen erhalten anerkannte Ahnentafeln von VDH\/FCI.<\/p>\n<p>Wir betreiben die Zucht weder nur als Hobby, noch kommerziell.<br \/>\n[\/av_textblock]<\/p>\n<p>[\/av_two_third][av_one_half first]<\/p>\n<p>[av_textblock]<br \/>\nDas Wohl unserer Hunde steht immer an erster Stelle, daher wird es bei uns nur wenige W\u00fcrfe geben, die dann aber etwas Besonderes sind. Niemals z\u00fcchten wir mit einer H\u00fcndin, die noch nicht ausreichend k\u00f6rperliche oder geistige Reife erlangt hat. Wir haben und halten unsere Hunde, weil wir sie sch\u00e4tzen und lieben. Sie brauchen sich ihren Platz in der Familie nicht zu verdienen.<\/p>\n<p>Wir betreiben die Zucht mit Herz und Verstand und w\u00fcnschen uns Menschen f\u00fcr unsere Welpen, die den Border Collie genauso lieben wie wir. Uns liegt das Wohl der Rasse sehr am Herzen, wir wollen keine schwarz-wei\u00dfen Hunde produzieren, sondern den feinf\u00fchligen, k\u00f6rperlich und geistig einsetzbaren Border Collie erhalten.<br \/>\n[\/av_textblock]<\/p>\n<p>[\/av_one_half][av_one_half]<\/p>\n<p>[av_image src=&#8217;http:\/\/extrahot-bordercollies.de\/wp-content\/uploads\/2014\/07\/20130301_143523-3-300&#215;200.jpg&#8216; align=&#8217;center&#8216; animation=&#8217;no-animation&#8216; link=&#8220;]<\/p>\n<p>[\/av_one_half][av_two_third first]<\/p>\n<p>[av_textblock]<br \/>\nWir z\u00fcchten au\u00dferdem nicht mit Showlinien und geben unsere Hunde keinesfalls nur als Familienhunde ab. Wer einen ruhigen Border Collie lediglich als Familienmitglied sucht, der ist bei uns an der falschen Adresse.<\/p>\n<p>Border Collies aus unserer Zucht sollen ihre Bestimmung haupts\u00e4chlich im Sport finden. Wir erwarten aus unseren Verpaarungen Hunde, die ein \u00fcberdurchschnittliches Motivationsniveau mitbringen und die stets gefallen und gefallen wollen. Unsere Hunde sollen leidenschaftlich gerne arbeiten, mit Stil und viel Ausstrahlung. Es liegt am Welpenk\u00e4ufer diese Veranlagung entsprechend zu f\u00f6rdern, ohne sie auszunutzen.<\/p>\n<p>Unsere Border Collies haben hohe Anspr\u00fcche, wollen und m\u00fcssen regelm\u00e4\u00dfig geistig und k\u00f6rperlich gefordert werden. Die zuk\u00fcnftigen Besitzer sollten bereit sein, ihren Alltag auch ein wenig an die Bed\u00fcrfnisse des Hundes anzupassen.<br \/>\n[\/av_textblock]<\/p>\n<p>[\/av_two_third][av_one_third]<\/p>\n<p>[av_image src=&#8217;http:\/\/extrahot-bordercollies.de\/wp-content\/uploads\/2013\/05\/Julie_G10-e1368100161788.jpg&#8216; align=&#8217;center&#8216; animation=&#8217;no-animation&#8216; link=&#8220;]<\/p>\n<p>[\/av_one_third][av_hr class=&#8217;default&#8216; height=&#8217;50&#8216; shadow=&#8217;no-shadow&#8216; position=&#8217;center&#8216;]<\/p>\n<p>[av_one_full first]<\/p>\n<p>[av_textblock]<br \/>\n<strong>Gedanken zur Zucht<\/strong><\/p>\n<p>Verantwortungsvolle Zucht f\u00e4ngt f\u00fcr uns schon mit der Haltung und Versorgung unserer eigenen Hunde an. Unsere Hunde leben ausschlie\u00dflich mit uns im Haus und als komplettes Rudel \u2013 nur so k\u00f6nnen sie ihre sozialen Bed\u00fcrfnisse angemessen ausleben. Sie begleiten uns im Urlaub und im Alltag, werden ihren Anspr\u00fcchen entsprechend besch\u00e4ftigt und artgerecht ern\u00e4hrt. Nur durch das enge Zusammenleben mit den Hunden, k\u00f6nnen wir entscheiden, ob ein Border Collie in die Zucht gehen kann und soll.<br \/>\n[\/av_textblock]<\/p>\n<p>[\/av_one_full][av_one_half first]<\/p>\n<p>[av_image src=&#8217;http:\/\/extrahot-bordercollies.de\/wp-content\/uploads\/2013\/05\/Zucht5.jpg&#8216; align=&#8217;center&#8216; animation=&#8217;no-animation&#8216; link=&#8220;]<\/p>\n<p>[\/av_one_half][av_one_half]<\/p>\n<p>[av_textblock]<br \/>\nVerantwortungsvoll z\u00fcchten heisst f\u00fcr uns, keine Hals-\u00fcber-Kopf Entscheidungen zu treffen. Dazu geh\u00f6rt auch eine lange im Voraus verwirklichte Zuchtst\u00e4tte zu schaffen, Verpaarungen langfristig zu planen und potenzielle R\u00fcden und deren Nachzucht zu beobachten. Der Trend geht leider zu immer weniger Information \u00fcber die Linien und das kann nicht im Sinne der Rasse sein.<\/p>\n<p>Verantwortungsvolle Zucht von Border Collies beinhaltet f\u00fcr uns viel Fachwissen, die Kenntnis der Linien unserer Hunde und jahrelange Erfahrung im Halten der Rasse. Border Collies sind anspruchsvolle Hunde und trotzdem hat jeder Border Collie seine eigenen speziellen Bed\u00fcrfnisse.<\/p>\n<p>Border Collies sind gerade gro\u00df in Mode \u2013 im Ausstellungsring und auf Hundepl\u00e4tzen. Gerade im Sport sieht man h\u00e4ufig v\u00f6llig abgedrehte und hyperaktive Hunde, die kaum kontrollierbar scheinen.<\/p>\n<p>Typisch Border Collie? Falsch!<br \/>\n[\/av_textblock]<\/p>\n<p>[\/av_one_half][av_one_full first]<\/p>\n<p>[av_textblock]<br \/>\nWir legen bei der Auswahl unserer Zuchttiere gro\u00dfen Wert auf gute Ansprechbar- und Trainierbarkeit. Das in Kombination mit einer intensiven Pr\u00e4gung auf den Menschen und Sozialisation auf typische Umweltreize schaffen einen Welpen, der alles mitbringt, um sich in seinem neuen Umfeld und seiner zuk\u00fcnftigen Aufgabe gut zurechtzufinden.<\/p>\n<p>Border Collies werden noch nicht lange rein auf Sch\u00f6nheit gez\u00fcchtet, daher befinden wir uns momentan an einem Scheideweg. Wenn nicht genug daf\u00fcr getan wird, dass Border Collies wieder haupts\u00e4chlich oder zumindest wieder mehr auf Arbeitsleistung selektiert werden, haben wir bald nur noch h\u00fcbsche schwarz-wei\u00dfe Hunde.<br \/>\n[\/av_textblock]<\/p>\n<p>[\/av_one_full][av_one_third first]<\/p>\n<p>[av_image src=&#8217;http:\/\/extrahot-bordercollies.de\/wp-content\/uploads\/2013\/05\/Zucht4.jpg&#8216; align=&#8217;center&#8216; animation=&#8217;no-animation&#8216; link=&#8220;]<\/p>\n<p>[\/av_one_third][av_one_third]<\/p>\n<p>[av_image src=&#8217;http:\/\/extrahot-bordercollies.de\/wp-content\/uploads\/2013\/05\/Zucht6.jpg&#8216; align=&#8217;center&#8216; animation=&#8217;no-animation&#8216; link=&#8220;]<\/p>\n<p>[\/av_one_third][av_one_third]<\/p>\n<p>[av_image src=&#8217;http:\/\/extrahot-bordercollies.de\/wp-content\/uploads\/2013\/05\/Zucht7.jpg&#8216; align=&#8217;center&#8216; animation=&#8217;no-animation&#8216; link=&#8220;]<\/p>\n<p>[\/av_one_third][av_hr class=&#8217;default&#8216; height=&#8217;50&#8216; shadow=&#8217;no-shadow&#8216; position=&#8217;center&#8216;]<\/p>\n<p>[av_one_half first]<\/p>\n<p>[av_image src=&#8217;http:\/\/extrahot-bordercollies.de\/wp-content\/uploads\/2013\/05\/20130302_151824-e1368102695319-1030&#215;1030.jpg&#8216; align=&#8217;center&#8216; animation=&#8217;no-animation&#8216; link=&#8220;]<\/p>\n<p>[\/av_one_half][av_one_half]<\/p>\n<p>[av_textblock]<br \/>\n<strong>Unsere Welpen<\/strong><\/p>\n<p>Unsere Welpen werden von uns liebevoll im Haus aufgezogen und vom ersten Tag an mit dem engen Kontakt mit dem Menschen vertraut gemacht.<br \/>\nBorder Collies sind sehr soziale Hunde und uns ist es wichtig, dass die Welpen auch mit ihren zuk\u00fcnftigen Besitzern eng zusammenleben k\u00f6nnen.<br \/>\nKeinesfalls geben wir unsere Welpen in Zwingerhaltung ab!<\/p>\n<p>Uns liegt sehr viel an unseren Welpen. Wir m\u00f6chten gerne mit den zuk\u00fcnftigen Besitzern in Kontakt bleiben und verfolgen, wie sich die Kleinen entwickeln und wie sie arbeiten.<br \/>\n\u200b<br \/>\nWir ziehen unsere Welpen haupts\u00e4chlich mit Rohfutter auf und w\u00fcrden uns freuen, wenn das im neuen Zuhause beibehalten w\u00fcrde. Nat\u00fcrlich ist das kein Muss, aber wir haben bei allen unseren Hunden ausschlie\u00dflich positive Erfahrungen gemacht und stehen mit Erfahrung und Rat zur Seite.<br \/>\n\u200b<br \/>\nWie bereits erw\u00e4hnt brauchen Border Collies aus unseren Verpaarungen ausreichend Besch\u00e4ftigung. Wir sind aber keine Freunde von vollen Stundenpl\u00e4nen, auch wenn f\u00fcr uns Menschen abwechslungsreiches Training spannend scheinen mag. Border Collies kann man nicht nur unter- sondern auch \u00fcberfordern.<br \/>\n[\/av_textblock]<\/p>\n<p>[\/av_one_half][\/av_section][av_one_third first]<br \/>\n[av_image src=&#8217;http:\/\/extrahot-bordercollies.de\/wp-content\/uploads\/2014\/07\/20130306_082959-300&#215;200.jpg&#8216; align=&#8217;center&#8216; animation=&#8217;no-animation&#8216; link=&#8220;]<br \/>\n[\/av_one_third]<\/p>\n<p>[av_one_third]<br \/>\n[av_image src=&#8217;http:\/\/extrahot-bordercollies.de\/wp-content\/uploads\/2014\/07\/20130302_090556-300&#215;200.jpg&#8216; align=&#8217;center&#8216; animation=&#8217;no-animation&#8216; link=&#8220;]<br \/>\n[\/av_one_third]<\/p>\n<p>[av_one_third]<br \/>\n[av_image src=&#8217;http:\/\/extrahot-bordercollies.de\/wp-content\/uploads\/2014\/07\/20130317_082640-300&#215;199.jpg&#8216; align=&#8217;center&#8216; animation=&#8217;no-animation&#8216; link=&#8220;]<br \/>\n[\/av_one_third]<\/p>\n","protected":false},"excerpt":{"rendered":"<p>[av_section color=&#8217;main_color&#8216; custom_bg=&#8220; src=&#8220; position=&#8217;top left&#8216; repeat=&#8217;no-repeat&#8216; attach=&#8217;scroll&#8216; padding=&#8217;default&#8216; shadow=&#8217;no-shadow&#8216;] [av_one_third first] [av_image src=&#8217;http:\/\/extrahot-bordercollies.de\/wp-content\/uploads\/2013\/05\/Zucht1.jpg&#8216; align=&#8217;center&#8216; animation=&#8217;no-animation&#8216; link=&#8220;] [\/av_one_third][av_two_third] [av_textblock] \u00dcber die Extra Hots Seit 2010 ist der Zwingername \u2018Extra Hot\u2019 international durch die FCI gesch\u00fctzt und steht seit unserem ersten Wurf im Jahr 2013 f\u00fcr arbeitsfreudige, hochmotivierte und fordernde Hunde, die gerne mit ihren Menschen [&hellip;]<\/p>\n","protected":false},"author":2,"featured_media":0,"parent":0,"menu_order":4,"comment_status":"open","ping_status":"closed","template":"","meta":{"footnotes":""},"class_list":["post-1797","page","type-page","status-publish","hentry"],"_links":{"self":[{"href":"https:\/\/extrahot-bordercollies.de\/index.php?rest_route=\/wp\/v2\/pages\/1797","targetHints":{"allow":["GET"]}}],"collection":[{"href":"https:\/\/extrahot-bordercollies.de\/index.php?rest_route=\/wp\/v2\/pages"}],"about":[{"href":"https:\/\/extrahot-bordercollies.de\/index.php?rest_route=\/wp\/v2\/types\/page"}],"author":[{"embeddable":true,"href":"https:\/\/extrahot-bordercollies.de\/index.php?rest_route=\/wp\/v2\/users\/2"}],"replies":[{"embeddable":true,"href":"https:\/\/extrahot-bordercollies.de\/index.php?rest_route=%2Fwp%2Fv2%2Fcomments&post=1797"}],"version-history":[{"count":29,"href":"https:\/\/extrahot-bordercollies.de\/index.php?rest_route=\/wp\/v2\/pages\/1797\/revisions"}],"predecessor-version":[{"id":2500,"href":"https:\/\/extrahot-bordercollies.de\/index.php?rest_route=\/wp\/v2\/pages\/1797\/revisions\/2500"}],"wp:attachment":[{"href":"https:\/\/extrahot-bordercollies.de\/index.php?rest_route=%2Fwp%2Fv2%2Fmedia&parent=1797"}],"curies":[{"name":"wp","href":"https:\/\/api.w.org\/{rel}","templated":true}]}}