{"id":1742,"date":"2013-05-09T11:15:02","date_gmt":"2013-05-09T09:15:02","guid":{"rendered":"http:\/\/extrahot-bordercollies.de\/?page_id=1742"},"modified":"2019-08-12T22:33:45","modified_gmt":"2019-08-12T20:33:45","slug":"spice","status":"publish","type":"page","link":"https:\/\/extrahot-bordercollies.de\/?page_id=1742","title":{"rendered":"Spice"},"content":{"rendered":"<p>[av_section color=&#8217;main_color&#8216; custom_bg=&#8220; src=&#8220; position=&#8217;top left&#8216; repeat=&#8217;no-repeat&#8216; attach=&#8217;scroll&#8216; padding=&#8217;default&#8216; shadow=&#8217;no-shadow&#8216;]<\/p>\n<p>[av_one_third first]<\/p>\n<p>[av_image src=&#8217;http:\/\/extrahot-bordercollies.de\/wp-content\/uploads\/2012\/11\/Spicy_Update-e1368091481917.jpg&#8216; align=&#8217;center&#8216; animation=&#8217;no-animation&#8216; link=&#8220;]<br \/>\n[av_image src=&#8217;http:\/\/extrahot-bordercollies.de\/wp-content\/uploads\/2013\/05\/DSC_4380-2-300&#215;300.jpg&#8216; attachment=&#8217;2529&#8242; attachment_size=&#8217;medium&#8216; align=&#8217;center&#8216; animation=&#8217;no-animation&#8216; link=&#8220; target=&#8220; styling=&#8220; caption=&#8220; font_size=&#8220; appearance=&#8220;]<br \/>\n[\/av_image]<\/p>\n<p>[av_image src=&#8217;http:\/\/extrahot-bordercollies.de\/wp-content\/uploads\/2013\/05\/DSC_4380-2-300&#215;300.jpg&#8216; attachment=&#8217;2529&#8242; attachment_size=&#8217;medium&#8216; align=&#8217;center&#8216; animation=&#8217;no-animation&#8216; link=&#8220; target=&#8220; styling=&#8220; caption=&#8220; font_size=&#8220; appearance=&#8220;][\/av_image]<\/p>\n<p>[\/av_one_third][av_one_third min_height=&#8220; vertical_alignment=&#8220; space=&#8220; custom_margin=&#8220; margin=&#8217;0px&#8216; padding=&#8217;0px&#8216; border=&#8220; border_color=&#8220; radius=&#8217;0px&#8216; background_color=&#8220; src=&#8220; background_position=&#8217;top left&#8216; background_repeat=&#8217;no-repeat&#8216; animation=&#8220; mobile_display=&#8220;]<\/p>\n<p>[av_textblock size=&#8220; font_color=&#8220; color=&#8220;]<br \/>\n<strong>Ob. Ch. de risan Extra Hot<\/strong><\/p>\n<p><strong>&#8218;Spicy&#8216;<\/strong><\/p>\n<p>*<strong> 12.05.2008<\/strong><\/p>\n<p>VDH\/ZBrH\/BOC 12137<br \/>\nKennel Club Stud Book 2739CZ (on merit)<\/p>\n<p>H\u00fcndin, schwarz-wei\u00df<\/p>\n<p>HD &#8211; A<br \/>\nED &#8211; frei<\/p>\n<p>vollzahniges Scherengebiss<\/p>\n<p>CEA genetisch normal<br \/>\nCEA, PRA, Katarakt frei 30.06.08 und 14.01.10<br \/>\nGoniodysgenesis &#8211; frei 14.01.10<\/p>\n<p>TNS &#8211; normal durch die Eltern<br \/>\nMDR1 +\/+<\/p>\n<p>K\u00f6rklasse 1<\/p>\n<p>BH<br \/>\nFCI Obedience 1<br \/>\nUK Obedience C only<br \/>\nqualified for Championship C<\/p>\n<p>4 Obedience CCs<\/p>\n<p>Crufts qualified 2015, 2018 \u00a0und 2019<\/p>\n<p>Mutter unseres <a href=\"http:\/\/extrahot-bordercollies.de\/?page_id=1851\">A-Wurf<\/a> und <a href=\"http:\/\/extrahot-bordercollies.de\/?page_id=2887\">B-Wurf<\/a><br \/>\n[\/av_textblock]<\/p>\n<p>[\/av_one_third][av_one_third min_height=&#8220; vertical_alignment=&#8220; space=&#8220; custom_margin=&#8220; margin=&#8217;0px&#8216; padding=&#8217;0px&#8216; border=&#8220; border_color=&#8220; radius=&#8217;0px&#8216; background_color=&#8220; src=&#8220; background_position=&#8217;top left&#8216; background_repeat=&#8217;no-repeat&#8216; animation=&#8220; mobile_display=&#8220;]<\/p>\n<p>[av_image src=&#8217;http:\/\/extrahot-bordercollies.de\/wp-content\/uploads\/2013\/05\/DSC_4349-300&#215;200.jpg&#8216; attachment=&#8217;2530&#8242; attachment_size=&#8217;medium&#8216; align=&#8217;center&#8216; animation=&#8217;no-animation&#8216; link=&#8220; target=&#8220; styling=&#8220; caption=&#8220; font_size=&#8220; appearance=&#8220;][\/av_image]<\/p>\n<p>[av_hr class=&#8217;default&#8216; height=&#8217;50&#8216; shadow=&#8217;no-shadow&#8216; position=&#8217;center&#8216; custom_border=&#8217;av-border-thin&#8216; custom_width=&#8217;50px&#8216; custom_border_color=&#8220; custom_margin_top=&#8217;30px&#8216; custom_margin_bottom=&#8217;30px&#8216; icon_select=&#8217;yes&#8216; custom_icon_color=&#8220; icon=&#8217;ue808&#8242;]<\/p>\n<p>[av_button label=&#8217;Pedigree&#8216; link=&#8217;page,1975&#8242; link_target=&#8220; color=&#8217;theme-color&#8216; custom_bg=&#8217;#444444&#8242; custom_font=&#8217;#ffffff&#8216; size=&#8217;medium&#8216; position=&#8217;center&#8216; icon_select=&#8217;no&#8216; icon=&#8217;25&#8216;]<\/p>\n<p>[av_button label=&#8217;Sport&#8216; link=&#8217;page,1770&#8242; link_target=&#8220; color=&#8217;theme-color&#8216; custom_bg=&#8217;#444444&#8242; custom_font=&#8217;#ffffff&#8216; size=&#8217;medium&#8216; position=&#8217;center&#8216; icon_select=&#8217;no&#8216; icon=&#8217;25&#8216;]<\/p>\n<p>[av_hr class=&#8217;default&#8216; height=&#8217;50&#8216; shadow=&#8217;no-shadow&#8216; position=&#8217;center&#8216; custom_border=&#8217;av-border-thin&#8216; custom_width=&#8217;50px&#8216; custom_border_color=&#8220; custom_margin_top=&#8217;30px&#8216; custom_margin_bottom=&#8217;30px&#8216; icon_select=&#8217;yes&#8216; custom_icon_color=&#8220; icon=&#8217;ue808&#8242;]<\/p>\n<p>[av_image src=&#8217;http:\/\/extrahot-bordercollies.de\/wp-content\/uploads\/2013\/05\/DSC_4333-300&#215;200.jpg&#8216; attachment=&#8217;2533&#8242; attachment_size=&#8217;medium&#8216; align=&#8217;center&#8216; animation=&#8217;no-animation&#8216; link=&#8220; target=&#8220; styling=&#8220; caption=&#8220; font_size=&#8220; appearance=&#8220;][\/av_image]<\/p>\n<p>[\/av_one_third][av_hr class=&#8217;default&#8216; height=&#8217;50&#8216; shadow=&#8217;no-shadow&#8216; position=&#8217;center&#8216;]<\/p>\n<p>[av_one_full first]<\/p>\n<p>[av_textblock size=&#8220; font_color=&#8220; color=&#8220;]<\/p>\n<p style=\"text-align: center;\"><strong><span style=\"font-family: Lobster, cursive; font-size: large;\">&#8218;Denn mein Gl\u00fcck bestand tats\u00e4chlich<br \/>\naus dem gleichen Geheimnis wie das Gl\u00fcck der Tr\u00e4ume,<br \/>\nes bestand aus der Freiheit,<br \/>\nalles irgend Erdenkliche gleichzeitig zu erleben,<br \/>\nAu\u00dfen und Innen spielend zu vertauschen,<br \/>\nZeit und Raum wie Kulissen zu verschieben.&#8216;<\/span><\/strong><\/p>\n<p style=\"text-align: center;\"><strong><span style=\"font-family: Lobster, cursive; font-size: large;\">Die Morgenlandfahrt von Hermann Hesse<\/span><\/strong><\/p>\n<p>[\/av_textblock]<\/p>\n<p>[\/av_one_full][av_hr class=&#8217;default&#8216; height=&#8217;50&#8216; shadow=&#8217;no-shadow&#8216; position=&#8217;center&#8216;]<\/p>\n<p>[av_one_half first]<\/p>\n<p>[av_textblock size=&#8220; font_color=&#8220; color=&#8220;]<br \/>\nMeine Prinzessin \u2013 wie die Zeit vergangen ist! Viel haben wir schon zusammen erlebt und in meinen Augen ist sie einfach perfekt!<\/p>\n<p>Spice erf\u00fcllt wirklich jeden Wunsch, jede Eigenschaft, an die ich auch nur ganz kurz und fl\u00fcchtig gedacht hatte, wie sie wohl sein k\u00f6nnte. Und trotz ihrer wenigen Macken ist sie sehr weit davon entfernt langweilig zu sein.<\/p>\n<p>Ich kann und will mich gar nicht mehr daran erinnern, wie die Zeit war, bevor sie kam. Uns muss auf jeden Fall sehr, sehr langweilig gewesen sein.<\/p>\n<p>Spicy ist einfach unglaublich lebensfroh, lustig, extrovertiert, kreativ und originell \u2013 die Gute Laune in Person.<\/p>\n<p>Unerm\u00fcdlich l\u00e4uft sie uns im Haus hinterher, legt sich stets zu unseren F\u00fc\u00dfen und ist in unserer N\u00e4he.<br \/>\nSie legt sich beim Staub saugen oder Kochen immer in den Weg, um zwischendurch angesprochen zu werden. \u00dcberhaupt liebt sie es, wenn man mit ihr spricht und ihr etwas erz\u00e4hlt.<\/p>\n<p>Beim Schmusen kann sie fast schon penetrant sein. Sie liebt es gestreichelt zu werden und versucht das auch sehr vehement durchzusetzen. Im Gegenzug wird man stundenlang liebevoll abgeschleckt.<\/p>\n<p>Spice hat so viele Qualit\u00e4ten, von denen einige eigentlich allt\u00e4glich, aber keineswegs selbstverst\u00e4ndlich sind.<br \/>\n[\/av_textblock]<\/p>\n<p>[\/av_one_half][av_one_half min_height=&#8220; vertical_alignment=&#8220; space=&#8220; custom_margin=&#8220; margin=&#8217;0px&#8216; padding=&#8217;0px&#8216; border=&#8220; border_color=&#8220; radius=&#8217;0px&#8216; background_color=&#8220; src=&#8220; background_position=&#8217;top left&#8216; background_repeat=&#8217;no-repeat&#8216; animation=&#8220; mobile_display=&#8220;]<\/p>\n<p>[av_image src=&#8217;http:\/\/extrahot-bordercollies.de\/wp-content\/uploads\/2013\/05\/Spicy5-e1368092070539.jpg&#8216; align=&#8217;center&#8216; animation=&#8217;no-animation&#8216; link=&#8220;]<\/p>\n<p>[\/av_one_half][av_one_third first]<\/p>\n<p>[av_image src=&#8217;http:\/\/extrahot-bordercollies.de\/wp-content\/uploads\/2010\/04\/09_09_18-09_27_25-DSC_0647-e1271887673746-300&#215;267.jpg&#8216; align=&#8217;center&#8216; animation=&#8217;no-animation&#8216; link=&#8220;]<\/p>\n<p>[\/av_one_third][av_one_third min_height=&#8220; vertical_alignment=&#8220; space=&#8220; custom_margin=&#8220; margin=&#8217;0px&#8216; padding=&#8217;0px&#8216; border=&#8220; border_color=&#8220; radius=&#8217;0px&#8216; background_color=&#8220; src=&#8220; background_position=&#8217;top left&#8216; background_repeat=&#8217;no-repeat&#8216; animation=&#8220; mobile_display=&#8220;]<\/p>\n<p>[av_image src=&#8217;http:\/\/extrahot-bordercollies.de\/wp-content\/uploads\/2010\/04\/09_09_18-09_27_31-DSC_0649-e1271887779136-300&#215;276.jpg&#8216; align=&#8217;center&#8216; animation=&#8217;no-animation&#8216; link=&#8220;]<\/p>\n<p>[\/av_one_third][av_one_third min_height=&#8220; vertical_alignment=&#8220; space=&#8220; custom_margin=&#8220; margin=&#8217;0px&#8216; padding=&#8217;0px&#8216; border=&#8220; border_color=&#8220; radius=&#8217;0px&#8216; background_color=&#8220; src=&#8220; background_position=&#8217;top left&#8216; background_repeat=&#8217;no-repeat&#8216; animation=&#8220; mobile_display=&#8220;]<\/p>\n<p>[av_image src=&#8217;http:\/\/extrahot-bordercollies.de\/wp-content\/uploads\/2010\/04\/09_09_18-09_27_26-DSC_0648-e1271887698551-300&#215;275.jpg&#8216; align=&#8217;center&#8216; animation=&#8217;no-animation&#8216; link=&#8220;]<\/p>\n<p>[\/av_one_third][av_one_full first]<\/p>\n<p>[av_textblock size=&#8220; font_color=&#8220; color=&#8220;]<br \/>\nManchmal muss ich in der Arbeit grinsen, einfach so \u2013 wenn ich daran denke, wie sie mich erwartet, wenn ich abends nach Hause komme. Wie sie dann lacht, in mein Ohr pustet und gl\u00fccklich ist.<\/p>\n<p>Ich erinnere mich noch genau an den ersten Abend, nachdem wir sie abgeholt hatten. Da lag sie auf meinen F\u00fc\u00dfen und schlief und ich habe mich nicht getraut, mich zu bewegen, weil ich sie nicht wecken wollte. Auch jetzt liegt sie wieder neben mir und w\u00e4re sofort wach, wenn ich nur den Stuhl verr\u00fccken w\u00fcrde.<\/p>\n<p>Ich habe hier jetzt bewusst nichts dazu geschrieben, wie toll sie arbeitet, weil es das gar nicht ist, was mich mit ihr so gl\u00fccklich macht. Ich wusste, dass ich einen guten Hund bekomme, mit viel Potential. Aber die Arbeit und auch die Pr\u00fcfungen, das ist nur der kleinste Teil unseres Lebens und sie darauf zu reduzieren w\u00e4re unfair.<br \/>\n[\/av_textblock]<\/p>\n<p>[\/av_one_full][av_one_third first]<\/p>\n<p>[av_image src=&#8217;http:\/\/extrahot-bordercollies.de\/wp-content\/uploads\/2013\/05\/Spice-e1368093633221.jpg&#8216; align=&#8217;center&#8216; animation=&#8217;no-animation&#8216; link=&#8220;]<\/p>\n<p>[\/av_one_third][av_two_third min_height=&#8220; vertical_alignment=&#8220; space=&#8220; custom_margin=&#8220; margin=&#8217;0px&#8216; padding=&#8217;0px&#8216; border=&#8220; border_color=&#8220; radius=&#8217;0px&#8216; background_color=&#8220; src=&#8220; background_position=&#8217;top left&#8216; background_repeat=&#8217;no-repeat&#8216; animation=&#8220; mobile_display=&#8220;]<\/p>\n<p>[av_textblock size=&#8220; font_color=&#8220; color=&#8220;]<br \/>\nEs ist ihre furchtbar liebevolle Art, ihre Offenheit, ihre Sensibilit\u00e4t \u2013 ihr ganzes Wesen und ihre Ausstrahlung, die sie so faszinierend machen.<\/p>\n<p>Ich wei\u00df, dass ich so einen Hund wahrscheinlich kein zweites Mal bekommen werde. Ich freue mich \u00fcber jeden Tag, den ich mit Spice verbringen kann. Auf jeden weiteren Tag, an dem sie mich zum Lachen bringt, an dem sie morgens zu mir ins Bett kriecht und an dem sie mir nicht von der Seite weicht.<\/p>\n<p>F\u00fcr uns ist Spicy ein ganz besonderer Hund. Wie langweilig w\u00e4re unser Leben ohne sie, wie viel weniger w\u00fcrden wir lachen.<br \/>\n\u200b<br \/>\nSie ist wirklich eine herausragende Pers\u00f6nlichkeit und ich bin gespannt, was das Leben f\u00fcr sie noch alles bereit h\u00e4lt.<br \/>\n[\/av_textblock]<\/p>\n<p>[\/av_two_third][av_one_full first]<\/p>\n<p>[av_gallery ids=&#8217;2216,2217,2218,2219,2220,2221,2222,2223,2604,2596,2593&#8242; style=&#8217;thumbnails&#8216; preview_size=&#8217;portfolio&#8216; crop_big_preview_thumbnail=&#8217;avia-gallery-big-crop-thumb&#8216; thumb_size=&#8217;portfolio&#8216; columns=&#8217;4&#8242; imagelink=&#8217;lightbox&#8216; lazyload=&#8217;avia_lazyload&#8216;]<\/p>\n<p>[\/av_one_full][\/av_section]<\/p>\n","protected":false},"excerpt":{"rendered":"<p>[av_section color=&#8217;main_color&#8216; custom_bg=&#8220; src=&#8220; position=&#8217;top left&#8216; repeat=&#8217;no-repeat&#8216; attach=&#8217;scroll&#8216; padding=&#8217;default&#8216; shadow=&#8217;no-shadow&#8216;] [av_one_third first] [av_image src=&#8217;http:\/\/extrahot-bordercollies.de\/wp-content\/uploads\/2012\/11\/Spicy_Update-e1368091481917.jpg&#8216; align=&#8217;center&#8216; animation=&#8217;no-animation&#8216; link=&#8220;] [av_image src=&#8217;http:\/\/extrahot-bordercollies.de\/wp-content\/uploads\/2013\/05\/DSC_4380-2-300&#215;300.jpg&#8216; attachment=&#8217;2529&#8242; attachment_size=&#8217;medium&#8216; align=&#8217;center&#8216; animation=&#8217;no-animation&#8216; link=&#8220; target=&#8220; styling=&#8220; caption=&#8220; font_size=&#8220; appearance=&#8220;] [\/av_image] [av_image src=&#8217;http:\/\/extrahot-bordercollies.de\/wp-content\/uploads\/2013\/05\/DSC_4380-2-300&#215;300.jpg&#8216; attachment=&#8217;2529&#8242; attachment_size=&#8217;medium&#8216; align=&#8217;center&#8216; animation=&#8217;no-animation&#8216; link=&#8220; target=&#8220; styling=&#8220; caption=&#8220; font_size=&#8220; appearance=&#8220;][\/av_image] [\/av_one_third][av_one_third min_height=&#8220; vertical_alignment=&#8220; space=&#8220; custom_margin=&#8220; margin=&#8217;0px&#8216; padding=&#8217;0px&#8216; border=&#8220; border_color=&#8220; radius=&#8217;0px&#8216; background_color=&#8220; src=&#8220; background_position=&#8217;top [&hellip;]<\/p>\n","protected":false},"author":2,"featured_media":0,"parent":1529,"menu_order":3,"comment_status":"open","ping_status":"closed","template":"","meta":{"footnotes":""},"class_list":["post-1742","page","type-page","status-publish","hentry"],"_links":{"self":[{"href":"https:\/\/extrahot-bordercollies.de\/index.php?rest_route=\/wp\/v2\/pages\/1742","targetHints":{"allow":["GET"]}}],"collection":[{"href":"https:\/\/extrahot-bordercollies.de\/index.php?rest_route=\/wp\/v2\/pages"}],"about":[{"href":"https:\/\/extrahot-bordercollies.de\/index.php?rest_route=\/wp\/v2\/types\/page"}],"author":[{"embeddable":true,"href":"https:\/\/extrahot-bordercollies.de\/index.php?rest_route=\/wp\/v2\/users\/2"}],"replies":[{"embeddable":true,"href":"https:\/\/extrahot-bordercollies.de\/index.php?rest_route=%2Fwp%2Fv2%2Fcomments&post=1742"}],"version-history":[{"count":34,"href":"https:\/\/extrahot-bordercollies.de\/index.php?rest_route=\/wp\/v2\/pages\/1742\/revisions"}],"predecessor-version":[{"id":3313,"href":"https:\/\/extrahot-bordercollies.de\/index.php?rest_route=\/wp\/v2\/pages\/1742\/revisions\/3313"}],"up":[{"embeddable":true,"href":"https:\/\/extrahot-bordercollies.de\/index.php?rest_route=\/wp\/v2\/pages\/1529"}],"wp:attachment":[{"href":"https:\/\/extrahot-bordercollies.de\/index.php?rest_route=%2Fwp%2Fv2%2Fmedia&parent=1742"}],"curies":[{"name":"wp","href":"https:\/\/api.w.org\/{rel}","templated":true}]}}