{"id":1621,"date":"2013-05-08T09:01:11","date_gmt":"2013-05-08T07:01:11","guid":{"rendered":"http:\/\/extrahot-bordercollies.de\/?page_id=1621"},"modified":"2014-06-28T22:00:06","modified_gmt":"2014-06-28T20:00:06","slug":"unvergessen","status":"publish","type":"page","link":"https:\/\/extrahot-bordercollies.de\/?page_id=1621","title":{"rendered":"Unvergessen"},"content":{"rendered":"<p>[av_section color=&#8217;main_color&#8216; custom_bg=&#8220; src=&#8220; position=&#8217;top left&#8216; repeat=&#8217;no-repeat&#8216; attach=&#8217;scroll&#8216; padding=&#8217;default&#8216; shadow=&#8217;no-shadow&#8216;][\/av_section]<\/p>\n<p>[av_one_full first]<br \/>\n[av_textblock ]<\/p>\n<p style=\"text-align: center;\"><strong><em>Das einzig wichtige im Leben\u00a0sind Spuren von Liebe,<br \/>\ndie wir hinterlassen,<br \/>\nwenn wir Abschied nehmen.<\/em><\/strong><\/p>\n<p style=\"text-align: center;\"><strong><em>(Albert Schweizer)<\/em><\/strong><\/p>\n<p>[\/av_textblock]<br \/>\n[\/av_one_full]<\/p>\n<p>[av_one_half first]<br \/>\n[av_image src=&#8217;http:\/\/extrahot-bordercollies.de\/wp-content\/uploads\/2013\/05\/Ashley1-300&#215;200.jpg&#8216; align=&#8217;center&#8216; animation=&#8217;no-animation&#8216; link=&#8220;]<\/p>\n<p>[av_image src=&#8217;http:\/\/extrahot-bordercollies.de\/wp-content\/uploads\/2010\/10\/Tag2-15-300&#215;200.jpg&#8216; align=&#8217;center&#8216; animation=&#8217;no-animation&#8216; link=&#8220;]<br \/>\n[\/av_one_half]<\/p>\n<p>[av_one_half]<\/p>\n<p>[av_heading heading=&#8217;Ashley&#8216; tag=&#8217;h3&#8242; color=&#8220; style=&#8217;blockquote classic-quote&#8216; padding=&#8217;10&#8216;]<\/p>\n<p>[av_heading heading=&#8217;08.10.1998 &#8211; 19.03.2014&#8242; tag=&#8217;h3&#8242; color=&#8220; style=&#8217;blockquote classic-quote&#8216; padding=&#8217;10&#8216;]<\/p>\n<p>[av_textblock ]<br \/>\n<strong>Ashley von Eski-Van<br \/>\nDeutscher Jugendchampion<\/strong><\/p>\n<p>HD &#8211; A<br \/>\nCEA, PRA, Katarakt frei<br \/>\n[\/av_textblock]<\/p>\n<p>[av_textblock]<br \/>\nUnser Ashley war ein ganz besonderer Hund. Einer der alten Riege, einer der Border Collies, die man damals hatte und gerne sehen wollte. Egal ob im Ausstellungsring oder im Sport.<\/p>\n<p>Ashley war immer bereit etwas zu tun, er lebte f\u00fcr ein gemeinsames Spiel, einen langen Spaziergang oder eine ausgiebige Kuschelrunde und das Zusammenleben mit ihm war von der ersten Sekunde an unkompliziert.<\/p>\n<p>Ashley war einer der Buben, die ein Rudel erst komplett machen. Er war schmusig, sensibel, offen &#8211; er war einfach perfekt.<\/p>\n<p>Man wei\u00df es ja, dass es irgendwann so weit ist, kurz vorher wei\u00df man, dass es gleich so weit ist und trotzdem trifft es einen unvorbereitet. Er fehlt so sehr.<br \/>\n[\/av_textblock]<\/p>\n<p>[\/av_one_half][av_hr class=&#8217;default&#8216; height=&#8217;50&#8216; shadow=&#8217;no-shadow&#8216; position=&#8217;center&#8216;]<\/p>\n<p>[av_one_half first]<br \/>\n[av_image src=&#8217;http:\/\/extrahot-bordercollies.de\/wp-content\/uploads\/2010\/04\/09_09_18-09_30_46-DSC_0683-300&#215;200.jpg&#8216; align=&#8217;center&#8216; animation=&#8217;no-animation&#8216; link=&#8220;]<\/p>\n<p>[av_image src=&#8217;http:\/\/extrahot-bordercollies.de\/wp-content\/uploads\/2010\/04\/billy_okt-300&#215;200.jpg&#8216; align=&#8217;center&#8216; animation=&#8217;no-animation&#8216; link=&#8220;]<br \/>\n[\/av_one_half]<\/p>\n<p>[av_one_half]<br \/>\n[av_heading heading=&#8217;Billy&#8216; tag=&#8217;h3&#8242; color=&#8220; style=&#8217;blockquote classic-quote&#8216; padding=&#8217;10&#8216;]<\/p>\n<p>[av_heading heading=&#8217;23.12.1996 &#8211; 17.03.2013&#8242; tag=&#8217;h4&#8242; color=&#8220; style=&#8217;blockquote classic-quote&#8216; padding=&#8217;10&#8216;]<\/p>\n<p>[av_textblock]<br \/>\nBilly war unser erster Border Collie. Sie kam im Alter von 9 Monaten zu uns und war seitdem die Chefin. Billy hatte es nie n\u00f6tig, ihre Stellung klar zu machen, alle haben sie einfach respektiert.<\/p>\n<p>Sie liebte es, stundenlang durch den Garten zu flanieren oder einfach in der Sonne zu liegen. Besonders toll fand sie es auch, die Fische im Gartenteich zu beobachten und beim Spaziergang konnte sie am Feldrand pausenlos nach M\u00e4usen buddeln.<\/p>\n<p>Billy war absolut menschenfreundlich, Besuch hat sie geliebt. Wenn man abends heimkam, hat sie immer voller Freude gequietscht und wollte gestreichelt werden. Wir vermissen sie sehr!<br \/>\n[\/av_textblock]<br \/>\n[\/av_one_half]<\/p>\n<p>[av_hr class=&#8217;default&#8216; height=&#8217;50&#8216; shadow=&#8217;no-shadow&#8216; position=&#8217;center&#8216;]<\/p>\n<p>[av_one_half first]<br \/>\n[av_image src=&#8217;http:\/\/extrahot-bordercollies.de\/wp-content\/uploads\/2010\/04\/DSC_3804-e1271536548703.jpg&#8216; align=&#8217;center&#8216; animation=&#8217;no-animation&#8216; link=&#8220;]<br \/>\n[\/av_one_half]<\/p>\n<p>[av_one_half]<br \/>\n[av_heading heading=&#8217;Bohne&#8216; tag=&#8217;h3&#8242; color=&#8220; style=&#8217;blockquote classic-quote&#8216; padding=&#8217;10&#8216;]<\/p>\n<p>[av_heading heading=&#8217;11.01.1997 &#8211; 15.01.2013&#8242; tag=&#8217;h4&#8242; color=&#8220; style=&#8217;blockquote classic-quote&#8216; padding=&#8217;10&#8216;]<\/p>\n<p>[av_textblock]<br \/>\nBohne kam damals im Alter von etwa 10 Monaten aus dem Tierheim zu uns. Sie hatte bis dahin auf der Stra\u00dfe gelebt und es war schwierig, sie ins h\u00e4usliche Leben zu integrieren.<\/p>\n<p>Mit ihr habe ich meine ersten Schritte im Hundesport gemacht und Bohne war immer bei allem dabei. Sie hatte mehrmals die BH, war 2x Stadtmeister, erfolgreich im Turnierhundesport und hat auch ein bi\u00dfchen Agility gemacht.<\/p>\n<p>Leider erblindete sie bereits im Alter von 6 Jahren, was sie aber nie daran hinderte ein ganz normales Leben zu f\u00fchren. Sie ging sogar sehr lange ohne Leine mit uns spazieren und folgte uns stets auf Schritt und Tritt.<\/p>\n<p>\u200b<br \/>\n[\/av_textblock]<br \/>\n[\/av_one_half]<\/p>\n<p>[av_hr class=&#8217;default&#8216; height=&#8217;50&#8216; shadow=&#8217;no-shadow&#8216; position=&#8217;center&#8216;]<\/p>\n<p>[av_one_half first]<br \/>\n[av_image src=&#8217;http:\/\/extrahot-bordercollies.de\/wp-content\/uploads\/2012\/11\/Fly_HP.jpg&#8216; align=&#8217;center&#8216; animation=&#8217;no-animation&#8216; link=&#8220;]<br \/>\n[\/av_one_half]<\/p>\n<p>[av_one_half]<br \/>\n[av_heading heading=&#8217;Fly von Eski-Van&#8216; tag=&#8217;h3&#8242; color=&#8220; style=&#8217;blockquote classic-quote&#8216; padding=&#8217;10&#8216;]<\/p>\n<p>[av_heading heading=&#8217;01.06.2006 &#8211; 01.11.2012&#8242; tag=&#8217;h4&#8242; color=&#8220; style=&#8217;blockquote classic-quote&#8216; padding=&#8217;10&#8216;]<\/p>\n<p>[av_textblock]<br \/>\nFly war zwar nicht unser eigener Hund, doch hat sie sich einen Platz auf unserer Seite verdient, denn sie hat quasi auch mit zu unserer Familie geh\u00f6rt.<\/p>\n<p>Sie geh\u00f6rte einer sehr guten Freundin und wir haben zusammen trainiert, waren spazieren, haben geclickert oder sa\u00dfen einfach abends zusammen auf der Couch. Au\u00dferdem hat Fly einen Urlaub bei uns verbracht.<\/p>\n<p>Fly war einfach toll im Obedience und lief wundersch\u00f6ne Pr\u00fcfungen. Sie war aufstiegsberechtigt f\u00fcr OB Klasse 2 und es ist so schade, dass wir sie hier nicht mehr bewundern durften.<\/p>\n<p>Leider erkrankte Fly im Alter von etwa 2 Jahren an Epilepsie, so ziemlich das Schlimmste, was einem mit einem jungen Border Collie passieren kann. Ihre Familie hat wirklich alles f\u00fcr sie getan und nichts unversucht gelassen, so dass es ihr zeitweise richtig gut ging und man ihr ihre schwere Krankheit kaum ansah. Fly war so eine K\u00e4mpferin, so tapfer und lebensfroh &#8211; es war einfach so ungerecht.<\/p>\n<p>Letztlich siegte die Krankheit \u00fcber unsere Maus&#8230; Machs gut kleine Fliege!<br \/>\n[\/av_textblock]<br \/>\n[\/av_one_half]<\/p>\n<p>[av_hr class=&#8217;default&#8216; height=&#8217;50&#8216; shadow=&#8217;no-shadow&#8216; position=&#8217;center&#8216;]<\/p>\n","protected":false},"excerpt":{"rendered":"<p>[av_section color=&#8217;main_color&#8216; custom_bg=&#8220; src=&#8220; position=&#8217;top left&#8216; repeat=&#8217;no-repeat&#8216; attach=&#8217;scroll&#8216; padding=&#8217;default&#8216; shadow=&#8217;no-shadow&#8216;][\/av_section] [av_one_full first] [av_textblock ] Das einzig wichtige im Leben\u00a0sind Spuren von Liebe, die wir hinterlassen, wenn wir Abschied nehmen. (Albert Schweizer) [\/av_textblock] [\/av_one_full] [av_one_half first] [av_image src=&#8217;http:\/\/extrahot-bordercollies.de\/wp-content\/uploads\/2013\/05\/Ashley1-300&#215;200.jpg&#8216; align=&#8217;center&#8216; animation=&#8217;no-animation&#8216; link=&#8220;] [av_image src=&#8217;http:\/\/extrahot-bordercollies.de\/wp-content\/uploads\/2010\/10\/Tag2-15-300&#215;200.jpg&#8216; align=&#8217;center&#8216; animation=&#8217;no-animation&#8216; link=&#8220;] [\/av_one_half] [av_one_half] [av_heading heading=&#8217;Ashley&#8216; tag=&#8217;h3&#8242; color=&#8220; style=&#8217;blockquote classic-quote&#8216; padding=&#8217;10&#8216;] [av_heading [&hellip;]<\/p>\n","protected":false},"author":2,"featured_media":0,"parent":1529,"menu_order":6,"comment_status":"open","ping_status":"closed","template":"","meta":{"footnotes":""},"class_list":["post-1621","page","type-page","status-publish","hentry"],"_links":{"self":[{"href":"https:\/\/extrahot-bordercollies.de\/index.php?rest_route=\/wp\/v2\/pages\/1621","targetHints":{"allow":["GET"]}}],"collection":[{"href":"https:\/\/extrahot-bordercollies.de\/index.php?rest_route=\/wp\/v2\/pages"}],"about":[{"href":"https:\/\/extrahot-bordercollies.de\/index.php?rest_route=\/wp\/v2\/types\/page"}],"author":[{"embeddable":true,"href":"https:\/\/extrahot-bordercollies.de\/index.php?rest_route=\/wp\/v2\/users\/2"}],"replies":[{"embeddable":true,"href":"https:\/\/extrahot-bordercollies.de\/index.php?rest_route=%2Fwp%2Fv2%2Fcomments&post=1621"}],"version-history":[{"count":31,"href":"https:\/\/extrahot-bordercollies.de\/index.php?rest_route=\/wp\/v2\/pages\/1621\/revisions"}],"predecessor-version":[{"id":1623,"href":"https:\/\/extrahot-bordercollies.de\/index.php?rest_route=\/wp\/v2\/pages\/1621\/revisions\/1623"}],"up":[{"embeddable":true,"href":"https:\/\/extrahot-bordercollies.de\/index.php?rest_route=\/wp\/v2\/pages\/1529"}],"wp:attachment":[{"href":"https:\/\/extrahot-bordercollies.de\/index.php?rest_route=%2Fwp%2Fv2%2Fmedia&parent=1621"}],"curies":[{"name":"wp","href":"https:\/\/api.w.org\/{rel}","templated":true}]}}