{"id":1533,"date":"2013-05-06T06:13:06","date_gmt":"2013-05-06T04:13:06","guid":{"rendered":"http:\/\/extrahot-bordercollies.de\/?page_id=1533"},"modified":"2015-01-04T13:16:06","modified_gmt":"2015-01-04T11:16:06","slug":"indy","status":"publish","type":"page","link":"https:\/\/extrahot-bordercollies.de\/?page_id=1533","title":{"rendered":"Indy"},"content":{"rendered":"<p>[av_section color=&#8217;main_color&#8216; custom_bg=&#8220; src=&#8220; position=&#8217;top left&#8216; repeat=&#8217;no-repeat&#8216; attach=&#8217;scroll&#8216; padding=&#8217;default&#8216; shadow=&#8217;no-shadow&#8216;]<\/p>\n<p>[av_one_third first]<\/p>\n<p>[av_image src=&#8217;http:\/\/extrahot-bordercollies.de\/wp-content\/uploads\/2013\/05\/DSC_4382-1-300&#215;300.jpg&#8216; attachment=&#8217;2521&#8242; attachment_size=&#8217;medium&#8216; align=&#8217;center&#8216; animation=&#8217;no-animation&#8216; link=&#8220; target=&#8220; styling=&#8220; caption=&#8220; font_size=&#8220; appearance=&#8220;][\/av_image]<\/p>\n<p>[\/av_one_third][av_one_third]<\/p>\n<p>[av_textblock size=&#8220; font_color=&#8220; color=&#8220;]<\/p>\n<p style=\"text-align: left;\"><strong>Begraceful Indiana of Goblin&#8217;s Fountain<\/strong><\/p>\n<p style=\"text-align: left;\"><strong>&#8218;Indy&#8216;<\/strong><\/p>\n<p style=\"text-align: left;\"><strong>* 24.06.2003<\/strong><\/p>\n<p style=\"text-align: left;\">H\u00fcndin, schwarz-wei\u00df<\/p>\n<p style=\"text-align: left;\">HD-B<\/p>\n<p style=\"text-align: left;\">CEA, PRA, Katarakt frei<\/p>\n<p style=\"text-align: left;\">zur Zucht zugelassen<\/p>\n<p>[\/av_textblock]<\/p>\n<p>[\/av_one_third][av_one_third]<\/p>\n<p>[av_image src=&#8217;http:\/\/extrahot-bordercollies.de\/wp-content\/uploads\/2013\/05\/DSC_4347-300&#215;200.jpg&#8216; attachment=&#8217;2525&#8242; attachment_size=&#8217;medium&#8216; align=&#8217;center&#8216; animation=&#8217;no-animation&#8216; link=&#8220; target=&#8220; styling=&#8220; caption=&#8220; font_size=&#8220; appearance=&#8220;][\/av_image]<\/p>\n<p>[\/av_one_third][av_hr class=&#8217;default&#8216; height=&#8217;50&#8216; shadow=&#8217;no-shadow&#8216; position=&#8217;center&#8216;]<\/p>\n<p>[av_three_fourth first]<\/p>\n<p>[av_textblock size=&#8220; font_color=&#8220; color=&#8220;]<br \/>\n\u00dcber Indy zu schreiben ist wirklich\u00a0schwer, weil dieser kleine Hund kaum in Worte zu fassen ist. Schon beim ersten Bild, das ich von ihr gesehen habe, wusste ich trotzdem irgendwie, dass sie zu uns geh\u00f6rt.<\/p>\n<p>Schon immer war Indy ein wenig anders als die Anderen. Fast immer lag sie abseits, kam oft nicht wenn man sie rief und bewegte sich seltsam. Es ist schwierig zu sagen, ob sie einfach etwas stur ist oder ob manche\u00a0Dinge nicht ganz bis zu ihr durchdringen.\u00a0Indy lebt bis heute in ihrer kleinen Indy-Welt, die nicht jeder versteht und an der nicht jeder teilhaben darf.<\/p>\n<p>Mit f\u00fcnf Wochen hat sie angefangen, zu jeder Gelegenheit ihren Kopf zu drehen.\u00a0Das ist wirklich eine s\u00fc\u00dfe Angewohnheit und wir haben uns mittlerweile daran gew\u00f6hnt, aber Fremde kann sie damit schon ziemlich in Verz\u00fcckung versetzen.<br \/>\n[\/av_textblock]<\/p>\n<p>[\/av_three_fourth][av_one_fourth]<\/p>\n<p>[av_image src=&#8217;http:\/\/extrahot-bordercollies.de\/wp-content\/uploads\/2010\/04\/Indy_September2-200&#215;300.jpg&#8216; align=&#8217;center&#8216; animation=&#8217;no-animation&#8216; link=&#8220;]<\/p>\n<p>[\/av_one_fourth][av_one_third first]<\/p>\n<p>[av_image src=&#8217;http:\/\/extrahot-bordercollies.de\/wp-content\/uploads\/2013\/05\/Indy-300&#215;200.jpg&#8216; align=&#8217;center&#8216; animation=&#8217;no-animation&#8216; link=&#8220;]<\/p>\n<p>[\/av_one_third][av_one_third]<\/p>\n<p>[av_image src=&#8217;http:\/\/extrahot-bordercollies.de\/wp-content\/uploads\/2010\/04\/Indy-Oktober-2010-2-300&#215;200.jpg&#8216; align=&#8217;center&#8216; animation=&#8217;no-animation&#8216; link=&#8220;]<\/p>\n<p>[\/av_one_third][av_one_third]<\/p>\n<p>[av_image src=&#8217;http:\/\/extrahot-bordercollies.de\/wp-content\/uploads\/2013\/05\/Indy4.jpg&#8216; align=&#8217;center&#8216; animation=&#8217;no-animation&#8216; link=&#8220;]<\/p>\n<p>[\/av_one_third][av_one_full first]<\/p>\n<p>[av_textblock size=&#8220; font_color=&#8220; color=&#8220;]<br \/>\nIndy ist unser kleiner Clown und wo sie ist, regiert das Chaos. Wenn ihr langweilig ist, ist nichts vor ihr sicher. Sie schleppt dann bevorzugt irgendwelche schweren Gegenst\u00e4nde durch die Gegend, l\u00e4sst sie lautstark fallen oder r\u00e4umt den M\u00fclleimer aus. Hauptsache es f\u00e4llt allen ihre Unzufriedenheit auf!<\/p>\n<p>Indy ist nicht leicht zu trainieren, oft steht sie sich mit ihrer Begeisterung selbst im Weg. Sie braucht lange, um eine \u00dcbung zu verstehen. Manchmal passiert es, dass sie nach 100 Wiederholungen auf einmal vergessen hat, worum es eigentlich ging.<\/p>\n<p>Aber am Ende, wenn sie wirklich verstanden hat, worum es geht, f\u00fchrt sie alles zuverl\u00e4ssig und in wahnsinnigem Tempo aus.<br \/>\n[\/av_textblock]<\/p>\n<p>[\/av_one_full][av_one_third first]<\/p>\n<p>[av_image src=&#8217;http:\/\/extrahot-bordercollies.de\/wp-content\/uploads\/2010\/04\/Indy-Oktober-2010-3-e1368048079167.jpg&#8216; align=&#8217;center&#8216; animation=&#8217;no-animation&#8216; link=&#8220;]<\/p>\n<p>[\/av_one_third][av_two_third]<\/p>\n<p>[av_textblock size=&#8220; font_color=&#8220; color=&#8220;]<br \/>\nIndy zu trainieren ist lustig, man braucht meist viel Humor und Geduld, aber Spa\u00df macht es auf jeden Fall!<\/p>\n<p>Indy im Alltag ist\u00a0manchmal schon\u00a0anstrengend. Sie ist fernab von\u00a0`normal` und lebt in ihrem privaten kleinen Universum, das aus Schlafen, D\u00f6sen, Essen und trampeligen\u00a0aber sehr liebensw\u00fcrdigen Kuschelanf\u00e4llen besteht.<br \/>\nSie mag nicht so gerne Gassi gehen und entscheidet am liebsten selber, wann sie mitgeht und wann nicht. Hat sie Lust auf Wald und frische Luft, l\u00e4uft sie auch gerne stundenlang und beschn\u00fcffelt intensiv jeden Grashalm am Wegrand. Ist sie nicht in Spazier-Laune, dreht sie einfach um und wartet auf unsere R\u00fcckkehr am Gartentor.<\/p>\n<p>Indys Begeisterungsf\u00e4higkeit kennt allerdings keine Grenzen, sie ist wirklich f\u00fcr jeden Bl\u00f6dsinn zu haben. Noch dazu macht sie alles auf so eine ulkige Art und Weise, dass man meistens nur dar\u00fcber\u00a0lachen kann. Nicht selten legt sie ungewollte Stunts ein und \u00fcberhaupt passen Indy und Alltag so gar nicht zusammen. Indy kann aus ziemlich jeder normalen Situation eine ganz spezielle Situation machen.<\/p>\n<p>Indy hat sich zu einer total niedlichen und liebenswerten Border Collie Oma entwickelt und ist mittlerweile in Rente. Gerne macht sie aber\u00a0nebenbei etwas Quatsch wenn die anderen M\u00e4dels trainiert werden. Auch ihren Job als Ablenkung nimmt sie nat\u00fcrlich nicht Ernst und dropselt weiterhin so durch die Gegend. Gesundheitlich geht es ihr zum Gl\u00fcck sehr gut, nur das Geh\u00f6r l\u00e4sst schon etwas nach.<br \/>\n[\/av_textblock]<\/p>\n<p>[\/av_two_third][\/av_section]<\/p>\n","protected":false},"excerpt":{"rendered":"<p>[av_section color=&#8217;main_color&#8216; custom_bg=&#8220; src=&#8220; position=&#8217;top left&#8216; repeat=&#8217;no-repeat&#8216; attach=&#8217;scroll&#8216; padding=&#8217;default&#8216; shadow=&#8217;no-shadow&#8216;] [av_one_third first] [av_image src=&#8217;http:\/\/extrahot-bordercollies.de\/wp-content\/uploads\/2013\/05\/DSC_4382-1-300&#215;300.jpg&#8216; attachment=&#8217;2521&#8242; attachment_size=&#8217;medium&#8216; align=&#8217;center&#8216; animation=&#8217;no-animation&#8216; link=&#8220; target=&#8220; styling=&#8220; caption=&#8220; font_size=&#8220; appearance=&#8220;][\/av_image] [\/av_one_third][av_one_third] [av_textblock size=&#8220; font_color=&#8220; color=&#8220;] Begraceful Indiana of Goblin&#8217;s Fountain &#8218;Indy&#8216; * 24.06.2003 H\u00fcndin, schwarz-wei\u00df HD-B CEA, PRA, Katarakt frei zur Zucht zugelassen [\/av_textblock] [\/av_one_third][av_one_third] [av_image src=&#8217;http:\/\/extrahot-bordercollies.de\/wp-content\/uploads\/2013\/05\/DSC_4347-300&#215;200.jpg&#8216; attachment=&#8217;2525&#8242; attachment_size=&#8217;medium&#8216; align=&#8217;center&#8216; animation=&#8217;no-animation&#8216; [&hellip;]<\/p>\n","protected":false},"author":2,"featured_media":0,"parent":1529,"menu_order":2,"comment_status":"open","ping_status":"closed","template":"","meta":{"footnotes":""},"class_list":["post-1533","page","type-page","status-publish","hentry"],"_links":{"self":[{"href":"https:\/\/extrahot-bordercollies.de\/index.php?rest_route=\/wp\/v2\/pages\/1533","targetHints":{"allow":["GET"]}}],"collection":[{"href":"https:\/\/extrahot-bordercollies.de\/index.php?rest_route=\/wp\/v2\/pages"}],"about":[{"href":"https:\/\/extrahot-bordercollies.de\/index.php?rest_route=\/wp\/v2\/types\/page"}],"author":[{"embeddable":true,"href":"https:\/\/extrahot-bordercollies.de\/index.php?rest_route=\/wp\/v2\/users\/2"}],"replies":[{"embeddable":true,"href":"https:\/\/extrahot-bordercollies.de\/index.php?rest_route=%2Fwp%2Fv2%2Fcomments&post=1533"}],"version-history":[{"count":19,"href":"https:\/\/extrahot-bordercollies.de\/index.php?rest_route=\/wp\/v2\/pages\/1533\/revisions"}],"predecessor-version":[{"id":1677,"href":"https:\/\/extrahot-bordercollies.de\/index.php?rest_route=\/wp\/v2\/pages\/1533\/revisions\/1677"}],"up":[{"embeddable":true,"href":"https:\/\/extrahot-bordercollies.de\/index.php?rest_route=\/wp\/v2\/pages\/1529"}],"wp:attachment":[{"href":"https:\/\/extrahot-bordercollies.de\/index.php?rest_route=%2Fwp%2Fv2%2Fmedia&parent=1533"}],"curies":[{"name":"wp","href":"https:\/\/api.w.org\/{rel}","templated":true}]}}