{"id":1531,"date":"2013-05-06T06:12:15","date_gmt":"2013-05-06T04:12:15","guid":{"rendered":"http:\/\/extrahot-bordercollies.de\/?page_id=1531"},"modified":"2014-06-28T21:08:49","modified_gmt":"2014-06-28T19:08:49","slug":"ashley","status":"publish","type":"page","link":"https:\/\/extrahot-bordercollies.de\/?page_id=1531","title":{"rendered":"Ashley"},"content":{"rendered":"<p>[av_section color=&#8217;main_color&#8216; custom_bg=&#8220; src=&#8220; position=&#8217;top left&#8216; repeat=&#8217;no-repeat&#8216; attach=&#8217;scroll&#8216; padding=&#8217;default&#8216; shadow=&#8217;no-shadow&#8216;]<br \/>\n[av_one_third first]<\/p>\n<p>[av_image src=&#8217;http:\/\/extrahot-bordercollies.de\/wp-content\/uploads\/2010\/04\/Ashley-Oktober-2010-e1368043552463-300&#215;276.jpg&#8216; align=&#8217;center&#8216; animation=&#8217;no-animation&#8216; link=&#8220;]<\/p>\n<p>[\/av_one_third][av_one_third]<\/p>\n<p>[av_textblock ]<br \/>\n<strong>Ashley von Eski-Van<\/strong><\/p>\n<p><strong>&#8218;Ashley&#8216;<\/strong><\/p>\n<p><strong>* 08.10.1998<\/strong><\/p>\n<p>R\u00fcde, schwarz-wei\u00df<\/p>\n<p>HD &#8211; A<\/p>\n<p>CEA, PRA, Katarakt frei<br \/>\n[\/av_textblock]<\/p>\n<p>[\/av_one_third][av_one_third]<\/p>\n<p>[av_textblock]<\/p>\n<p style=\"text-align: center;\"><strong><span style=\"font-family: Lobster, cursive; font-size: large;\">&#8218;Ihr sagt, er scheint\u00a0<\/span><span style=\"font-family: Lobster, cursive; font-size: large;\">verr\u00fcckt zu sein &#8211;\u00a0<\/span><span style=\"font-family: Lobster, cursive; font-size: large;\">das kommt daher, weil die Musik,\u00a0<\/span><span style=\"font-family: Lobster, cursive; font-size: large;\">zu der er tanzt,\u00a0<\/span><span style=\"font-family: Lobster, cursive; font-size: large;\">f\u00fcr eure Ohren nicht geschaffen ist.&#8216;<\/span><\/strong><\/p>\n<p style=\"text-align: center;\"><strong><span style=\"font-family: Lobster, cursive; font-size: large;\">Rumi, das Lied der Liebe<\/span><\/strong><\/p>\n<p style=\"text-align: center;\"><strong>\u00a0<\/strong><\/p>\n<p>[\/av_textblock]<\/p>\n<p>[\/av_one_third][av_hr class=&#8217;default&#8216; height=&#8217;50&#8216; shadow=&#8217;no-shadow&#8216; position=&#8217;center&#8216;]<\/p>\n<p>[av_three_fourth first]<\/p>\n<p>[av_textblock]<br \/>\n<span style=\"font-family: Enriqueta, serif; font-size: small;\">Sir Ashley, unser Hahn im Korb, ist immer gut gelaunt, hat Power ohne Ende und ist unser Schmuseb\u00e4r.<br \/>\n<\/span><span style=\"font-family: Enriqueta, serif;\">Er liebt das Leben und alles, was damit zusammen h\u00e4ngt. Ashley ist f\u00fcr jeden Bl\u00f6dsinn und jede Aktivit\u00e4t zu haben. Man muss schon genau hinsehen, um feststellen zu k\u00f6nnen, was er mag und was nicht so gerne, denn er ist bei jeder Aufgabe mit Leib und Seele dabei und gibt immer alles.<\/span><\/p>\n<p><span style=\"font-family: Enriqueta, serif;\">Ashley hat den Hundesport geliebt und war \u00fcberall mit voller Hingabe dabei. Mittlerweile ist er aber im Ruhestand.<\/span><\/p>\n<p><span style=\"font-family: Enriqueta, serif;\">Er hat die Begleithundepr\u00fcfung bestanden, Turnierhundesport, Agility und Obedience betrieben und in Flyball reingeschnuppert. F\u00fcr seine Frisbee oder seinen Ball hat er immer alles getan und hatte leuchtende Augen.<\/span><\/p>\n<p>Ashley liebt es, wenn man ihm den Kopf und die Backen schrubbt und dann grunzt er ganz laut. \u00dcberhaupt ist Ashley kein wirklich sanfter Schmuser. Wenn man ihn streichelt, dr\u00fcckt er sich so fest es geht gegen die H\u00e4nde.<br \/>\n[\/av_textblock]<\/p>\n<p>[\/av_three_fourth][av_one_fourth]<\/p>\n<p>[av_image src=&#8217;http:\/\/extrahot-bordercollies.de\/wp-content\/uploads\/2010\/04\/Ashley-Oktober-2010-2-e1368044977608.jpg&#8216; align=&#8217;center&#8216; animation=&#8217;no-animation&#8216; link=&#8220;]<\/p>\n<p>[\/av_one_fourth][av_one_third first]<\/p>\n<p>[av_image src=&#8217;http:\/\/extrahot-bordercollies.de\/wp-content\/uploads\/2010\/04\/09_09_15-11_11_47-DSC_04713-300&#215;200.jpg&#8216; align=&#8217;center&#8216; animation=&#8217;no-animation&#8216; link=&#8220;]<\/p>\n<p>[\/av_one_third][av_one_third]<\/p>\n<p>[av_image src=&#8217;http:\/\/extrahot-bordercollies.de\/wp-content\/uploads\/2010\/04\/09_09_15-11_09_49-DSC_0450-e1271703892489-300&#215;208.jpg&#8216; align=&#8217;center&#8216; animation=&#8217;no-animation&#8216; link=&#8220;]<\/p>\n<p>[\/av_one_third][av_one_third]<\/p>\n<p>[av_image src=&#8217;http:\/\/extrahot-bordercollies.de\/wp-content\/uploads\/2010\/04\/09_09_18-09_21_23-DSC_06172-e1271703988718-300&#215;208.jpg&#8216; align=&#8217;center&#8216; animation=&#8217;no-animation&#8216; link=&#8220;]<\/p>\n<p>[\/av_one_third][av_textblock]<br \/>\nAshley ist ein eher sensibler R\u00fcde, er versteht sich immer gut mit allen Hunden. Niemals ist er aggressiv, sucht Streit oder p\u00f6belt. Ashley will stets gefallen und folgt weil er es gerne tut. Der Alltag mit ihm ist wirklich einfach!<\/p>\n<p>Mittlerweile ist Ashley schon \u00fcber 14 Jahre alt und wir hoffen noch auf eine lange gemeinsame Zeit!<br \/>\n[\/av_textblock]<br \/>\n[\/av_section]<\/p>\n","protected":false},"excerpt":{"rendered":"<p>[av_section color=&#8217;main_color&#8216; custom_bg=&#8220; src=&#8220; position=&#8217;top left&#8216; repeat=&#8217;no-repeat&#8216; attach=&#8217;scroll&#8216; padding=&#8217;default&#8216; shadow=&#8217;no-shadow&#8216;] [av_one_third first] [av_image src=&#8217;http:\/\/extrahot-bordercollies.de\/wp-content\/uploads\/2010\/04\/Ashley-Oktober-2010-e1368043552463-300&#215;276.jpg&#8216; align=&#8217;center&#8216; animation=&#8217;no-animation&#8216; link=&#8220;] [\/av_one_third][av_one_third] [av_textblock ] Ashley von Eski-Van &#8218;Ashley&#8216; * 08.10.1998 R\u00fcde, schwarz-wei\u00df HD &#8211; A CEA, PRA, Katarakt frei [\/av_textblock] [\/av_one_third][av_one_third] [av_textblock] &#8218;Ihr sagt, er scheint\u00a0verr\u00fcckt zu sein &#8211;\u00a0das kommt daher, weil die Musik,\u00a0zu der er tanzt,\u00a0f\u00fcr eure Ohren [&hellip;]<\/p>\n","protected":false},"author":2,"featured_media":0,"parent":1621,"menu_order":1,"comment_status":"open","ping_status":"closed","template":"","meta":{"footnotes":""},"class_list":["post-1531","page","type-page","status-publish","hentry"],"_links":{"self":[{"href":"https:\/\/extrahot-bordercollies.de\/index.php?rest_route=\/wp\/v2\/pages\/1531","targetHints":{"allow":["GET"]}}],"collection":[{"href":"https:\/\/extrahot-bordercollies.de\/index.php?rest_route=\/wp\/v2\/pages"}],"about":[{"href":"https:\/\/extrahot-bordercollies.de\/index.php?rest_route=\/wp\/v2\/types\/page"}],"author":[{"embeddable":true,"href":"https:\/\/extrahot-bordercollies.de\/index.php?rest_route=\/wp\/v2\/users\/2"}],"replies":[{"embeddable":true,"href":"https:\/\/extrahot-bordercollies.de\/index.php?rest_route=%2Fwp%2Fv2%2Fcomments&post=1531"}],"version-history":[{"count":56,"href":"https:\/\/extrahot-bordercollies.de\/index.php?rest_route=\/wp\/v2\/pages\/1531\/revisions"}],"predecessor-version":[{"id":1620,"href":"https:\/\/extrahot-bordercollies.de\/index.php?rest_route=\/wp\/v2\/pages\/1531\/revisions\/1620"}],"up":[{"embeddable":true,"href":"https:\/\/extrahot-bordercollies.de\/index.php?rest_route=\/wp\/v2\/pages\/1621"}],"wp:attachment":[{"href":"https:\/\/extrahot-bordercollies.de\/index.php?rest_route=%2Fwp%2Fv2%2Fmedia&parent=1531"}],"curies":[{"name":"wp","href":"https:\/\/api.w.org\/{rel}","templated":true}]}}