{"id":1524,"date":"2013-05-05T23:15:39","date_gmt":"2013-05-05T21:15:39","guid":{"rendered":"http:\/\/extrahot-bordercollies.de\/?page_id=1524"},"modified":"2017-02-22T14:59:28","modified_gmt":"2017-02-22T12:59:28","slug":"zoom","status":"publish","type":"page","link":"https:\/\/extrahot-bordercollies.de\/?page_id=1524","title":{"rendered":"Zoom"},"content":{"rendered":"<p>[av_section color=&#8217;main_color&#8216; custom_bg=&#8220; src=&#8220; position=&#8217;top left&#8216; repeat=&#8217;no-repeat&#8216; attach=&#8217;scroll&#8216; padding=&#8217;default&#8216; shadow=&#8217;no-shadow&#8216;]<\/p>\n<p>[av_one_third first]<\/p>\n<p>[av_image src=&#8217;http:\/\/extrahot-bordercollies.de\/wp-content\/uploads\/2015\/01\/DSC_3981-300&#215;300.jpg&#8216; attachment=&#8217;2601&#8242; attachment_size=&#8217;medium&#8216; align=&#8217;center&#8216; animation=&#8217;no-animation&#8216; link=&#8220; target=&#8220; styling=&#8220; caption=&#8220; font_size=&#8220; appearance=&#8220;][\/av_image]<\/p>\n<p>[av_image src=&#8217;http:\/\/extrahot-bordercollies.de\/wp-content\/uploads\/2015\/01\/DSC_3972-300&#215;300.jpg&#8216; attachment=&#8217;2599&#8242; attachment_size=&#8217;medium&#8216; align=&#8217;center&#8216; animation=&#8217;no-animation&#8216; link=&#8220; target=&#8220; styling=&#8220; caption=&#8220; font_size=&#8220; appearance=&#8220;][\/av_image]<\/p>\n<p>[\/av_one_third][av_one_third min_height=&#8220; vertical_alignment=&#8220; space=&#8220; custom_margin=&#8220; margin=&#8217;0px&#8216; padding=&#8217;0px&#8216; border=&#8220; border_color=&#8220; radius=&#8217;0px&#8216; background_color=&#8220; src=&#8220; background_position=&#8217;top left&#8216; background_repeat=&#8217;no-repeat&#8216; animation=&#8220; mobile_display=&#8220;]<\/p>\n<p>[av_textblock size=&#8220; font_color=&#8220; color=&#8220;]<br \/>\n<strong>Extra Hot Aribibi<\/strong><\/p>\n<p><strong>&#8218;Zoom&#8216;<\/strong><\/p>\n<p><strong>* 04.02.2013<\/strong><\/p>\n<p>VDH\/ZBrH BOC 16545<\/p>\n<p>H\u00fcndin, schwarz-wei\u00df<\/p>\n<p>HD &#8211; A1<br \/>\nED 0\/0<\/p>\n<p>CEA genetisch normal<br \/>\nfrei von erblichen Augenkrankheiten<br \/>\nTNS genetisch normal<br \/>\nMDR 1 +\/+<br \/>\nIGS genetisch normal<\/p>\n<p>vollzahniges Scherengebi\u00df<\/p>\n<p>50,5 cm<\/p>\n<p>K\u00f6rklasse 2<\/p>\n<p>BH &#8211; VT<br \/>\nAgility 1<\/p>\n<p>Mutter unseres\u00a0<a href=\"http:\/\/extrahot-bordercollies.de\/?page_id=3040\">C-Wurf<\/a><br \/>\n[\/av_textblock]<\/p>\n<p>[\/av_one_third][av_one_third min_height=&#8220; vertical_alignment=&#8220; space=&#8220; custom_margin=&#8220; margin=&#8217;0px&#8216; padding=&#8217;0px&#8216; border=&#8220; border_color=&#8220; radius=&#8217;0px&#8216; background_color=&#8220; src=&#8220; background_position=&#8217;top left&#8216; background_repeat=&#8217;no-repeat&#8216; animation=&#8220; mobile_display=&#8220;]<\/p>\n<p>[av_image src=&#8217;http:\/\/extrahot-bordercollies.de\/wp-content\/uploads\/2013\/05\/DSC_5281-300&#215;200.jpg&#8216; attachment=&#8217;2839&#8242; attachment_size=&#8217;medium&#8216; align=&#8217;center&#8216; animation=&#8217;no-animation&#8216; link=&#8220; target=&#8220; styling=&#8220; caption=&#8220; font_size=&#8220; appearance=&#8220;][\/av_image]<\/p>\n<p>[av_hr class=&#8217;default&#8216; height=&#8217;50&#8216; shadow=&#8217;no-shadow&#8216; position=&#8217;center&#8216;]<\/p>\n<p>[av_button label=&#8217;Pedigree&#8216; link=&#8217;page,3085&#8242; link_target=&#8220; size=&#8217;medium&#8216; position=&#8217;center&#8216; icon_select=&#8217;no&#8216; icon=&#8217;25&#8216; font=&#8217;entypo-fontello&#8216; color=&#8217;theme-color&#8216; custom_bg=&#8217;#444444&#8242; custom_font=&#8217;#ffffff&#8216;]<\/p>\n<p>[av_button label=&#8217;Sport&#8216; link=&#8217;page,2028&#8242; link_target=&#8220; color=&#8217;theme-color&#8216; custom_bg=&#8217;#444444&#8242; custom_font=&#8217;#ffffff&#8216; size=&#8217;medium&#8216; position=&#8217;center&#8216; icon_select=&#8217;no&#8216; icon=&#8217;25&#8216;]<\/p>\n<p>[av_hr class=&#8217;default&#8216; height=&#8217;50&#8216; shadow=&#8217;no-shadow&#8216; position=&#8217;center&#8216;]<\/p>\n<p>[av_textblock size=&#8220; font_color=&#8220; color=&#8220;]<\/p>\n<p style=\"text-align: center;\"><span style=\"font-family: Lobster, cursive; font-size: large;\"><b>&#8222;Walking with a friend in the dark is better than\u00a0walking alone in the light.&#8220;<\/b><\/span><\/p>\n<p>[\/av_textblock]<\/p>\n<p>[\/av_one_third][av_hr class=&#8217;default&#8216; height=&#8217;50&#8216; shadow=&#8217;no-shadow&#8216; position=&#8217;center&#8216;]<\/p>\n<p>[av_one_fourth first]<\/p>\n<p>[av_image src=&#8217;http:\/\/extrahot-bordercollies.de\/wp-content\/uploads\/2013\/05\/ZoomiG4.jpg&#8216; align=&#8217;center&#8216; animation=&#8217;no-animation&#8216; link=&#8220;]<\/p>\n<p>[\/av_one_fourth][av_one_fourth min_height=&#8220; vertical_alignment=&#8220; space=&#8220; custom_margin=&#8220; margin=&#8217;0px&#8216; padding=&#8217;0px&#8216; border=&#8220; border_color=&#8220; radius=&#8217;0px&#8216; background_color=&#8220; src=&#8220; background_position=&#8217;top left&#8216; background_repeat=&#8217;no-repeat&#8216; animation=&#8220; mobile_display=&#8220;]<\/p>\n<p>[av_image src=&#8217;http:\/\/extrahot-bordercollies.de\/wp-content\/uploads\/2013\/05\/Zoom_G2.jpg&#8216; align=&#8217;center&#8216; animation=&#8217;no-animation&#8216; link=&#8220;]<\/p>\n<p>[\/av_one_fourth][av_one_fourth min_height=&#8220; vertical_alignment=&#8220; space=&#8220; custom_margin=&#8220; margin=&#8217;0px&#8216; padding=&#8217;0px&#8216; border=&#8220; border_color=&#8220; radius=&#8217;0px&#8216; background_color=&#8220; src=&#8220; background_position=&#8217;top left&#8216; background_repeat=&#8217;no-repeat&#8216; animation=&#8220; mobile_display=&#8220;]<\/p>\n<p>[av_image src=&#8217;http:\/\/extrahot-bordercollies.de\/wp-content\/uploads\/2013\/05\/Zommi_G7.jpg&#8216; align=&#8217;center&#8216; animation=&#8217;no-animation&#8216; link=&#8220;]<\/p>\n<p>[\/av_one_fourth][av_one_fourth min_height=&#8220; vertical_alignment=&#8220; space=&#8220; custom_margin=&#8220; margin=&#8217;0px&#8216; padding=&#8217;0px&#8216; border=&#8220; border_color=&#8220; radius=&#8217;0px&#8216; background_color=&#8220; src=&#8220; background_position=&#8217;top left&#8216; background_repeat=&#8217;no-repeat&#8216; animation=&#8220; mobile_display=&#8220;]<\/p>\n<p>[av_image src=&#8217;http:\/\/extrahot-bordercollies.de\/wp-content\/uploads\/2013\/05\/Zoomi_G5.jpg&#8216; align=&#8217;center&#8216; animation=&#8217;no-animation&#8216; link=&#8220;]<\/p>\n<p>[\/av_one_fourth][av_one_third first]<\/p>\n<p>[av_image src=&#8217;http:\/\/extrahot-bordercollies.de\/wp-content\/uploads\/2013\/05\/Zoom-e1368097149839.jpg&#8216; align=&#8217;center&#8216; animation=&#8217;no-animation&#8216; link=&#8220;]<\/p>\n<p>[\/av_one_third][av_two_third min_height=&#8220; vertical_alignment=&#8220; space=&#8220; custom_margin=&#8220; margin=&#8217;0px&#8216; padding=&#8217;0px&#8216; border=&#8220; border_color=&#8220; radius=&#8217;0px&#8216; background_color=&#8220; src=&#8220; background_position=&#8217;top left&#8216; background_repeat=&#8217;no-repeat&#8216; animation=&#8220; mobile_display=&#8220;]<\/p>\n<p>[av_textblock size=&#8220; font_color=&#8220; color=&#8220;]<br \/>\nZoom ist eine Tochter unserer Spicy aus der Verbindung mit Llangadog Gary und sie erf\u00fcllt ihren &#8218;Job&#8216; als Spiceling einfach hervorragend!<br \/>\nSeitdem sie auf unsere Welt gepurzelt ist, hing unser Herz ganz besonders an ihr und es war fast unvermeidbar, dass sie bleibt.<br \/>\nBereits in der Wurfkiste beim Milch zapfen und mit ihren Geschwistern war sie sehr durchsetzungsf\u00e4hig und -willig. Mit 5,5 Wochen zergelte sie am Tuggy als ginge es um Alles oder Nichts.<\/p>\n<p>Schon als Welpe war Zoom absolut unerschrocken, konzentrationsf\u00e4hig und lernbegierig. Alles was man ihr zeigt, lernt sie quasi im Vorbeigehen. Sie ist unglaublich einfach zu trainieren!<\/p>\n<p>Die Welpenzeit mit ihr war absolut sch\u00f6n, denn sie war so ein witziger Welpe, neugierig, st\u00e4ndig mit neuen Ideen unterwegs und ein unschlagbares Team mit ihrer &#8218;Schwester&#8216; Quiz. Zoom war schnell stubenrein und h\u00f6rt beim Spaziergang aufs Wort ohne eine Bezahlung daf\u00fcr zu wollen.<br \/>\nAus dem kleinen schwarzen Maulwurf ist mittlerweile ein wundersch\u00f6ner Junghund geworden, der wild &#8211; manchmal ein wenig r\u00fcpelhaft &#8211; durchs Leben st\u00fcrmt. Zoom ist im richtigen Ma\u00dfe sensibel und kann Kritik sehr gut wegstecken ohne dass die Motivation oder der Spa\u00df leidet.<br \/>\n[\/av_textblock]<\/p>\n<p>[\/av_two_third][av_one_third first]<\/p>\n<p>[av_image src=&#8217;http:\/\/extrahot-bordercollies.de\/wp-content\/uploads\/2013\/05\/Zoomi_G7.jpg&#8216; align=&#8217;center&#8216; animation=&#8217;no-animation&#8216; link=&#8220;]<\/p>\n<p>[\/av_one_third][av_one_third min_height=&#8220; vertical_alignment=&#8220; space=&#8220; custom_margin=&#8220; margin=&#8217;0px&#8216; padding=&#8217;0px&#8216; border=&#8220; border_color=&#8220; radius=&#8217;0px&#8216; background_color=&#8220; src=&#8220; background_position=&#8217;top left&#8216; background_repeat=&#8217;no-repeat&#8216; animation=&#8220; mobile_display=&#8220;]<\/p>\n<p>[av_image src=&#8217;http:\/\/extrahot-bordercollies.de\/wp-content\/uploads\/2013\/05\/Zoomi_G81.jpg&#8216; align=&#8217;center&#8216; animation=&#8217;no-animation&#8216; link=&#8220;]<\/p>\n<p>[\/av_one_third][av_one_third min_height=&#8220; vertical_alignment=&#8220; space=&#8220; custom_margin=&#8220; margin=&#8217;0px&#8216; padding=&#8217;0px&#8216; border=&#8220; border_color=&#8220; radius=&#8217;0px&#8216; background_color=&#8220; src=&#8220; background_position=&#8217;top left&#8216; background_repeat=&#8217;no-repeat&#8216; animation=&#8220; mobile_display=&#8220;]<\/p>\n<p>[av_image src=&#8217;http:\/\/extrahot-bordercollies.de\/wp-content\/uploads\/2013\/05\/20130501_141042-300&#215;200.jpg&#8216; align=&#8217;center&#8216; animation=&#8217;no-animation&#8216; link=&#8220;]<\/p>\n<p>[\/av_one_third][av_two_third first]<\/p>\n<p>[av_textblock size=&#8220; font_color=&#8220; color=&#8220;]<br \/>\nZoom ist wie ihre Mama Spicy in jungen Jahren ein wahres Fliegengewicht und momentan noch recht leicht und schmal gebaut. Sie ist wahnsinnig schnell, wendig und hat ein kaum zu stillendes Bewegungsbed\u00fcrfnis. Man muss\u00a0sie immer wieder mal\u00a0daran erinnern, dass es nicht n\u00f6tig ist, st\u00e4ndig hin- und herzulaufen.<br \/>\nAu\u00dferdem ist sie in keinster Weise hitzeempfindlich und brutzelt am liebsten zusammen mit Spicy in der prallen Sonne auf der Terrasse.<br \/>\n[\/av_textblock]<\/p>\n<p>[av_textblock size=&#8220; font_color=&#8220; color=&#8220;]<br \/>\nDass Zoomi Wasser mag, hatten wir ja erwartet&#8230; aber dass sie derma\u00dfen wassern\u00e4rrisch ist nicht. Sobald irgendwo in der N\u00e4he Wasser lockt, gibt es kein Halten mehr. Mit einem lauten Platsch ist sie dann weg und zieht ihre Bahnen.<br \/>\nSchon als Welpe hat sie m\u00fchelos Spicy \u00fcberholt, die eigentlich schon eine ausgezeichnete Schwimmerin ist.<\/p>\n<p>Ansonsten ist Zoom sehr schmusig, auch wenn es ihre Zeit nicht oft zul\u00e4sst. Am liebsten klettert sie komplett auf einen drauf und schmust wie wild.<br \/>\n[\/av_textblock]<\/p>\n<p>[av_textblock size=&#8220; font_color=&#8220; color=&#8220;]<\/p>\n<p>Von Anfang an war Zoom \u00fcberall dabei und es gab nie irgendein Problem, sie ist die ideale Reisebegleitung. Mit 4 Monaten war sie mit uns in Holland, mit 5,5 Monaten im Wales-Urlaub und mit 8 Monaten in England. Sie liebt es wegzufahren und sobald der Camper beladen wird, ist sie bereit.<\/p>\n<p>So ein Zoom ist schon eine wahnsinnige Bereicherung f\u00fcr ein Rudel!<br \/>\n[\/av_textblock]<\/p>\n<p>[\/av_two_third][av_one_third min_height=&#8220; vertical_alignment=&#8220; space=&#8220; custom_margin=&#8220; margin=&#8217;0px&#8216; padding=&#8217;0px&#8216; border=&#8220; border_color=&#8220; radius=&#8217;0px&#8216; background_color=&#8220; src=&#8220; background_position=&#8217;top left&#8216; background_repeat=&#8217;no-repeat&#8216; animation=&#8220; mobile_display=&#8220;]<\/p>\n<p>[av_image src=&#8217;http:\/\/extrahot-bordercollies.de\/wp-content\/uploads\/2013\/05\/20130708_141722.jpg&#8216; align=&#8217;center&#8216; animation=&#8217;no-animation&#8216; link=&#8220;]<\/p>\n<p>[av_image src=&#8217;http:\/\/extrahot-bordercollies.de\/wp-content\/uploads\/2014\/06\/20131019_114003.jpg&#8216; align=&#8217;center&#8216; animation=&#8217;no-animation&#8216; link=&#8220;]<\/p>\n<p>[\/av_one_third][av_one_full first]<\/p>\n<p>[av_gallery ids=&#8217;2225,2226,2227,2228,2229,2230,2231,2232,2515,2516,2517,2518,2519,2608,2607,2605,2603,2602,2601,2600,2599,2598,2595,2762,2763&#8242; style=&#8217;thumbnails&#8216; preview_size=&#8217;portfolio&#8216; crop_big_preview_thumbnail=&#8217;avia-gallery-big-crop-thumb&#8216; thumb_size=&#8217;portfolio&#8216; columns=&#8217;5&#8242; imagelink=&#8217;lightbox&#8216; lazyload=&#8217;avia_lazyload&#8216;]<\/p>\n<p>[\/av_one_full][\/av_section]<\/p>\n","protected":false},"excerpt":{"rendered":"<p>[av_section color=&#8217;main_color&#8216; custom_bg=&#8220; src=&#8220; position=&#8217;top left&#8216; repeat=&#8217;no-repeat&#8216; attach=&#8217;scroll&#8216; padding=&#8217;default&#8216; shadow=&#8217;no-shadow&#8216;] [av_one_third first] [av_image src=&#8217;http:\/\/extrahot-bordercollies.de\/wp-content\/uploads\/2015\/01\/DSC_3981-300&#215;300.jpg&#8216; attachment=&#8217;2601&#8242; attachment_size=&#8217;medium&#8216; align=&#8217;center&#8216; animation=&#8217;no-animation&#8216; link=&#8220; target=&#8220; styling=&#8220; caption=&#8220; font_size=&#8220; appearance=&#8220;][\/av_image] [av_image src=&#8217;http:\/\/extrahot-bordercollies.de\/wp-content\/uploads\/2015\/01\/DSC_3972-300&#215;300.jpg&#8216; attachment=&#8217;2599&#8242; attachment_size=&#8217;medium&#8216; align=&#8217;center&#8216; animation=&#8217;no-animation&#8216; link=&#8220; target=&#8220; styling=&#8220; caption=&#8220; font_size=&#8220; appearance=&#8220;][\/av_image] [\/av_one_third][av_one_third min_height=&#8220; vertical_alignment=&#8220; space=&#8220; custom_margin=&#8220; margin=&#8217;0px&#8216; padding=&#8217;0px&#8216; border=&#8220; border_color=&#8220; radius=&#8217;0px&#8216; background_color=&#8220; src=&#8220; background_position=&#8217;top left&#8216; background_repeat=&#8217;no-repeat&#8216; animation=&#8220; mobile_display=&#8220;] [av_textblock size=&#8220; [&hellip;]<\/p>\n","protected":false},"author":2,"featured_media":0,"parent":1529,"menu_order":5,"comment_status":"open","ping_status":"closed","template":"","meta":{"footnotes":""},"class_list":["post-1524","page","type-page","status-publish","hentry"],"_links":{"self":[{"href":"https:\/\/extrahot-bordercollies.de\/index.php?rest_route=\/wp\/v2\/pages\/1524","targetHints":{"allow":["GET"]}}],"collection":[{"href":"https:\/\/extrahot-bordercollies.de\/index.php?rest_route=\/wp\/v2\/pages"}],"about":[{"href":"https:\/\/extrahot-bordercollies.de\/index.php?rest_route=\/wp\/v2\/types\/page"}],"author":[{"embeddable":true,"href":"https:\/\/extrahot-bordercollies.de\/index.php?rest_route=\/wp\/v2\/users\/2"}],"replies":[{"embeddable":true,"href":"https:\/\/extrahot-bordercollies.de\/index.php?rest_route=%2Fwp%2Fv2%2Fcomments&post=1524"}],"version-history":[{"count":50,"href":"https:\/\/extrahot-bordercollies.de\/index.php?rest_route=\/wp\/v2\/pages\/1524\/revisions"}],"predecessor-version":[{"id":3147,"href":"https:\/\/extrahot-bordercollies.de\/index.php?rest_route=\/wp\/v2\/pages\/1524\/revisions\/3147"}],"up":[{"embeddable":true,"href":"https:\/\/extrahot-bordercollies.de\/index.php?rest_route=\/wp\/v2\/pages\/1529"}],"wp:attachment":[{"href":"https:\/\/extrahot-bordercollies.de\/index.php?rest_route=%2Fwp%2Fv2%2Fmedia&parent=1524"}],"curies":[{"name":"wp","href":"https:\/\/api.w.org\/{rel}","templated":true}]}}