{"id":1381,"date":"2013-01-31T22:48:34","date_gmt":"2013-01-31T20:48:34","guid":{"rendered":"http:\/\/extrahot-bordercollies.de\/?page_id=1381"},"modified":"2017-02-22T15:03:13","modified_gmt":"2017-02-22T13:03:13","slug":"quiz","status":"publish","type":"page","link":"https:\/\/extrahot-bordercollies.de\/?page_id=1381","title":{"rendered":"Quizzy"},"content":{"rendered":"<p>[av_section color=&#8217;main_color&#8216; custom_bg=&#8220; src=&#8220; position=&#8217;top left&#8216; repeat=&#8217;no-repeat&#8216; attach=&#8217;scroll&#8216; padding=&#8217;default&#8216; shadow=&#8217;no-shadow&#8216;]<\/p>\n<p>[av_one_third first]<\/p>\n<p>[av_image src=&#8217;http:\/\/extrahot-bordercollies.de\/wp-content\/uploads\/2013\/01\/DSC_4992-1-180&#215;180.jpg&#8216; attachment=&#8217;2752&#8242; attachment_size=&#8217;square&#8216; align=&#8217;center&#8216; animation=&#8217;no-animation&#8216; link=&#8220; target=&#8220; styling=&#8220; caption=&#8220; font_size=&#8220; appearance=&#8220;][\/av_image]<\/p>\n<p>[av_image src=&#8217;http:\/\/extrahot-bordercollies.de\/wp-content\/uploads\/2013\/05\/IMG_4817-180&#215;180.jpg&#8216; attachment=&#8217;2383&#8242; attachment_size=&#8217;square&#8216; align=&#8217;center&#8216; animation=&#8217;no-animation&#8216; link=&#8220; target=&#8220; styling=&#8220; caption=&#8220; font_size=&#8220; appearance=&#8220;][\/av_image]<\/p>\n<p>[\/av_one_third][av_one_third min_height=&#8220; vertical_alignment=&#8220; space=&#8220; custom_margin=&#8220; margin=&#8217;0px&#8216; padding=&#8217;0px&#8216; border=&#8220; border_color=&#8220; radius=&#8217;0px&#8216; background_color=&#8220; src=&#8220; background_position=&#8217;top left&#8216; background_repeat=&#8217;no-repeat&#8216; animation=&#8220; mobile_display=&#8220;]<\/p>\n<p>[av_textblock size=&#8220; font_color=&#8220; color=&#8220;]<br \/>\n<strong>Nidderdale Quiz<\/strong><\/p>\n<p><strong>&#8218;Quizzy&#8216;<\/strong><\/p>\n<p><strong>* 02.08.2012<\/strong><\/p>\n<p>ISDS 323840<br \/>\nKCR AQ0902841<br \/>\nVDH\/ZBrH BOC 17350<\/p>\n<p>H\u00fcndin, schwarz-wei\u00df<\/p>\n<p>HD &#8211; B1<br \/>\nED 0\/0<\/p>\n<p>CEA genetisch normal<\/p>\n<p>vollzahniges Scherengebi\u00df<\/p>\n<p>BH &#8211; VT<\/p>\n<p>Quiz ist nicht in der Zucht<br \/>\n[\/av_textblock]<\/p>\n<p>[\/av_one_third][av_one_third min_height=&#8220; vertical_alignment=&#8220; space=&#8220; custom_margin=&#8220; margin=&#8217;0px&#8216; padding=&#8217;0px&#8216; border=&#8220; border_color=&#8220; radius=&#8217;0px&#8216; background_color=&#8220; src=&#8220; background_position=&#8217;top left&#8216; background_repeat=&#8217;no-repeat&#8216; animation=&#8220; mobile_display=&#8220;]<\/p>\n<p>[av_image src=&#8217;http:\/\/extrahot-bordercollies.de\/wp-content\/uploads\/2013\/01\/DSC_4808-300&#215;200.jpg&#8216; attachment=&#8217;2753&#8242; attachment_size=&#8217;medium&#8216; align=&#8217;center&#8216; animation=&#8217;no-animation&#8216; link=&#8220; target=&#8220; styling=&#8220; caption=&#8220; font_size=&#8220; appearance=&#8220;][\/av_image]<\/p>\n<p>[av_hr class=&#8217;default&#8216; height=&#8217;50&#8216; shadow=&#8217;no-shadow&#8216; position=&#8217;center&#8216; custom_border=&#8217;av-border-thin&#8216; custom_width=&#8217;50px&#8216; custom_border_color=&#8220; custom_margin_top=&#8217;30px&#8216; custom_margin_bottom=&#8217;30px&#8216; icon_select=&#8217;yes&#8216; custom_icon_color=&#8220; icon=&#8217;ue808&#8242;]<\/p>\n<p>[av_button label=&#8217;Pedigree&#8216; link=&#8217;page,1971&#8242; link_target=&#8220; color=&#8217;theme-color&#8216; custom_bg=&#8217;#444444&#8242; custom_font=&#8217;#ffffff&#8216; size=&#8217;medium&#8216; position=&#8217;center&#8216; icon_select=&#8217;no&#8216; icon=&#8217;25&#8216;]<\/p>\n<p>[av_button label=&#8217;Sport&#8216; link=&#8217;page,1964&#8242; link_target=&#8220; color=&#8217;theme-color&#8216; custom_bg=&#8217;#444444&#8242; custom_font=&#8217;#ffffff&#8216; size=&#8217;medium&#8216; position=&#8217;center&#8216; icon_select=&#8217;no&#8216; icon=&#8217;25&#8216;]<\/p>\n<p>[\/av_one_third][av_hr class=&#8217;default&#8216; height=&#8217;50&#8216; shadow=&#8217;no-shadow&#8216; position=&#8217;center&#8216;]<\/p>\n<p>[av_textblock size=&#8220; font_color=&#8220; color=&#8220;]<\/p>\n<p style=\"text-align: center;\"><span style=\"font-family: Lobster, cursive; font-size: large;\"><b>&#8222;Don&#8217;t walk behind me; I may not lead. Don&#8217;t walk in front of me; I may not follow.<br \/>\nJust walk beside me and be my friend.&#8220;<\/b><\/span><\/p>\n<p>[\/av_textblock]<\/p>\n<p>[av_hr class=&#8217;default&#8216; height=&#8217;50&#8216; shadow=&#8217;no-shadow&#8216; position=&#8217;center&#8216;]<\/p>\n<p>[av_one_fourth first]<\/p>\n<p>[av_image src=&#8217;http:\/\/extrahot-bordercollies.de\/wp-content\/uploads\/2013\/01\/Quiz4-e1368080019676.jpg&#8216; align=&#8217;center&#8216; animation=&#8217;no-animation&#8216; link=&#8220;]<\/p>\n<p>[\/av_one_fourth][av_one_fourth min_height=&#8220; vertical_alignment=&#8220; space=&#8220; custom_margin=&#8220; margin=&#8217;0px&#8216; padding=&#8217;0px&#8216; border=&#8220; border_color=&#8220; radius=&#8217;0px&#8216; background_color=&#8220; src=&#8220; background_position=&#8217;top left&#8216; background_repeat=&#8217;no-repeat&#8216; animation=&#8220; mobile_display=&#8220;]<\/p>\n<p>[av_image src=&#8217;http:\/\/extrahot-bordercollies.de\/wp-content\/uploads\/2013\/01\/Quiz6-e1368080069961.jpg&#8216; align=&#8217;center&#8216; animation=&#8217;no-animation&#8216; link=&#8220;]<\/p>\n<p>[\/av_one_fourth][av_one_half min_height=&#8220; vertical_alignment=&#8220; space=&#8220; custom_margin=&#8220; margin=&#8217;0px&#8216; padding=&#8217;0px&#8216; border=&#8220; border_color=&#8220; radius=&#8217;0px&#8216; background_color=&#8220; src=&#8220; background_position=&#8217;top left&#8216; background_repeat=&#8217;no-repeat&#8216; animation=&#8220; mobile_display=&#8220;]<\/p>\n<p>[av_textblock size=&#8220; font_color=&#8220; color=&#8220;]<br \/>\nMit 9 Wochen kam Quiz nach Deutschland und seitdem rast sie hier im Eiltempo durch unseren Alltag.<\/p>\n<p>Quiz ist laut, aufdringlich, wuselig, frech und hemmungslos &#8211; und sie ist einfach s\u00fc\u00df!\u00a0So anstrengend wie sie auch ist, sie hat einfach eine so putzige und liebenswerte Art &#8211; ich bin total vernarrt in sie!<\/p>\n<p>Quiz wurde in Wales geboren und hat dort die ersten 9 Wochen ihres Lebens verbracht. Kennengelernt hat sie in dieser Zeit nicht wirklich viel und trotzdem ist sie\u00a0wahnsinnig neugierig und offen f\u00fcr alles.<\/p>\n<p>Das ist etwas, was mich wirklich richtig fasziniert an ihr. Man merkt ihr ihre Irritation \u00fcber neue Sachen deutlich an, aber nur eine Sekunde und schon ist sie unterwegs, um es zu erkunden.<br \/>\n[\/av_textblock]<\/p>\n<p>[\/av_one_half][av_two_third first]<\/p>\n<p>[av_textblock size=&#8220; font_color=&#8220; color=&#8220;]<br \/>\nQ liebt Menschen \u00fcber alles und ist bei Spazierg\u00e4ngen derzeit noch nicht wirklich zu bremsen, wenn wir Spazierg\u00e4nger, Radfahrer, Jogger oder irgendwen treffen.<\/p>\n<p>Ihr Sozialverhalten mit anderen Hunden ist wirklich tadellos. Sie ist h\u00f6flich zur\u00fcckhaltend und gar nicht draufg\u00e4ngerisch.<br \/>\nAu\u00dfer ihrem Aussehen hat sie von Papa Int. Sup. Ch. Mirk auch die mentale St\u00e4rke und das freche Wesen geerbt. Quiz ist nicht sehr weich, was ihre Erziehung nicht so einfach macht.<\/p>\n<p>Sie hat sehr klare Vorstellungen, wie ihr Alltag aussehen soll und versucht sich bei vielen Gelegenheiten durchzusetzen.<br \/>\nIm Training macht sie sich mittlerweile sehr, sehr gut. Sie ist noch recht leicht abzulenken und hat keine gro\u00dfe Frustrationstoleranz, aber es wird alles schon viel besser.<br \/>\nIhre Lust aufs Training ist einfach nur gigantisch und man k\u00f6nnte den ganzen Tag mit ihr arbeiten. Au\u00dferdem hat sie ein riesiges Bewegungsbed\u00fcrfnis.<br \/>\n[\/av_textblock]<\/p>\n<p>[av_hr class=&#8217;default&#8216; height=&#8217;50&#8216; shadow=&#8217;no-shadow&#8216; position=&#8217;center&#8216; custom_border=&#8217;av-border-thin&#8216; custom_width=&#8217;50px&#8216; custom_border_color=&#8220; custom_margin_top=&#8217;30px&#8216; custom_margin_bottom=&#8217;30px&#8216; icon_select=&#8217;yes&#8216; custom_icon_color=&#8220; icon=&#8217;ue808&#8242;]<\/p>\n<p>[av_textblock size=&#8220; font_color=&#8220; color=&#8220;]<\/p>\n<p style=\"text-align: center;\"><strong><span style=\"font-family: Lobster, cursive; font-size: large;\">&#8218;Es gibt kein gro\u00dfes Genie ohne einen Schuss Verr\u00fccktheit.&#8216;<\/span><\/strong><\/p>\n<p style=\"text-align: center;\"><strong><span style=\"font-family: Lobster, cursive; font-size: large;\">Aristoteles<\/span><\/strong><\/p>\n<p>[\/av_textblock]<\/p>\n<p>[\/av_two_third][av_one_third min_height=&#8220; vertical_alignment=&#8220; space=&#8220; custom_margin=&#8220; margin=&#8217;0px&#8216; padding=&#8217;0px&#8216; border=&#8220; border_color=&#8220; radius=&#8217;0px&#8216; background_color=&#8220; src=&#8220; background_position=&#8217;top left&#8216; background_repeat=&#8217;no-repeat&#8216; animation=&#8220; mobile_display=&#8220;]<\/p>\n<p>[av_image src=&#8217;http:\/\/extrahot-bordercollies.de\/wp-content\/uploads\/2015\/01\/DSC_4127-300&#215;200.jpg&#8216; attachment=&#8217;2611&#8242; attachment_size=&#8217;medium&#8216; align=&#8217;center&#8216; animation=&#8217;no-animation&#8216; link=&#8220; target=&#8220; styling=&#8220; caption=&#8220; font_size=&#8220; appearance=&#8220;][\/av_image]<\/p>\n<p>[av_image src=&#8217;http:\/\/extrahot-bordercollies.de\/wp-content\/uploads\/2015\/01\/DSC_4137-300&#215;200.jpg&#8216; attachment=&#8217;2613&#8242; attachment_size=&#8217;medium&#8216; align=&#8217;center&#8216; animation=&#8217;no-animation&#8216; link=&#8220; target=&#8220; styling=&#8220; caption=&#8220; font_size=&#8220; appearance=&#8220;][\/av_image]<\/p>\n<p>[\/av_one_third][av_one_half first]<\/p>\n<p>[av_image src=&#8217;http:\/\/extrahot-bordercollies.de\/wp-content\/uploads\/2015\/01\/DSC_4120-1030&#215;686.jpg&#8216; attachment=&#8217;2609&#8242; attachment_size=&#8217;large&#8216; align=&#8217;center&#8216; animation=&#8217;no-animation&#8216; link=&#8220; target=&#8220; styling=&#8220; caption=&#8220; font_size=&#8220; appearance=&#8220;][\/av_image]<\/p>\n<p>[\/av_one_half][av_one_half min_height=&#8220; vertical_alignment=&#8220; space=&#8220; custom_margin=&#8220; margin=&#8217;0px&#8216; padding=&#8217;0px&#8216; border=&#8220; border_color=&#8220; radius=&#8217;0px&#8216; background_color=&#8220; src=&#8220; background_position=&#8217;top left&#8216; background_repeat=&#8217;no-repeat&#8216; animation=&#8220; mobile_display=&#8220;]<\/p>\n<p>[av_textblock size=&#8220; font_color=&#8220; color=&#8220;]<br \/>\nIch trainiere Quiz derzeit im Obedience, au\u00dferdem machen wir verschiedene Shaping\u00fcbungen. Sie ist wahnsinnig clever und hat einen riesigen Spa\u00df daran, wenn sie kombinieren darf. Au\u00dferdem trainieren wir viel das K\u00f6rpergef\u00fchl.<\/p>\n<p>Unser Fokus lag in der ersten Zeit haupts\u00e4chlich darauf, dass sie lernt Ruhe zu bewahren und zu entspannen und nicht beim kleinsten Reiz gleich zu 1000% einsatzbereit zu sein. Quiz hat wirklich einen Hang zu Verr\u00fccktheit und wildem Aktionismus und sie einfach total witzig.<\/p>\n<p>Was die Zukunft bringt, wird sich zeigen. Fest angedacht ist es nicht, sie an den Schafen zu trainieren, komplett ausschlie\u00dfen m\u00f6chte ich es allerdings auch nicht.<\/p>\n<p>Es hat gut 6 Monate gedauert, bis Q sich endlich mal die Zeit nehmen konnte, um f\u00fcr 1-2 Minuten auf meinen Scho\u00df zu klettern und sich schmusen zu lassen. Seitdem sind das die Momente, die wir beide wohl am meisten genie\u00dfen.<br \/>\nEs gibt Hunde wie Spicy, die alles tun um zu gefallen, und es gibt Hunde wie Quizzy, die frei sind und unabh\u00e4ngig. Sie sind deshalb nicht weniger wertvoll oder liebenswert, man muss sie nur komplett anders behandeln.<\/p>\n<p>Danke kleine Quizzy, dass ich in der kurzen Zeit schon so viel von Dir lernen durfte!<br \/>\n[\/av_textblock]<\/p>\n<p>[\/av_one_half][\/av_section][av_one_full first]<br \/>\n[av_textblock ]<br \/>\n<strong>Update August 2013<\/strong><br \/>\n[\/av_textblock]<br \/>\n[\/av_one_full]<\/p>\n<p>[av_one_third first]<br \/>\n[av_image src=&#8217;http:\/\/extrahot-bordercollies.de\/wp-content\/uploads\/2013\/01\/DSC_4424-300&#215;200.jpg&#8216; attachment=&#8217;2556&#8242; attachment_size=&#8217;medium&#8216; align=&#8217;center&#8216; animation=&#8217;no-animation&#8216; link=&#8220; target=&#8220; styling=&#8220; caption=&#8220; font_size=&#8220; appearance=&#8220;][\/av_image]<br \/>\n[\/av_one_third]<\/p>\n<p>[av_one_third min_height=&#8220; vertical_alignment=&#8220; space=&#8220; custom_margin=&#8220; margin=&#8217;0px&#8216; padding=&#8217;0px&#8216; border=&#8220; border_color=&#8220; radius=&#8217;0px&#8216; background_color=&#8220; src=&#8220; background_position=&#8217;top left&#8216; background_repeat=&#8217;no-repeat&#8216; animation=&#8220; mobile_display=&#8220;]<br \/>\n[av_image src=&#8217;http:\/\/extrahot-bordercollies.de\/wp-content\/uploads\/2013\/01\/20130717_171242-300&#215;200.jpg&#8216; align=&#8217;center&#8216; animation=&#8217;no-animation&#8216; link=&#8220;]<br \/>\n[\/av_one_third]<\/p>\n<p>[av_one_third min_height=&#8220; vertical_alignment=&#8220; space=&#8220; custom_margin=&#8220; margin=&#8217;0px&#8216; padding=&#8217;0px&#8216; border=&#8220; border_color=&#8220; radius=&#8217;0px&#8216; background_color=&#8220; src=&#8220; background_position=&#8217;top left&#8216; background_repeat=&#8217;no-repeat&#8216; animation=&#8220; mobile_display=&#8220;]<br \/>\n[av_image src=&#8217;http:\/\/extrahot-bordercollies.de\/wp-content\/uploads\/2015\/01\/DSC_3925-300&#215;200.jpg&#8216; attachment=&#8217;2594&#8242; attachment_size=&#8217;medium&#8216; align=&#8217;center&#8216; animation=&#8217;no-animation&#8216; link=&#8220; target=&#8220; styling=&#8220; caption=&#8220; font_size=&#8220; appearance=&#8220;][\/av_image]<br \/>\n[\/av_one_third]<\/p>\n<p>[av_one_full first]<br \/>\n[av_textblock size=&#8220; font_color=&#8220; color=&#8220;]<br \/>\nQuiz ist jetzt 12 Monate alt und der Alltag mit ihr ist mittlerweile einfach sch\u00f6n.<br \/>\nSie ist superbrav beim Spazieren gehen, sie h\u00f6rt sofort und ist einfach Lebensfreude pur. Den Tag, an dem Quizzy schlecht gelaunt ist, wird es wohl nicht geben.<\/p>\n<p>Im Haus ist sie, sofern nicht Besuch da ist und sie ihre Party feiert, sehr ruhig und schl\u00e4ft viel auf ihrem Lieblingsplatz in der K\u00fcche. Mit Zoom vertreibt sie sich den Rest der Zeit und die beiden kugeln durchs Haus und sind unzertrennlich. Es wird wohl noch einige Zeit vergehen, bis sie erwachsen ist.<\/p>\n<p>Qupi ist ein kleiner Clown, ein Matschb\u00e4r, ein Troll, ein Wirbelwind, eine wilde Hummel, ein Schnuckelchen, ein Schreihals und die Zeit mit ihr ist so sch\u00f6n!!<br \/>\n[\/av_textblock]<br \/>\n[\/av_one_full]<\/p>\n<p>[av_one_full first]<br \/>\n[av_gallery ids=&#8217;2206,2205,2204,2203,2202,2201,2200,2199,2198,2197,2196,2195,2194,2193,2192,2554,2555,2556,2613,2612,2611,2609,2606,2594,2754,2755,2756,2753,2752&#8242; style=&#8217;thumbnails&#8216; preview_size=&#8217;portfolio&#8216; crop_big_preview_thumbnail=&#8217;avia-gallery-big-crop-thumb&#8216; thumb_size=&#8217;portfolio&#8216; columns=&#8217;5&#8242; imagelink=&#8217;lightbox&#8216; lazyload=&#8217;avia_lazyload&#8216;]<br \/>\n[\/av_one_full]<\/p>\n","protected":false},"excerpt":{"rendered":"<p>[av_section color=&#8217;main_color&#8216; custom_bg=&#8220; src=&#8220; position=&#8217;top left&#8216; repeat=&#8217;no-repeat&#8216; attach=&#8217;scroll&#8216; padding=&#8217;default&#8216; shadow=&#8217;no-shadow&#8216;] [av_one_third first] [av_image src=&#8217;http:\/\/extrahot-bordercollies.de\/wp-content\/uploads\/2013\/01\/DSC_4992-1-180&#215;180.jpg&#8216; attachment=&#8217;2752&#8242; attachment_size=&#8217;square&#8216; align=&#8217;center&#8216; animation=&#8217;no-animation&#8216; link=&#8220; target=&#8220; styling=&#8220; caption=&#8220; font_size=&#8220; appearance=&#8220;][\/av_image] [av_image src=&#8217;http:\/\/extrahot-bordercollies.de\/wp-content\/uploads\/2013\/05\/IMG_4817-180&#215;180.jpg&#8216; attachment=&#8217;2383&#8242; attachment_size=&#8217;square&#8216; align=&#8217;center&#8216; animation=&#8217;no-animation&#8216; link=&#8220; target=&#8220; styling=&#8220; caption=&#8220; font_size=&#8220; appearance=&#8220;][\/av_image] [\/av_one_third][av_one_third min_height=&#8220; vertical_alignment=&#8220; space=&#8220; custom_margin=&#8220; margin=&#8217;0px&#8216; padding=&#8217;0px&#8216; border=&#8220; border_color=&#8220; radius=&#8217;0px&#8216; background_color=&#8220; src=&#8220; background_position=&#8217;top left&#8216; background_repeat=&#8217;no-repeat&#8216; animation=&#8220; mobile_display=&#8220;] [av_textblock size=&#8220; [&hellip;]<\/p>\n","protected":false},"author":2,"featured_media":0,"parent":1529,"menu_order":4,"comment_status":"open","ping_status":"closed","template":"","meta":{"footnotes":""},"class_list":["post-1381","page","type-page","status-publish","hentry"],"_links":{"self":[{"href":"https:\/\/extrahot-bordercollies.de\/index.php?rest_route=\/wp\/v2\/pages\/1381","targetHints":{"allow":["GET"]}}],"collection":[{"href":"https:\/\/extrahot-bordercollies.de\/index.php?rest_route=\/wp\/v2\/pages"}],"about":[{"href":"https:\/\/extrahot-bordercollies.de\/index.php?rest_route=\/wp\/v2\/types\/page"}],"author":[{"embeddable":true,"href":"https:\/\/extrahot-bordercollies.de\/index.php?rest_route=\/wp\/v2\/users\/2"}],"replies":[{"embeddable":true,"href":"https:\/\/extrahot-bordercollies.de\/index.php?rest_route=%2Fwp%2Fv2%2Fcomments&post=1381"}],"version-history":[{"count":61,"href":"https:\/\/extrahot-bordercollies.de\/index.php?rest_route=\/wp\/v2\/pages\/1381\/revisions"}],"predecessor-version":[{"id":3152,"href":"https:\/\/extrahot-bordercollies.de\/index.php?rest_route=\/wp\/v2\/pages\/1381\/revisions\/3152"}],"up":[{"embeddable":true,"href":"https:\/\/extrahot-bordercollies.de\/index.php?rest_route=\/wp\/v2\/pages\/1529"}],"wp:attachment":[{"href":"https:\/\/extrahot-bordercollies.de\/index.php?rest_route=%2Fwp%2Fv2%2Fmedia&parent=1381"}],"curies":[{"name":"wp","href":"https:\/\/api.w.org\/{rel}","templated":true}]}}